{"id":35392,"date":"2025-12-12T09:05:17","date_gmt":"2025-12-12T09:05:17","guid":{"rendered":"https:\/\/ohrija.com\/?post_type=product&#038;p=35392"},"modified":"2026-02-10T19:19:38","modified_gmt":"2026-02-10T19:19:38","slug":"ohrija-48v-lithium-golf-cart-battery-chargers","status":"publish","type":"product","link":"https:\/\/ohrija.com\/de\/produkt\/ohrija-48v-lithium-golf-cart-battery-chargers\/","title":{"rendered":"OHRIJA 54,75 V 15 A Golfwagen-Ladeger\u00e4te 48 V Lithium-Golfwagen-Batterieladeger\u00e4te Lifepo4 Golfwagen-Ladeger\u00e4te"},"content":{"rendered":"<h4><span style=\"color: #ff0000;\">Warnung<\/span><\/h4>\n<p>Bitte \u00fcberpr\u00fcfen Sie die erforderlichen Parameter, den Eingangsstecker und den Ausgangsstecker. Wenn Sie diese nicht best\u00e4tigen k\u00f6nnen, kaufen Sie das Produkt bitte nicht und wenden Sie sich an den Kundendienst, um Unterst\u00fctzung zu erhalten. Vielen Dank!<br \/>\n1. Nicht in Umgebungen mit hohen Temperaturen, Dunkelheit und Feuchtigkeit verwenden.<br \/>\n2. Bewahren Sie es in einer gut bel\u00fcfteten Umgebung auf.<br \/>\n3. Von brennbaren und explosiven Gegenst\u00e4nden fernhalten.<\/p>\n<h4>Produktparameter<\/h4>\n<p>Produktmodell: HRH900N<br \/>\nProduktmaterial: Geh\u00e4use aus Aluminiumlegierung<br \/>\nAusgangsspannung: maximal 54,75 \u00b10,2 V<br \/>\nAusgangsstrom: maximal 15 A \u00b10,2 A<br \/>\nProduktgr\u00f6\u00dfe: 212 \u00d7 93,5 \u00d7 60 mm, 1,2 kg<br \/>\nGeeigneter Batterietyp: 15S 48V Lifepo4-Batterie<br \/>\nLeistung: maximal 900 W<br \/>\nFarbe: schwarz<br \/>\nEingangsstecker: US, EU, UK, AU (w\u00e4hlen Sie den richtigen Stecker gem\u00e4\u00df den \u00f6rtlichen Normen)<br \/>\nAusgangsanschluss: CLUB CAR (101828901) | YAMAHA G19 (2PIN YAMAHA) (JR1-H235A-00 | EZGO 48V TXT (DC Powerwise Ladeger\u00e4testecker (rechteckiger Steckergriff) (73051-G20) |EZGO RXV (611219) | YAMAHA G29 (3-polig YAMAHA) (JW9-82174-00) | Crowfoot (EX-0005) (w\u00e4hlen Sie den richtigen Anschluss entsprechend dem Batterieanschluss)<br \/>\nLieferumfang: Ladeger\u00e4t * 1, DC-Ausgangskabel 1 m * 1, Eingangskabel 1 m * 1, Bedienungsanleitung * 1<br \/>\nGeeignete Ger\u00e4te: 15-Zellen-Lifepo4-Akku, vollst\u00e4ndig geladen bei 54,75 V \u00b10,2 V.<\/p>","protected":false},"excerpt":{"rendered":"<p>54,75 V, 15 A Golfwagen-Ladeger\u00e4te, Aluminiumlegierung, k\u00f6nnen 48-V-Lifepo4-Batterien laden<\/p>","protected":false},"featured_media":35454,"comment_status":"open","ping_status":"closed","template":"","meta":[],"product_cat":[299,310],"product_tag":[],"class_list":{"0":"post-35392","1":"product","2":"type-product","3":"status-publish","4":"has-post-thumbnail","6":"product_brand-ohrija","7":"product_cat-48v-golf-charger","8":"product_cat-48v-lifepo4-golf-charger","9":"product_shipping_class-600w","11":"first","12":"instock","13":"taxable","14":"shipping-taxable","15":"purchasable","16":"product-type-variable","17":"wvs-archive-product-wrapper","18":"col-xs-6 col-sm-4","19":"col-md-3 col-lg-3","20":"un-4-cols"},"jetpack_sharing_enabled":true,"_links":{"self":[{"href":"https:\/\/ohrija.com\/de\/wp-json\/wp\/v2\/product\/35392","targetHints":{"allow":["GET"]}}],"collection":[{"href":"https:\/\/ohrija.com\/de\/wp-json\/wp\/v2\/product"}],"about":[{"href":"https:\/\/ohrija.com\/de\/wp-json\/wp\/v2\/types\/product"}],"replies":[{"embeddable":true,"href":"https:\/\/ohrija.com\/de\/wp-json\/wp\/v2\/comments?post=35392"}],"version-history":[{"count":0,"href":"https:\/\/ohrija.com\/de\/wp-json\/wp\/v2\/product\/35392\/revisions"}],"wp:featuredmedia":[{"embeddable":true,"href":"https:\/\/ohrija.com\/de\/wp-json\/wp\/v2\/media\/35454"}],"wp:attachment":[{"href":"https:\/\/ohrija.com\/de\/wp-json\/wp\/v2\/media?parent=35392"}],"wp:term":[{"taxonomy":"product_cat","embeddable":true,"href":"https:\/\/ohrija.com\/de\/wp-json\/wp\/v2\/product_cat?post=35392"},{"taxonomy":"product_tag","embeddable":true,"href":"https:\/\/ohrija.com\/de\/wp-json\/wp\/v2\/product_tag?post=35392"}],"curies":[{"name":"wp","href":"https:\/\/api.w.org\/{rel}","templated":true}]}}