{"id":33639,"date":"2025-12-06T08:21:49","date_gmt":"2025-12-06T08:21:49","guid":{"rendered":"https:\/\/ohrija.com\/?post_type=product&#038;p=33639"},"modified":"2025-12-06T08:36:53","modified_gmt":"2025-12-06T08:36:53","slug":"ohrija-36v-lead-acid-battery-charger-36v-18a-charger","status":"publish","type":"product","link":"https:\/\/ohrija.com\/de\/produkt\/ohrija-36v-lead-acid-battery-charger-36v-18a-charger\/","title":{"rendered":"OHRIJA 36V Blei-S\u00e4ure-Batterieladeger\u00e4t Das 36V 18A Ladeger\u00e4t eignet sich f\u00fcr 3S 12V Blei-S\u00e4ure-Ladeger\u00e4te."},"content":{"rendered":"<h4><span style=\"color: #ff0000;\">Warnung<\/span><\/h4>\n<p>Bitte \u00fcberpr\u00fcfen Sie die erforderlichen Parameter, den Eingangsstecker und den Ausgangsstecker. Wenn Sie diese nicht best\u00e4tigen k\u00f6nnen, kaufen Sie das Produkt bitte nicht und wenden Sie sich an den Kundendienst, um Unterst\u00fctzung zu erhalten. Vielen Dank!<br \/>\n1. Nicht in Umgebungen mit hohen Temperaturen, Dunkelheit und Feuchtigkeit verwenden.<br \/>\n2. Bewahren Sie es in einer gut bel\u00fcfteten Umgebung auf.<br \/>\n3. Von brennbaren und explosiven Gegenst\u00e4nden fernhalten.<\/p>\n<h4>Produktparameter<\/h4>\n<p>Produktmodell: HRH900N<br \/>\nProduktmaterial: Geh\u00e4use aus Aluminiumlegierung<br \/>\nAusgangsspannung: maximal 44,1 V \u00b10,2 V<br \/>\nAusgangsstrom: maximal 18 A \u00b10,2 A<br \/>\nProduktgr\u00f6\u00dfe: 212 \u00d7 93,5 \u00d7 60 mm, 1,2 kg<br \/>\nGeeigneter Batterietyp: 3S 36V Blei-S\u00e4ure-Batterie<br \/>\nLeistung: maximal 756 W<br \/>\nFarbe: schwarz<br \/>\nEingangsstecker: US, EU, UK, AU (w\u00e4hlen Sie den richtigen Stecker gem\u00e4\u00df den \u00f6rtlichen Normen)<br \/>\nAusgangsanschluss: XT60 | XT90 | Krokodilklemme | 45 A | Anderson 50 A | Drahtklemme | KEIN STECKER (w\u00e4hlen Sie den richtigen Anschluss entsprechend dem Batterieanschluss)<br \/>\nLieferumfang: Ladeger\u00e4t * 1, DC-Ausgangskabel 1 m * 1, Eingangskabel 1 m * 1, Bedienungsanleitung * 1<br \/>\nGeeignete Ger\u00e4te: 3-Zellen-Blei-S\u00e4ure-Batterie, vollst\u00e4ndig geladen bei 41,4 V \u00b10,2 V.<\/p>","protected":false},"excerpt":{"rendered":"<p>36-V-Blei-S\u00e4ure-Batterieladeger\u00e4t, Aluminiumlegierung, kann 36-V-Blei-S\u00e4ure-Batterien laden<\/p>","protected":false},"featured_media":34299,"comment_status":"open","ping_status":"closed","template":"","meta":[],"product_cat":[294],"product_tag":[],"class_list":{"0":"post-33639","1":"product","2":"type-product","3":"status-publish","4":"has-post-thumbnail","6":"product_brand-ohrija","7":"product_cat-6s-36v-41-4v-charger","8":"product_shipping_class-600w","10":"first","11":"instock","12":"taxable","13":"shipping-taxable","14":"purchasable","15":"product-type-variable","16":"wvs-archive-product-wrapper","17":"col-xs-6 col-sm-4","18":"col-md-3 col-lg-3","19":"un-4-cols"},"jetpack_sharing_enabled":true,"_links":{"self":[{"href":"https:\/\/ohrija.com\/de\/wp-json\/wp\/v2\/product\/33639","targetHints":{"allow":["GET"]}}],"collection":[{"href":"https:\/\/ohrija.com\/de\/wp-json\/wp\/v2\/product"}],"about":[{"href":"https:\/\/ohrija.com\/de\/wp-json\/wp\/v2\/types\/product"}],"replies":[{"embeddable":true,"href":"https:\/\/ohrija.com\/de\/wp-json\/wp\/v2\/comments?post=33639"}],"version-history":[{"count":0,"href":"https:\/\/ohrija.com\/de\/wp-json\/wp\/v2\/product\/33639\/revisions"}],"wp:featuredmedia":[{"embeddable":true,"href":"https:\/\/ohrija.com\/de\/wp-json\/wp\/v2\/media\/34299"}],"wp:attachment":[{"href":"https:\/\/ohrija.com\/de\/wp-json\/wp\/v2\/media?parent=33639"}],"wp:term":[{"taxonomy":"product_cat","embeddable":true,"href":"https:\/\/ohrija.com\/de\/wp-json\/wp\/v2\/product_cat?post=33639"},{"taxonomy":"product_tag","embeddable":true,"href":"https:\/\/ohrija.com\/de\/wp-json\/wp\/v2\/product_tag?post=33639"}],"curies":[{"name":"wp","href":"https:\/\/api.w.org\/{rel}","templated":true}]}}