{"id":31067,"date":"2025-12-06T07:58:10","date_gmt":"2025-12-06T07:58:10","guid":{"rendered":"https:\/\/ohrija.com\/?post_type=product&#038;p=31067"},"modified":"2025-12-06T08:02:41","modified_gmt":"2025-12-06T08:02:41","slug":"ohrija-60v-lithium-ion-battery-charger-63v-12a-charger","status":"publish","type":"product","link":"https:\/\/ohrija.com\/de\/produkt\/ohrija-60v-lithium-ion-battery-charger-63v-12a-charger\/","title":{"rendered":"OHRIJA 60-V-Lithium-Ionen-Akku-Ladeger\u00e4t Das 63-V-12-A-Ladeger\u00e4t eignet sich f\u00fcr 15S 55,5-V-Lithium-Ionen-Akku-Ladeger\u00e4te."},"content":{"rendered":"<h4><span style=\"color: #ff0000;\">Warnung<\/span><\/h4>\n<p>Bitte \u00fcberpr\u00fcfen Sie die erforderlichen Parameter, den Eingangsstecker und den Ausgangsstecker. Wenn Sie diese nicht best\u00e4tigen k\u00f6nnen, kaufen Sie das Produkt bitte nicht und wenden Sie sich an den Kundendienst, um Unterst\u00fctzung zu erhalten. Vielen Dank!<br \/>\n1. Nicht in Umgebungen mit hohen Temperaturen, Dunkelheit und Feuchtigkeit verwenden.<br \/>\n2. Bewahren Sie es in einer gut bel\u00fcfteten Umgebung auf.<br \/>\n3. Von brennbaren und explosiven Gegenst\u00e4nden fernhalten.<\/p>\n<h4>Produktparameter<\/h4>\n<p>Produktmodell: HRH900N<br \/>\nProduktmaterial: Geh\u00e4use aus Aluminiumlegierung<br \/>\nAusgangsspannung: maximal 63V \u00b10,2V<br \/>\nAusgangsstrom: maximal 12 A \u00b10,2 A<br \/>\nProduktgr\u00f6\u00dfe: 190 \u00d7 93,5 \u00d7 60 mm, 1,15 kg<br \/>\nGeeigneter Akkutyp:15S 55,5V Lithium-Ionen-Akku<br \/>\nLeistung: maximal 900 W<br \/>\nFarbe: schwarz<br \/>\nEingangsstecker: US, EU, UK, AU (w\u00e4hlen Sie den richtigen Stecker gem\u00e4\u00df den \u00f6rtlichen Normen)<br \/>\nAusgangsanschluss: XT60 | XT90 | Krokodilklemme | Anderson 50A | Drahtnase | 45A | GX16 1+3- | XLR | IEC C13 (w\u00e4hlen Sie den richtigen Anschluss entsprechend dem Batterieanschluss)<br \/>\nLieferumfang: Ladeger\u00e4t * 1, DC-Ausgangskabel 1 m * 1, Eingangskabel 1 m * 1, Bedienungsanleitung * 1<br \/>\nGeeignete Ger\u00e4te: 15-Zellen-Lithium-Ionen-Akku, vollst\u00e4ndig geladen bei 63 V \u00b10,2 V.<\/p>","protected":false},"excerpt":{"rendered":"<p>60-V-Lithium-Ionen-Batterieladeger\u00e4t, Li-Ionen-Batterieladeger\u00e4t, Aluminiumlegierung, intern einstellbarer Knopf, kann Spannung und Strom kalibrieren, kann 15S 15,5-V-Li-Ionen-Batterieladeger\u00e4te aufladen.<\/p>","protected":false},"featured_media":32128,"comment_status":"open","ping_status":"closed","template":"","meta":[],"product_cat":[286],"product_tag":[],"class_list":{"0":"post-31067","1":"product","2":"type-product","3":"status-publish","4":"has-post-thumbnail","6":"product_brand-ohrija","7":"product_cat-15s-63v-charger","8":"product_shipping_class-600w","10":"first","11":"instock","12":"taxable","13":"shipping-taxable","14":"purchasable","15":"product-type-variable","16":"wvs-archive-product-wrapper","17":"col-xs-6 col-sm-4","18":"col-md-3 col-lg-3","19":"un-4-cols"},"jetpack_sharing_enabled":true,"_links":{"self":[{"href":"https:\/\/ohrija.com\/de\/wp-json\/wp\/v2\/product\/31067","targetHints":{"allow":["GET"]}}],"collection":[{"href":"https:\/\/ohrija.com\/de\/wp-json\/wp\/v2\/product"}],"about":[{"href":"https:\/\/ohrija.com\/de\/wp-json\/wp\/v2\/types\/product"}],"replies":[{"embeddable":true,"href":"https:\/\/ohrija.com\/de\/wp-json\/wp\/v2\/comments?post=31067"}],"version-history":[{"count":0,"href":"https:\/\/ohrija.com\/de\/wp-json\/wp\/v2\/product\/31067\/revisions"}],"wp:featuredmedia":[{"embeddable":true,"href":"https:\/\/ohrija.com\/de\/wp-json\/wp\/v2\/media\/32128"}],"wp:attachment":[{"href":"https:\/\/ohrija.com\/de\/wp-json\/wp\/v2\/media?parent=31067"}],"wp:term":[{"taxonomy":"product_cat","embeddable":true,"href":"https:\/\/ohrija.com\/de\/wp-json\/wp\/v2\/product_cat?post=31067"},{"taxonomy":"product_tag","embeddable":true,"href":"https:\/\/ohrija.com\/de\/wp-json\/wp\/v2\/product_tag?post=31067"}],"curies":[{"name":"wp","href":"https:\/\/api.w.org\/{rel}","templated":true}]}}