{"id":28978,"date":"2025-12-04T03:03:42","date_gmt":"2025-12-04T03:03:42","guid":{"rendered":"https:\/\/ohrija.com\/?post_type=product&#038;p=28978"},"modified":"2025-12-04T03:30:15","modified_gmt":"2025-12-04T03:30:15","slug":"ohrija-36v-lifepo4-batterieladegerat-438v-15a-ladegerat","status":"publish","type":"product","link":"https:\/\/ohrija.com\/de\/produkt\/ohrija-36v-lifepo4-batterieladegerat-438v-15a-ladegerat\/","title":{"rendered":"Das OHRIJA 36V Lifepo4-Batterieladeger\u00e4t mit 43,8 V und 15 A eignet sich f\u00fcr 12S 43,8V Lifepo4-Batterien."},"content":{"rendered":"<h4><span style=\"color: #ff0000;\">Warnung<\/span><\/h4>\n<p>Bitte \u00fcberpr\u00fcfen Sie die erforderlichen Parameter, den Eingangsstecker und den Ausgangsstecker. Wenn Sie diese nicht best\u00e4tigen k\u00f6nnen, kaufen Sie bitte nicht und wenden Sie sich an den Kundendienst, um Unterst\u00fctzung zu erhalten.  Vielen Dank!<br \/>\n1. Nicht in Umgebungen mit hohen Temperaturen, Dunkelheit und Feuchtigkeit verwenden.<br \/>\n2. Bewahren Sie es in einer gut bel\u00fcfteten Umgebung auf.<br \/>\n3. Von brennbaren und explosiven Gegenst\u00e4nden fernhalten.<\/p>\n<h4>Produktparameter<\/h4>\n<p>Produktmodell: HRH900N<br \/>\nProduktmaterial: Geh\u00e4use aus Aluminiumlegierung<br \/>\nAusgangsspannung: maximal 43,8 V \u00b10,2 V<br \/>\nAusgangsstrom: maximal 18 A \u00b10,2 A<br \/>\nProduktgr\u00f6\u00dfe: 212 \u00d7 93,5 \u00d7 60 mm, 1,2 kg<br \/>\nGeeigneter Batterietyp: 12S 43,8 V Lifepo4-Batterie<br \/>\nLeistung: maximal 800 W<br \/>\nFarbe: schwarz<br \/>\nEingangsstecker: US, EU, UK, AU (w\u00e4hlen Sie den richtigen Stecker gem\u00e4\u00df den \u00f6rtlichen Normen)<br \/>\nAusgangsanschluss: XT60 | XT90 | Krokodilklemme | Anderson 50A | Drahtnase | 45A (w\u00e4hlen Sie den richtigen Anschluss entsprechend dem Batterieanschluss)<br \/>\nLieferumfang: Ladeger\u00e4t * 1, DC-Ausgangskabel 1 m * 1, Eingangskabel 1 m * 1, Bedienungsanleitung * 1<\/p>\n<p>Geeignete Ger\u00e4te: 12-Zellen-LifeP4-Akkus, vollst\u00e4ndig aufgeladen auf 43,8 V \u00b10,2 V.<\/p>","protected":false},"excerpt":{"rendered":"<p>li36 Lifepo4-Batterieladeger\u00e4t, Aluminiumlegierung, interner Einstellknopf, kann Spannung und Strom kalibrieren, kann 12S 43,8 V Lifepo4-Batterien laden. Batterieladeger\u00e4t LiFePO4. .<\/p>","protected":false},"featured_media":29013,"comment_status":"open","ping_status":"closed","template":"","meta":[],"product_cat":[304],"product_tag":[],"class_list":{"0":"post-28978","1":"product","2":"type-product","3":"status-publish","4":"has-post-thumbnail","6":"product_brand-ohrija","7":"product_cat-12s-43-8v-charger","8":"product_shipping_class-600w","10":"first","11":"instock","12":"taxable","13":"shipping-taxable","14":"purchasable","15":"product-type-variable","16":"wvs-archive-product-wrapper","17":"col-xs-6 col-sm-4","18":"col-md-3 col-lg-3","19":"un-4-cols"},"jetpack_sharing_enabled":true,"_links":{"self":[{"href":"https:\/\/ohrija.com\/de\/wp-json\/wp\/v2\/product\/28978","targetHints":{"allow":["GET"]}}],"collection":[{"href":"https:\/\/ohrija.com\/de\/wp-json\/wp\/v2\/product"}],"about":[{"href":"https:\/\/ohrija.com\/de\/wp-json\/wp\/v2\/types\/product"}],"replies":[{"embeddable":true,"href":"https:\/\/ohrija.com\/de\/wp-json\/wp\/v2\/comments?post=28978"}],"version-history":[{"count":0,"href":"https:\/\/ohrija.com\/de\/wp-json\/wp\/v2\/product\/28978\/revisions"}],"wp:featuredmedia":[{"embeddable":true,"href":"https:\/\/ohrija.com\/de\/wp-json\/wp\/v2\/media\/29013"}],"wp:attachment":[{"href":"https:\/\/ohrija.com\/de\/wp-json\/wp\/v2\/media?parent=28978"}],"wp:term":[{"taxonomy":"product_cat","embeddable":true,"href":"https:\/\/ohrija.com\/de\/wp-json\/wp\/v2\/product_cat?post=28978"},{"taxonomy":"product_tag","embeddable":true,"href":"https:\/\/ohrija.com\/de\/wp-json\/wp\/v2\/product_tag?post=28978"}],"curies":[{"name":"wp","href":"https:\/\/api.w.org\/{rel}","templated":true}]}}