{"id":7331,"date":"2024-05-30T19:21:55","date_gmt":"2024-05-30T11:21:55","guid":{"rendered":"https:\/\/ohrija.com\/?page_id=7331"},"modified":"2024-05-30T19:23:03","modified_gmt":"2024-05-30T11:23:03","slug":"privacy-policy-2","status":"publish","type":"page","link":"https:\/\/ohrija.com\/de\/privacy-policy-2\/","title":{"rendered":"Versandbedingungen"},"content":{"rendered":"<p>Wir bem\u00fchen uns, sicherzustellen, dass der Lagerbestand in unserem Webshop korrekt dargestellt wird.<\/p>\n\n\n\n<p>Wir versenden Bestellungen jeden Samstag. Bestellungen, die vor 12 Uhr PST jeden Freitag eingehen, werden noch in derselben Woche bearbeitet. Andernfalls werden Bestellungen in der folgenden Woche bearbeitet.<\/p>\n\n\n\n<p>Sollte ein Artikel f\u00e4lschlicherweise nicht vorr\u00e4tig sein, werden wir Sie umgehend kontaktieren und Ihnen eine R\u00fcckerstattung anbieten oder Ihnen einen genauen Zeitrahmen nennen, wann Sie mit dem Erhalt des Artikels rechnen k\u00f6nnen.<\/p>\n\n\n\n<p>Gem\u00e4\u00df unserer Gesch\u00e4ftspolitik nehmen wir keine Vorbestellungen f\u00fcr ausverkaufte oder noch nicht ver\u00f6ffentlichte Produkte entgegen.&nbsp;<\/p>\n\n\n\n<p>Wir sind bestrebt, ausschlie\u00dflich recycelte und\/oder recycelbare Versand- und Verpackungsmaterialien zu verwenden. Wir bitten Sie, das Versandmaterial Ihrer Bestellung wiederzuverwenden oder verantwortungsbewusst zu recyceln.<\/p>","protected":false},"excerpt":{"rendered":"<p>We do our best to ensure inventory is accurately represented on our webstore. We ship orders every Saturday. Orders placed before 12pm PST each Friday will be processed that week. Otherwise orders will be processed the next week. If an item is erroneously out of stock, we will contact you immediately and offer a refund&hellip;<\/p>","protected":false},"author":1,"featured_media":0,"parent":0,"menu_order":0,"comment_status":"closed","ping_status":"closed","template":"","meta":{"footnotes":""},"class_list":["post-7331","page","type-page","status-publish","hentry"],"jetpack_sharing_enabled":true,"_links":{"self":[{"href":"https:\/\/ohrija.com\/de\/wp-json\/wp\/v2\/pages\/7331","targetHints":{"allow":["GET"]}}],"collection":[{"href":"https:\/\/ohrija.com\/de\/wp-json\/wp\/v2\/pages"}],"about":[{"href":"https:\/\/ohrija.com\/de\/wp-json\/wp\/v2\/types\/page"}],"author":[{"embeddable":true,"href":"https:\/\/ohrija.com\/de\/wp-json\/wp\/v2\/users\/1"}],"replies":[{"embeddable":true,"href":"https:\/\/ohrija.com\/de\/wp-json\/wp\/v2\/comments?post=7331"}],"version-history":[{"count":0,"href":"https:\/\/ohrija.com\/de\/wp-json\/wp\/v2\/pages\/7331\/revisions"}],"wp:attachment":[{"href":"https:\/\/ohrija.com\/de\/wp-json\/wp\/v2\/media?parent=7331"}],"curies":[{"name":"wp","href":"https:\/\/api.w.org\/{rel}","templated":true}]}}