{"id":129,"date":"2017-11-28T08:26:45","date_gmt":"2017-11-28T08:26:45","guid":{"rendered":"http:\/\/demo2.drfuri.com\/martfury12\/?page_id=129"},"modified":"2024-12-09T01:42:10","modified_gmt":"2024-12-09T01:42:10","slug":"ohrija-ladegerat-uber-uns","status":"publish","type":"page","link":"https:\/\/ohrija.com\/de\/ohrija-ladegerat-uber-uns\/","title":{"rendered":"\u00dcber uns"},"content":{"rendered":"<div data-elementor-type=\"wp-post\" data-elementor-id=\"129\" class=\"elementor elementor-129\" data-elementor-post-type=\"page\">\n\t\t\t\t<div class=\"elementor-element elementor-element-d7aeec6 e-flex e-con-boxed e-con e-parent\" data-id=\"d7aeec6\" data-element_type=\"container\">\n\t\t\t\t\t<div class=\"e-con-inner\">\n\t\t\t\t<div class=\"elementor-element elementor-element-f10cfd3 elementor-widget elementor-widget-heading\" data-id=\"f10cfd3\" data-element_type=\"widget\" data-widget_type=\"heading.default\">\n\t\t\t\t<div class=\"elementor-widget-container\">\n\t\t\t\t\t<h2 class=\"elementor-heading-title elementor-size-default\">Markenhintergrund<\/h2>\t\t\t\t<\/div>\n\t\t\t\t<\/div>\n\t\t\t\t\t<\/div>\n\t\t\t\t<\/div>\n\t\t<div class=\"elementor-element elementor-element-3777be2 e-flex e-con-boxed e-con e-parent\" data-id=\"3777be2\" data-element_type=\"container\">\n\t\t\t\t\t<div class=\"e-con-inner\">\n\t\t\t\t<div class=\"elementor-element elementor-element-e6b3c64 elementor-widget elementor-widget-text-editor\" data-id=\"e6b3c64\" data-element_type=\"widget\" data-widget_type=\"text-editor.default\">\n\t\t\t\t<div class=\"elementor-widget-container\">\n\t\t\t\t\t\t\t\t\t<p>Die Marke OHRIJA geh\u00f6rt zur Dongguan Hengruihong Technology Co., Ltd., die 2020 gegr\u00fcndet wurde und ihren Hauptsitz in Dongguan in der chinesischen Provinz Guangdong hat. Unser Unternehmen ist ein Hightech-Unternehmen, das Forschung und Entwicklung, Produktion und Vertrieb integriert. Die Hauptprodukte des Unternehmens sind: Lithium-Batterieladeger\u00e4te, Lithium-Eisenphosphat-Batterieladeger\u00e4te, Blei-S\u00e4ure-Batterieladeger\u00e4te, Golfwagen-Ladeger\u00e4te, Netzteile, Schaltnetzteile und andere Produkte.<\/p>\t\t\t\t\t\t\t\t<\/div>\n\t\t\t\t<\/div>\n\t\t\t\t\t<\/div>\n\t\t\t\t<\/div>\n\t\t<div class=\"elementor-element elementor-element-e8d7116 e-flex e-con-boxed e-con e-parent\" data-id=\"e8d7116\" data-element_type=\"container\">\n\t\t\t\t\t<div class=\"e-con-inner\">\n\t\t\t\t<div class=\"elementor-element elementor-element-cd628a1 elementor-widget elementor-widget-image\" data-id=\"cd628a1\" data-element_type=\"widget\" data-widget_type=\"image.default\">\n\t\t\t\t<div class=\"elementor-widget-container\">\n\t\t\t\t\t\t\t\t\t\t\t\t\t\t\t<img fetchpriority=\"high\" decoding=\"async\" width=\"1920\" height=\"1312\" src=\"https:\/\/ohrija.com\/wp-content\/uploads\/2024\/10\/12-scaled.jpg\" class=\"attachment-full size-full wp-image-9334 wvs-archive-product-image\" alt=\"\" srcset=\"https:\/\/ohrija.com\/wp-content\/uploads\/2024\/10\/12-scaled.jpg.webp 1920w, https:\/\/ohrija.com\/wp-content\/uploads\/2024\/10\/12-300x205.jpg 300w, https:\/\/ohrija.com\/wp-content\/uploads\/2024\/10\/12-1024x700.jpg 1024w, https:\/\/ohrija.com\/wp-content\/uploads\/2024\/10\/12-768x525.jpg 768w, https:\/\/ohrija.com\/wp-content\/uploads\/2024\/10\/12-1536x1050.jpg 1536w, https:\/\/ohrija.com\/wp-content\/uploads\/2024\/10\/12-2048x1399.jpg 2048w, https:\/\/ohrija.com\/wp-content\/uploads\/2024\/10\/12-370x253.jpg 370w, https:\/\/ohrija.com\/wp-content\/uploads\/2024\/10\/12-600x410.jpg 600w\" sizes=\"(max-width: 1920px) 100vw, 1920px\" title=\"\">\t\t\t\t\t\t\t\t\t\t\t\t\t\t\t<\/div>\n\t\t\t\t<\/div>\n\t\t\t\t\t<\/div>\n\t\t\t\t<\/div>\n\t\t<div class=\"elementor-element elementor-element-207023f e-flex e-con-boxed e-con e-parent\" data-id=\"207023f\" data-element_type=\"container\">\n\t\t\t\t\t<div class=\"e-con-inner\">\n\t\t\t\t<div class=\"elementor-element elementor-element-2b9e25b elementor-widget elementor-widget-heading\" data-id=\"2b9e25b\" data-element_type=\"widget\" data-widget_type=\"heading.default\">\n\t\t\t\t<div class=\"elementor-widget-container\">\n\t\t\t\t\t<h2 class=\"elementor-heading-title elementor-size-default\">Qualit\u00e4tssicherung<\/h2>\t\t\t\t<\/div>\n\t\t\t\t<\/div>\n\t\t\t\t\t<\/div>\n\t\t\t\t<\/div>\n\t\t<div class=\"elementor-element elementor-element-e07aa5d e-flex e-con-boxed e-con e-parent\" data-id=\"e07aa5d\" data-element_type=\"container\">\n\t\t\t\t\t<div class=\"e-con-inner\">\n\t\t\t\t<div class=\"elementor-element elementor-element-cb95720 elementor-widget elementor-widget-text-editor\" data-id=\"cb95720\" data-element_type=\"widget\" data-widget_type=\"text-editor.default\">\n\t\t\t\t<div class=\"elementor-widget-container\">\n\t\t\t\t\t\t\t\t\t<p><a href=\"https:\/\/ohrija.com\/de\/\">OHRIJA Ladeger\u00e4te<\/a> sind ebenfalls von ausgezeichneter Qualit\u00e4t. Jedes Ladeger\u00e4t wird strengen Qualit\u00e4tskontrollen und Tests unterzogen, um sicherzustellen, dass das Produkt in Bezug auf Sicherheit, Stabilit\u00e4t und Haltbarkeit das branchenweit f\u00fchrende Niveau erreicht. OHRIJA-Ladeger\u00e4te haben au\u00dferdem eine Reihe von renommierten Zertifizierungen im In- und Ausland bestanden, darunter die CE-FCC-Zertifizierung und die UKCA-Zertifizierung, um den Verbrauchern eine zuverl\u00e4ssigere Qualit\u00e4tssicherung zu bieten.<\/p>\t\t\t\t\t\t\t\t<\/div>\n\t\t\t\t<\/div>\n\t\t\t\t\t<\/div>\n\t\t\t\t<\/div>\n\t\t<div class=\"elementor-element elementor-element-bc8f992 e-flex e-con-boxed e-con e-parent\" data-id=\"bc8f992\" data-element_type=\"container\">\n\t\t\t\t\t<div class=\"e-con-inner\">\n\t\t\t\t<div class=\"elementor-element elementor-element-61a1cc2 elementor-widget elementor-widget-heading\" data-id=\"61a1cc2\" data-element_type=\"widget\" data-widget_type=\"heading.default\">\n\t\t\t\t<div class=\"elementor-widget-container\">\n\t\t\t\t\t<h2 class=\"elementor-heading-title elementor-size-default\">Innovatives Design<\/h2>\t\t\t\t<\/div>\n\t\t\t\t<\/div>\n\t\t\t\t\t<\/div>\n\t\t\t\t<\/div>\n\t\t<div class=\"elementor-element elementor-element-8f77e6a e-flex e-con-boxed e-con e-parent\" data-id=\"8f77e6a\" data-element_type=\"container\">\n\t\t\t\t\t<div class=\"e-con-inner\">\n\t\t\t\t<div class=\"elementor-element elementor-element-866210d elementor-widget elementor-widget-text-editor\" data-id=\"866210d\" data-element_type=\"widget\" data-widget_type=\"text-editor.default\">\n\t\t\t\t<div class=\"elementor-widget-container\">\n\t\t\t\t\t\t\t\t\t<p>Das Ladeger\u00e4t von OHRIJA setzt auch auf Innovation und bahnbrechendes Design. Es hat ein schlichtes und modisches Aussehen und ist insgesamt klein und handlich, sodass es leicht in eine Tasche oder einen Rucksack passt. Der Ladeanschluss ist als Einzelanschluss ausgef\u00fchrt, sodass Benutzer ihn ganz nach Bedarf ausw\u00e4hlen k\u00f6nnen. Das OHRIJA-Ladeger\u00e4t legt auch Wert auf Details wie das Geh\u00e4use aus Aluminiumlegierung, das stromlinienf\u00f6rmige All-inclusive-Design des Ladekabels, den dicken verzinnte Kupferdrahtkern usw., um den Benutzern ein komfortableres und bequemeres Ladeerlebnis zu bieten.<\/p>\t\t\t\t\t\t\t\t<\/div>\n\t\t\t\t<\/div>\n\t\t\t\t\t<\/div>\n\t\t\t\t<\/div>\n\t\t<div class=\"elementor-element elementor-element-a010175 e-flex e-con-boxed e-con e-parent\" data-id=\"a010175\" data-element_type=\"container\">\n\t\t\t\t\t<div class=\"e-con-inner\">\n\t\t\t\t<div class=\"elementor-element elementor-element-19b01a7 elementor-widget elementor-widget-image\" data-id=\"19b01a7\" data-element_type=\"widget\" data-widget_type=\"image.default\">\n\t\t\t\t<div class=\"elementor-widget-container\">\n\t\t\t\t\t\t\t\t\t\t\t\t\t\t\t<img decoding=\"async\" width=\"1920\" height=\"1312\" src=\"https:\/\/ohrija.com\/wp-content\/uploads\/2024\/10\/2-scaled.jpg\" class=\"attachment-full size-full wp-image-9299 wvs-archive-product-image\" alt=\"\" srcset=\"https:\/\/ohrija.com\/wp-content\/uploads\/2024\/10\/2-scaled.jpg.webp 1920w, https:\/\/ohrija.com\/wp-content\/uploads\/2024\/10\/2-300x205.jpg 300w, https:\/\/ohrija.com\/wp-content\/uploads\/2024\/10\/2-1024x700.jpg 1024w, https:\/\/ohrija.com\/wp-content\/uploads\/2024\/10\/2-768x525.jpg 768w, https:\/\/ohrija.com\/wp-content\/uploads\/2024\/10\/2-1536x1050.jpg 1536w, https:\/\/ohrija.com\/wp-content\/uploads\/2024\/10\/2-2048x1399.jpg 2048w, https:\/\/ohrija.com\/wp-content\/uploads\/2024\/10\/2-370x253.jpg 370w, https:\/\/ohrija.com\/wp-content\/uploads\/2024\/10\/2-600x410.jpg 600w\" sizes=\"(max-width: 1920px) 100vw, 1920px\" title=\"\">\t\t\t\t\t\t\t\t\t\t\t\t\t\t\t<\/div>\n\t\t\t\t<\/div>\n\t\t\t\t\t<\/div>\n\t\t\t\t<\/div>\n\t\t<div class=\"elementor-element elementor-element-6aa3616 e-flex e-con-boxed e-con e-parent\" data-id=\"6aa3616\" data-element_type=\"container\">\n\t\t\t\t\t<div class=\"e-con-inner\">\n\t\t\t\t<div class=\"elementor-element elementor-element-806211d elementor-widget elementor-widget-heading\" data-id=\"806211d\" data-element_type=\"widget\" data-widget_type=\"heading.default\">\n\t\t\t\t<div class=\"elementor-widget-container\">\n\t\t\t\t\t<h2 class=\"elementor-heading-title elementor-size-default\">Produktreihe<\/h2>\t\t\t\t<\/div>\n\t\t\t\t<\/div>\n\t\t\t\t\t<\/div>\n\t\t\t\t<\/div>\n\t\t<div class=\"elementor-element elementor-element-4bb2994 e-flex e-con-boxed e-con e-parent\" data-id=\"4bb2994\" data-element_type=\"container\">\n\t\t\t\t\t<div class=\"e-con-inner\">\n\t\t\t\t<div class=\"elementor-element elementor-element-4b0a230 elementor-widget elementor-widget-text-editor\" data-id=\"4b0a230\" data-element_type=\"widget\" data-widget_type=\"text-editor.default\">\n\t\t\t\t<div class=\"elementor-widget-container\">\n\t\t\t\t\t\t\t\t\t<p>Es k\u00f6nnen mehrere Kategorien von Ladeger\u00e4ten mit verschiedenen Produkttypen, Ausf\u00fchrungen und Spezifikationen angepasst werden:<\/p><p>.Ladeger\u00e4t der Serie .180W, maximaler Strom: 10 A,<\/p><p>.Ladeger\u00e4t der Serie .240W, maximaler Strom: 10 A,<\/p><p>. Ladeger\u00e4t der Serie 300W, maximaler Strom: 15A,<\/p><p>. Ladeger\u00e4t der Serie 500W, maximaler Strom: 20A,<\/p><p>.Ladeger\u00e4t der Serie .600W, maximaler Strom: 25A,<\/p><p>.Ladeger\u00e4t der Serie .800W, maximaler Strom: 10 A,<\/p><p>.Maximaler Strom der Ladeger\u00e4te der Serie .900W: 35 A.<\/p><p>.Eingangsparameter: 100\u2013240 V, 200\u2013240 V;<\/p><p>.Nennspannung: 12 V\/24 V\/36 V\/48 V\/60 V\/72 V\/84 V<\/p><p>.Farbe: Silber\/Blau\/Schwarz\/Gr\u00fcn\/Rot<\/p><p>.Ausgangsstecker: DC25\/DC21\/XLR\/IECC13\/AndersonA45\/Anderson A50\/GX16\/XT30\/XT60\/XT90\/Krokodilklemme\/Drahtnase<\/p><p>.Ausgangsstecker der Golf-Serie: EZGO TXT\/EZGO RXV\/EZGO 48VTXT\/EZGO DCS\/CLUB CAR\/YAMAHA G29\/YAMAHA G19\/Crow Foot\/Crow Foot (EX-0005).<\/p><p>.Eingangsstecker: CN\/EU\/UK\/AU\/US\/ZA\/CH\/IL\/IT\/KR\/TOW-CORE US\/TOW-CORE EU<\/p>\t\t\t\t\t\t\t\t<\/div>\n\t\t\t\t<\/div>\n\t\t\t\t\t<\/div>\n\t\t\t\t<\/div>\n\t\t<div class=\"elementor-element elementor-element-e135212 e-flex e-con-boxed e-con e-parent\" data-id=\"e135212\" data-element_type=\"container\">\n\t\t\t\t\t<div class=\"e-con-inner\">\n\t\t\t\t<div class=\"elementor-element elementor-element-a09c5e8 elementor-widget elementor-widget-heading\" data-id=\"a09c5e8\" data-element_type=\"widget\" data-widget_type=\"heading.default\">\n\t\t\t\t<div class=\"elementor-widget-container\">\n\t\t\t\t\t<h2 class=\"elementor-heading-title elementor-size-default\">Hier sind einige der beliebtesten Produkte:<\/h2>\t\t\t\t<\/div>\n\t\t\t\t<\/div>\n\t\t\t\t\t<\/div>\n\t\t\t\t<\/div>\n\t\t<div class=\"elementor-element elementor-element-036dbe8 e-flex e-con-boxed e-con e-parent\" data-id=\"036dbe8\" data-element_type=\"container\">\n\t\t\t\t\t<div class=\"e-con-inner\">\n\t\t\t\t<div class=\"elementor-element elementor-element-967eb06 elementor-widget elementor-widget-text-editor\" data-id=\"967eb06\" data-element_type=\"widget\" data-widget_type=\"text-editor.default\">\n\t\t\t\t<div class=\"elementor-widget-container\">\n\t\t\t\t\t\t\t\t\t<p>.48V Lithium-Akku OHRIJA Ladeger\u00e4t f\u00fcr Elektrofahrr\u00e4der<\/p><p>Das <a href=\"https:\/\/ohrija.com\/de\/produkt\/54-6v-5a-48-volt-battery-charger-for-electric-bike\/\">48-V-Lithium-Batterieladeger\u00e4t<\/a> ist das Starprodukt der Marke OHRIJA. Es verf\u00fcgt \u00fcber ein f\u00fcnffarbiges Design und hat ein schlichtes und elegantes Aussehen. Es unterst\u00fctzt 54,6 V\/5 A mit einer maximalen Leistung von 300 W, wodurch Lithium-Ionen-Akku-Ger\u00e4te schnell aufgeladen werden k\u00f6nnen. Die integrierte intelligente Steuerungsfunktion kann die Spannung und den Strom entsprechend den Anforderungen des Ger\u00e4ts anpassen, um die Lebensdauer des Akkus zu verl\u00e4ngern. Es hat die 3C- und CE-Doppelzertifizierung bestanden und ist von vertrauensw\u00fcrdiger Qualit\u00e4t.<\/p><p>.<a href=\"https:\/\/ohrija.com\/de\/produkt-kategorie\/ladegerat-fur-elektrorollstuhle\/\">24-V-Batterieladeger\u00e4t f\u00fcr Blei-S\u00e4ure-Batterien von Elektrorollst\u00fchlen<\/a> Serie<\/p><p>Die Marke OHRIJA hat auch eine Reihe von Blei-S\u00e4ure-Batterieprodukten f\u00fcr Elektrorollst\u00fchle auf den Markt gebracht, darunter das 180 W\/24 V\/5 A Aluminium-S\u00e4ure-Ladeger\u00e4t, das 300 W\/24 V\/10 A Ladeger\u00e4t usw. Diese Produkte eignen sich f\u00fcr Elektrorollst\u00fchle verschiedener Marken, die auf dem Markt erh\u00e4ltlich sind.<\/p>\t\t\t\t\t\t\t\t<\/div>\n\t\t\t\t<\/div>\n\t\t\t\t\t<\/div>\n\t\t\t\t<\/div>\n\t\t<div class=\"elementor-element elementor-element-c76922a e-flex e-con-boxed e-con e-parent\" data-id=\"c76922a\" data-element_type=\"container\">\n\t\t\t\t\t<div class=\"e-con-inner\">\n\t\t\t\t<div class=\"elementor-element elementor-element-439a242 elementor-widget elementor-widget-image\" data-id=\"439a242\" data-element_type=\"widget\" data-widget_type=\"image.default\">\n\t\t\t\t<div class=\"elementor-widget-container\">\n\t\t\t\t\t\t\t\t\t\t\t\t\t\t\t<img decoding=\"async\" width=\"1920\" height=\"1312\" src=\"https:\/\/ohrija.com\/wp-content\/uploads\/2024\/10\/5-scaled.jpg\" class=\"attachment-full size-full wp-image-9302 wvs-archive-product-image\" alt=\"\" srcset=\"https:\/\/ohrija.com\/wp-content\/uploads\/2024\/10\/5-scaled.jpg.webp 1920w, https:\/\/ohrija.com\/wp-content\/uploads\/2024\/10\/5-300x205.jpg 300w, https:\/\/ohrija.com\/wp-content\/uploads\/2024\/10\/5-1024x700.jpg 1024w, https:\/\/ohrija.com\/wp-content\/uploads\/2024\/10\/5-768x525.jpg 768w, https:\/\/ohrija.com\/wp-content\/uploads\/2024\/10\/5-1536x1050.jpg 1536w, https:\/\/ohrija.com\/wp-content\/uploads\/2024\/10\/5-2048x1399.jpg 2048w, https:\/\/ohrija.com\/wp-content\/uploads\/2024\/10\/5-370x253.jpg 370w, https:\/\/ohrija.com\/wp-content\/uploads\/2024\/10\/5-600x410.jpg 600w\" sizes=\"(max-width: 1920px) 100vw, 1920px\" title=\"\">\t\t\t\t\t\t\t\t\t\t\t\t\t\t\t<\/div>\n\t\t\t\t<\/div>\n\t\t\t\t\t<\/div>\n\t\t\t\t<\/div>\n\t\t<div class=\"elementor-element elementor-element-952570e e-flex e-con-boxed e-con e-parent\" data-id=\"952570e\" data-element_type=\"container\">\n\t\t\t\t\t<div class=\"e-con-inner\">\n\t\t\t\t<div class=\"elementor-element elementor-element-e20b0a7 elementor-widget elementor-widget-heading\" data-id=\"e20b0a7\" data-element_type=\"widget\" data-widget_type=\"heading.default\">\n\t\t\t\t<div class=\"elementor-widget-container\">\n\t\t\t\t\t<h2 class=\"elementor-heading-title elementor-size-default\"> Hervorragende Leistung<\/h2>\t\t\t\t<\/div>\n\t\t\t\t<\/div>\n\t\t\t\t\t<\/div>\n\t\t\t\t<\/div>\n\t\t<div class=\"elementor-element elementor-element-2a74f4b e-flex e-con-boxed e-con e-parent\" data-id=\"2a74f4b\" data-element_type=\"container\">\n\t\t\t\t\t<div class=\"e-con-inner\">\n\t\t\t\t<div class=\"elementor-element elementor-element-6c342d4 elementor-widget elementor-widget-text-editor\" data-id=\"6c342d4\" data-element_type=\"widget\" data-widget_type=\"text-editor.default\">\n\t\t\t\t<div class=\"elementor-widget-container\">\n\t\t\t\t\t\t\t\t\t<p>OHRIJA-Ladeger\u00e4te sind bekannt f\u00fcr ihre \u00fcberragende Ladeleistung. Sie werden h\u00e4ufig in elektrischen Ger\u00e4ten wie Gabelstaplern, intelligenten AGV-Lagereinrichtungen, zweir\u00e4drigen Elektrofahrzeugen, dreir\u00e4drigen Elektrofahrzeugen, Elektrostaplern, elektrischen Sightseeing-Fahrzeugen und Golfwagen, elektrischen Surfbrettern, Modellflugzeugen, Robotern, Niedriggeschwindigkeitsfahrzeugen, Elektrofahrzeugen, gro\u00dfen Energiespeicherbatterien usw. eingesetzt. Wir verf\u00fcgen \u00fcber fortschrittliche Produktionsanlagen, Montageanlagen und Alterungsanlagen. Wir verwenden fortschrittliche Schnellladetechnologie und intelligente Einstellfunktionen, um die Spannung und den Strom entsprechend den Anforderungen verschiedener Ger\u00e4te anzupassen und so einen schnellen und sicheren Ladevorgang zu gew\u00e4hrleisten. OHRIJA-Ladeger\u00e4te unterst\u00fctzen auch kundenspezifische Stecker, die die Ladeanforderungen verschiedener Marken und Modelle von Batterieger\u00e4ten problemlos erf\u00fcllen k\u00f6nnen.<\/p>\t\t\t\t\t\t\t\t<\/div>\n\t\t\t\t<\/div>\n\t\t\t\t\t<\/div>\n\t\t\t\t<\/div>\n\t\t<div class=\"elementor-element elementor-element-c38c0f0 e-flex e-con-boxed e-con e-parent\" data-id=\"c38c0f0\" data-element_type=\"container\">\n\t\t\t\t\t<div class=\"e-con-inner\">\n\t\t\t\t<div class=\"elementor-element elementor-element-4955ddc elementor-widget elementor-widget-text-editor\" data-id=\"4955ddc\" data-element_type=\"widget\" data-widget_type=\"text-editor.default\">\n\t\t\t\t<div class=\"elementor-widget-container\">\n\t\t\t\t\t\t\t\t\t<p>Gleichzeitig wenden unsere Produktions- und Qualit\u00e4tsteams strenge Produktionsprozesse und umfassende Test- und Pr\u00fcfger\u00e4te an, um sicherzustellen, dass jedes Produkt eine maximale Lebensdauer, Null Fehler und hohe Sicherheit aufweist. Dadurch wird ein sicheres und schnelles Laden der Batterien erm\u00f6glicht und die Batterielebensdauer erheblich verbessert.<\/p>\t\t\t\t\t\t\t\t<\/div>\n\t\t\t\t<\/div>\n\t\t\t\t\t<\/div>\n\t\t\t\t<\/div>\n\t\t<div class=\"elementor-element elementor-element-418bdf9 e-flex e-con-boxed e-con e-parent\" data-id=\"418bdf9\" data-element_type=\"container\">\n\t\t\t\t\t<div class=\"e-con-inner\">\n\t\t\t\t<div class=\"elementor-element elementor-element-4645949 elementor-widget elementor-widget-image\" data-id=\"4645949\" data-element_type=\"widget\" data-widget_type=\"image.default\">\n\t\t\t\t<div class=\"elementor-widget-container\">\n\t\t\t\t\t\t\t\t\t\t\t\t\t\t\t<img loading=\"lazy\" decoding=\"async\" width=\"1920\" height=\"1312\" src=\"https:\/\/ohrija.com\/wp-content\/uploads\/2024\/10\/6-scaled.jpg\" class=\"attachment-full size-full wp-image-9303 wvs-archive-product-image\" alt=\"\" srcset=\"https:\/\/ohrija.com\/wp-content\/uploads\/2024\/10\/6-scaled.jpg.webp 1920w, https:\/\/ohrija.com\/wp-content\/uploads\/2024\/10\/6-300x205.jpg 300w, https:\/\/ohrija.com\/wp-content\/uploads\/2024\/10\/6-1024x700.jpg 1024w, https:\/\/ohrija.com\/wp-content\/uploads\/2024\/10\/6-768x525.jpg 768w, https:\/\/ohrija.com\/wp-content\/uploads\/2024\/10\/6-1536x1050.jpg 1536w, https:\/\/ohrija.com\/wp-content\/uploads\/2024\/10\/6-2048x1399.jpg 2048w, https:\/\/ohrija.com\/wp-content\/uploads\/2024\/10\/6-370x253.jpg 370w, https:\/\/ohrija.com\/wp-content\/uploads\/2024\/10\/6-600x410.jpg 600w\" sizes=\"(max-width: 1920px) 100vw, 1920px\" title=\"\">\t\t\t\t\t\t\t\t\t\t\t\t\t\t\t<\/div>\n\t\t\t\t<\/div>\n\t\t\t\t\t<\/div>\n\t\t\t\t<\/div>\n\t\t<div class=\"elementor-element elementor-element-40bcd37 e-flex e-con-boxed e-con e-parent\" data-id=\"40bcd37\" data-element_type=\"container\">\n\t\t\t\t\t<div class=\"e-con-inner\">\n\t\t\t\t<div class=\"elementor-element elementor-element-b342a65 elementor-widget elementor-widget-text-editor\" data-id=\"b342a65\" data-element_type=\"widget\" data-widget_type=\"text-editor.default\">\n\t\t\t\t<div class=\"elementor-widget-container\">\n\t\t\t\t\t\t\t\t\t<p>Die Ladeger\u00e4temarke OHRIJA hat aufgrund ihrer hervorragenden Leistung, Qualit\u00e4t und ihres innovativen Designs breite Anerkennung und Lob auf dem Markt gefunden. Die Qualit\u00e4t und das innovative Design heben sich auf dem Ladeger\u00e4temarkt deutlich ab. Viele Nutzer gaben nach der Verwendung des OHRIJA-Ladeger\u00e4ts an, dass es nicht nur schnell l\u00e4dt und sehr sicher ist, sondern auch stilvoll und tragbar. Es ist nicht nur ein guter Helfer f\u00fcr das t\u00e4gliche Laden der Nutzer, sondern auch ein Symbol f\u00fcr technologische Innovation und Lebensqualit\u00e4t. Wir glauben, dass die Marke OHRIJA auch in Zukunft das Konzept \u2019Qualit\u00e4t an erster Stelle, Kunde an erster Stelle\u201c hochhalten, weiterhin innovativ sein und Fortschritte machen sowie den Nutzern noch mehr hochwertige und effiziente elektronische Produkte und Dienstleistungen bieten wird.<\/p>\t\t\t\t\t\t\t\t<\/div>\n\t\t\t\t<\/div>\n\t\t\t\t\t<\/div>\n\t\t\t\t<\/div>\n\t\t<div class=\"elementor-element elementor-element-5856e35 e-flex e-con-boxed e-con e-parent\" data-id=\"5856e35\" data-element_type=\"container\">\n\t\t\t\t\t<div class=\"e-con-inner\">\n\t\t\t\t<div class=\"elementor-element elementor-element-b6c758b elementor-widget elementor-widget-image\" data-id=\"b6c758b\" data-element_type=\"widget\" data-widget_type=\"image.default\">\n\t\t\t\t<div class=\"elementor-widget-container\">\n\t\t\t\t\t\t\t\t\t\t\t\t\t\t\t<img loading=\"lazy\" decoding=\"async\" width=\"1920\" height=\"1312\" src=\"https:\/\/ohrija.com\/wp-content\/uploads\/2024\/10\/\u5b9a\u52361-scaled.jpg\" class=\"attachment-full size-full wp-image-9304 wvs-archive-product-image\" alt=\"\" srcset=\"https:\/\/ohrija.com\/wp-content\/uploads\/2024\/10\/\u5b9a\u52361-scaled.jpg.webp 1920w, https:\/\/ohrija.com\/wp-content\/uploads\/2024\/10\/\u5b9a\u52361-300x205.jpg 300w, https:\/\/ohrija.com\/wp-content\/uploads\/2024\/10\/\u5b9a\u52361-1024x700.jpg 1024w, https:\/\/ohrija.com\/wp-content\/uploads\/2024\/10\/\u5b9a\u52361-768x525.jpg 768w, https:\/\/ohrija.com\/wp-content\/uploads\/2024\/10\/\u5b9a\u52361-1536x1050.jpg 1536w, https:\/\/ohrija.com\/wp-content\/uploads\/2024\/10\/\u5b9a\u52361-2048x1399.jpg 2048w, https:\/\/ohrija.com\/wp-content\/uploads\/2024\/10\/\u5b9a\u52361-370x253.jpg 370w, https:\/\/ohrija.com\/wp-content\/uploads\/2024\/10\/\u5b9a\u52361-600x410.jpg 600w\" sizes=\"(max-width: 1920px) 100vw, 1920px\" title=\"\">\t\t\t\t\t\t\t\t\t\t\t\t\t\t\t<\/div>\n\t\t\t\t<\/div>\n\t\t\t\t\t<\/div>\n\t\t\t\t<\/div>\n\t\t<div class=\"elementor-element elementor-element-e984b0d e-flex e-con-boxed e-con e-parent\" data-id=\"e984b0d\" data-element_type=\"container\">\n\t\t\t\t\t<div class=\"e-con-inner\">\n\t\t\t\t<div class=\"elementor-element elementor-element-c2844c1 elementor-widget elementor-widget-text-editor\" data-id=\"c2844c1\" data-element_type=\"widget\" data-widget_type=\"text-editor.default\">\n\t\t\t\t<div class=\"elementor-widget-container\">\n\t\t\t\t\t\t\t\t\t<p>Das Unternehmen ist auf Produktion und Verarbeitung spezialisiert, verf\u00fcgt \u00fcber ein umfassendes und wissenschaftliches Qualit\u00e4tsmanagementsystem und hat zehn Jahre Produktionserfahrung. Es investiert seine gesamte Zeit in Technologieforschung und -entwicklung sowie Prozessinnovation. Es unterst\u00fctzt OEM-\/ODM-Produktion und Gro\u00dfhandel. Wir laden Freunde aus allen Bereichen herzlich ein, unsere Vertreter zu werden, und bieten Ihnen die besten Preise und hochwertige Dienstleistungen. <a href=\"https:\/\/ohrija.goaffpro.com\/\" target=\"_blank\" rel=\"noopener\">Partnerprogramm<\/a><\/p>\t\t\t\t\t\t\t\t<\/div>\n\t\t\t\t<\/div>\n\t\t\t\t\t<\/div>\n\t\t\t\t<\/div>\n\t\t\t\t<\/div>","protected":false},"excerpt":{"rendered":"<p>Brand Background OHRIJA brand belongs to Dongguan Hengruihong Technology Co., Ltd., which was established in 2020 and is headquartered in Dongguan, Guangdong Province, China. Our company is a high-tech enterprise integrating R&amp;D, production and sales. The company&#8217;s main products: lithium battery charger, lithium iron phosphate battery charger, lead-acid battery charger, golf cart charger, power adapter,&hellip;<\/p>","protected":false},"author":1,"featured_media":0,"parent":0,"menu_order":0,"comment_status":"closed","ping_status":"closed","template":"","meta":{"footnotes":""},"class_list":["post-129","page","type-page","status-publish","hentry"],"jetpack_sharing_enabled":true,"_links":{"self":[{"href":"https:\/\/ohrija.com\/de\/wp-json\/wp\/v2\/pages\/129","targetHints":{"allow":["GET"]}}],"collection":[{"href":"https:\/\/ohrija.com\/de\/wp-json\/wp\/v2\/pages"}],"about":[{"href":"https:\/\/ohrija.com\/de\/wp-json\/wp\/v2\/types\/page"}],"author":[{"embeddable":true,"href":"https:\/\/ohrija.com\/de\/wp-json\/wp\/v2\/users\/1"}],"replies":[{"embeddable":true,"href":"https:\/\/ohrija.com\/de\/wp-json\/wp\/v2\/comments?post=129"}],"version-history":[{"count":0,"href":"https:\/\/ohrija.com\/de\/wp-json\/wp\/v2\/pages\/129\/revisions"}],"wp:attachment":[{"href":"https:\/\/ohrija.com\/de\/wp-json\/wp\/v2\/media?parent=129"}],"curies":[{"name":"wp","href":"https:\/\/api.w.org\/{rel}","templated":true}]}}