{"id":8499,"date":"2024-07-03T11:33:01","date_gmt":"2024-07-03T03:33:01","guid":{"rendered":"https:\/\/ohrija.com\/?post_type=product&#038;p=8499"},"modified":"2025-03-16T18:15:13","modified_gmt":"2025-03-16T18:15:13","slug":"58-8-v-5a-oled-motorcycle-battery-charger","status":"publish","type":"product","link":"http:\/\/ohrija.com\/tr\/urun\/58-8-v-5a-oled-motorcycle-battery-charger\/","title":{"rendered":"OHRIJA motosiklet ak\u00fc \u015farj cihaz\u0131 58,8V 5A OLED \u015farj cihaz\u0131, 14S 48V Li-ion ak\u00fcler i\u00e7in uygundur."},"content":{"rendered":"<h4><span style=\"color: #ff0000;\">Uyar\u0131<\/span><\/h4>\n<p>L\u00fctfen gerekli parametreleri, giri\u015f fi\u015fini ve \u00e7\u0131k\u0131\u015f konekt\u00f6r\u00fcn\u00fc onaylay\u0131n. Onaylayam\u0131yorsan\u0131z, l\u00fctfen sat\u0131n almay\u0131n veya destek i\u00e7in m\u00fc\u015fteri hizmetlerine ba\u015fvurun. (Ekran ile ger\u00e7ek parametreler aras\u0131nda 10% hatas\u0131 olacakt\u0131r. Bu durum sizi rahats\u0131z ediyorsa, l\u00fctfen sat\u0131n almay\u0131n.) Te\u015fekk\u00fcr ederiz!<br \/>\n1. Y\u00fcksek s\u0131cakl\u0131kta, karanl\u0131k ve nemli ortamlarda kullanmay\u0131n.<br \/>\n2. Havaland\u0131r\u0131lan bir ortamda saklay\u0131n.<br \/>\n3. Yan\u0131c\u0131 ve patlay\u0131c\u0131 maddelerden uzak tutun.<\/p>\n<h4>\u00dcr\u00fcn Parametreleri<\/h4>\n<p>\u00dcr\u00fcn modeli: HRH300<br \/>\n\u00dcr\u00fcn malzemesi: al\u00fcminyum ala\u015f\u0131ml\u0131 kabuk<br \/>\n\u00c7\u0131k\u0131\u015f voltaj\u0131: maksimum 58,8 V \u00b10,2 V<br \/>\n\u00c7\u0131k\u0131\u015f ak\u0131m\u0131: maksimum 5Amp \u00b10,2a<br \/>\n\u00dcr\u00fcn boyutu: 135*90*50MM 0,9 kg<br \/>\nUygulanabilir pil t\u00fcr\u00fc: 14S 51,8 V lityum iyon pil<br \/>\n\u00c7al\u0131\u015fma g\u00fcc\u00fc: maksimum 290 W<br \/>\nRenk: siyah, g\u00fcm\u00fc\u015f, k\u0131rm\u0131z\u0131, mavi, ye\u015fil (iste\u011fe ba\u011fl\u0131)<br \/>\nGiri\u015f fi\u015fi: ABD, AB, \u0130ngiltere, Avustralya (yerel standartlara g\u00f6re do\u011fru fi\u015fi se\u00e7in)<br \/>\n\u00c7\u0131k\u0131\u015f konekt\u00f6r\u00fc: XT60 | XT90 | Timsah Klipsi | Anderson 50A | DC5.5*2.5 | GX16 1+3- | XLR | IEC C13 | Anderson 45A (pil ba\u011flant\u0131 noktas\u0131na g\u00f6re do\u011fru konekt\u00f6r\u00fc se\u00e7in)<br \/>\nPaket: \u015farj cihaz\u0131*1, DC 1 m \u00e7\u0131k\u0131\u015f kablosu*1, giri\u015f kablosu 1 m*1, kullan\u0131m k\u0131lavuzu*1<\/p>\n<h4>\u00dcr\u00fcn Tan\u0131t\u0131m\u0131<\/h4>\n<p><strong>1. Verimli \u015earj<\/strong><br \/>\nGeli\u015fmi\u015f anahtarlama g\u00fc\u00e7 kayna\u011f\u0131 teknolojisini benimseyen \u015farj verimlili\u011fi 85% veya daha y\u00fcksek olup, \u015farj s\u00fcresini k\u0131salt\u0131r ve enerji t\u00fcketimini azalt\u0131r.<br \/>\n<strong>2. Sabit voltaj ve sabit ak\u0131m \u015farj modu<\/strong><br \/>\n\u015earj cihaz\u0131, pil voltaj\u0131 ayarlanan de\u011fere (58,8 V) yakla\u015fana kadar sabit ak\u0131m (CC) modunda \u00e7al\u0131\u015f\u0131r ve ard\u0131ndan \u015farj i\u015fleminin g\u00fcvenli\u011fini sa\u011flamak ve a\u015f\u0131r\u0131 \u015farj\u0131 \u00f6nlemek i\u00e7in sabit voltaj (CV) moduna ge\u00e7er.<br \/>\n<strong>3. Ak\u0131ll\u0131 s\u0131cakl\u0131k kontrol\u00fc\u00a0<\/strong><br \/>\nDahili s\u0131cakl\u0131k sens\u00f6r\u00fc, \u015farj cihaz\u0131n\u0131n s\u0131cakl\u0131\u011f\u0131n\u0131 ger\u00e7ek zamanl\u0131 olarak izleyebilir. S\u0131cakl\u0131k g\u00fcvenli aral\u0131\u011f\u0131 a\u015ft\u0131\u011f\u0131nda, a\u015f\u0131r\u0131 \u0131s\u0131nmay\u0131 \u00f6nlemek i\u00e7in \u015farj ak\u0131m\u0131n\u0131 otomatik olarak azalt\u0131r veya \u015farj\u0131 ask\u0131ya al\u0131r.<br \/>\n<strong>4. \u00c7oklu koruma fonksiyonlar\u0131<\/strong><br \/>\n<strong>\u00b7 <\/strong>A\u015f\u0131r\u0131 gerilim korumas\u0131: Gerilim g\u00fcvenli aral\u0131\u011f\u0131 a\u015ft\u0131\u011f\u0131nda, \u015farj cihaz\u0131 pilin zarar g\u00f6rmesini \u00f6nlemek i\u00e7in otomatik olarak g\u00fcc\u00fc keser.<br \/>\n<strong>\u00b7 <\/strong>A\u015f\u0131r\u0131 ak\u0131m korumas\u0131: Ak\u0131m nominal de\u011feri a\u015ft\u0131\u011f\u0131nda, pil ve \u015farj cihaz\u0131n\u0131 korumak i\u00e7in \u00e7\u0131k\u0131\u015f ak\u0131m\u0131 otomatik olarak s\u0131n\u0131rland\u0131r\u0131l\u0131r.<br \/>\n<strong>\u00b7 <\/strong>K\u0131sa devre korumas\u0131: \u015earj cihaz\u0131, k\u0131sa devrelerin neden oldu\u011fu tehlikeleri \u00f6nlemek i\u00e7in k\u0131sa devre koruma i\u015flevine sahiptir.<br \/>\n<strong>\u00b7 <\/strong>Ters ba\u011flant\u0131 korumas\u0131: Pilin pozitif ve negatif kutuplar\u0131 ters ba\u011fland\u0131\u011f\u0131nda, \u015farj cihaz\u0131 pil ve \u015farj cihaz\u0131n\u0131n zarar g\u00f6rmesini \u00f6nlemek i\u00e7in otomatik olarak \u00e7al\u0131\u015fmay\u0131 durdurur.<br \/>\n<strong>5 LED g\u00f6sterge \u0131\u015f\u0131\u011f\u0131<\/strong><br \/>\n\u015earj cihaz\u0131, mevcut \u015farj durumunu g\u00f6steren LED g\u00f6sterge \u0131\u015f\u0131klar\u0131 ile donat\u0131lm\u0131\u015ft\u0131r:<br \/>\n<strong>\u00b7 <\/strong>K\u0131rm\u0131z\u0131 \u0131\u015f\u0131k: \u015earj oluyor.<br \/>\n<strong>\u00b7 <\/strong> Ye\u015fil \u0131\u015f\u0131k: \u015earj tamamland\u0131 veya bekleme modunda.<br \/>\n<strong>6 Gerilim ve ak\u0131m kalibre edilebilir<\/strong><br \/>\n<strong>\u00b7 <\/strong>\u015earj cihaz\u0131n\u0131n i\u00e7indeki ayarlanabilir diren\u00e7 VR1, 50-59V aras\u0131nda kalibre edilebilir.<br \/>\n<strong>\u00b7 <\/strong>Ayarlanabilir diren\u00e7 VR2, ak\u0131m\u0131 4 ile 5 amper aras\u0131nda kalibre edebilir.<br \/>\n<strong>\u00b7 <\/strong>\u015earj cihaz\u0131n\u0131n \u00e7al\u0131\u015fmas\u0131 i\u00e7in en az 36V pil voltaj\u0131 gerekir.<br \/>\n<strong>\u00b7 <\/strong>\u015earj cihaz\u0131, adapt\u00f6r olarak kullan\u0131lmak \u00fczere do\u011frudan voltaj ve ak\u0131m \u00e7\u0131k\u0131\u015f\u0131 sa\u011flayabilir.<\/p>\n<h2>motosiklet ak\u00fc \u015farj cihaz\u0131 Uygun cihazlar<\/h2>\n<p>\u00b7 Bu <a href=\"https:\/\/ohrija.com\/tr\/urun\/58-8-4v-5a-oled-charger-li-ion-battery-charger\/\">58,8 V 5 A<\/a> Pil \u015farj cihaz\u0131, elektrikli bisikletler, elektrikli scooterlar ve di\u011fer lityum iyon pil cihazlar\u0131 i\u00e7in tasarlanm\u0131\u015ft\u0131r. \u015earj cihaz\u0131, y\u00fcksek verimli d\u00f6n\u00fc\u015ft\u00fcrme teknolojisini kullanarak h\u0131zl\u0131 ve g\u00fcvenli pil \u015farj\u0131 sa\u011flar ve pil \u00f6mr\u00fcn\u00fc uzat\u0131r.<br \/>\n\u015earj cihaz\u0131 yaln\u0131zca 14S 51,8 V lityum iyon piller i\u00e7in uygundur., <a href=\"https:\/\/ohrija.com\/tr\/urun\/58-8-4v-5a-oled-charger-li-ion-battery-charger\/\">elektrikli bisiklet \u015farj cihazlar\u0131<\/a>, elektrikli scooter \u015farj cihazlar\u0131 ve di\u011fer 14S 51,8V lityum iyon pil cihazlar\u0131. motosiklet ak\u00fc \u015farj cihaz\u0131.<\/p>\n<h4>\u015earj s\u00fcresi<\/h4>\n<p>\u00b7 <a href=\"https:\/\/ohrija.com\/tr\/urun\/58-8-4v-5a-oled-charger-li-ion-battery-charger\/\">58,8 V 5 A Li-ion pil \u015farj cihaz\u0131<\/a> 14S 51,8V Li-ion pillerin h\u0131zl\u0131 \u015farj\u0131 i\u00e7in tasarlanm\u0131\u015ft\u0131r ve 14S 51,8V Li-ion pilleri 5 amperlik bir h\u0131zda \u015farj edebilir.<br \/>\n\u00b7 Maksimum 58,8 V voltaj ve 5 A nominal ak\u0131m ile 30 Ah Li-ion pili yakla\u015f\u0131k 6 saatte, 60 Ah pili ise yakla\u015f\u0131k 12 saatte tamamen \u015farj edebilir. 120 Ah pil 24 saatte tamamen \u015farj edilebilir. Daha k\u00fc\u00e7\u00fck piller (&lt;10 Ah) i\u00e7in, kullanman\u0131z\u0131 \u00f6neririz. <a href=\"https:\/\/ohrija.com\/tr\/urun\/ohrija-58-8v-3a-charger-li-ion-battery-charger\/\">3A \u015farj cihaz\u0131<\/a>. T\u00fcm Li-ion piller, bunun gibi Li-ion pillerle uyumlu bir \u015farj cihaz\u0131 kullan\u0131larak \u015farj edilmelidir. Pili \u015farj etmek i\u00e7in ba\u015fka t\u00fcr \u015farj cihazlar\u0131 kullanmak, pilin performans\u0131n\u0131 ve \u00f6mr\u00fcn\u00fc azaltacakt\u0131r.<\/p>\n<h4>S\u0131k\u00e7a sorulan sorular<\/h4>\n<p>1. \u00c7al\u0131\u015fm\u0131yor<br \/>\n\u00b7 AC giri\u015f voltaj\u0131n\u0131n 110 veya 220V olup olmad\u0131\u011f\u0131n\u0131 kontrol edin.<br \/>\n\u00b7 Giri\u015f AC terminalinin do\u011fru ba\u011fland\u0131\u011f\u0131n\u0131 ve sigortan\u0131n hasarl\u0131 olup olmad\u0131\u011f\u0131n\u0131 kontrol edin.<br \/>\n\u00b7 \u00c7\u0131k\u0131\u015f konekt\u00f6r\u00fcn\u00fcn do\u011fru ba\u011fland\u0131\u011f\u0131n\u0131, uyumlu oldu\u011funu ve sigortan\u0131n hasarl\u0131 olup olmad\u0131\u011f\u0131n\u0131 kontrol edin.<br \/>\n\u00b7 BMS sisteminin korunup korunmad\u0131\u011f\u0131n\u0131 kontrol edin<br \/>\n2. G\u00fcr\u00fclt\u00fc ne kadar y\u00fcksek?<br \/>\n\u015earj cihaz\u0131n\u0131n i\u00e7inde bir fan oldu\u011fu i\u00e7in g\u00fcr\u00fclt\u00fc seviyesi yakla\u015f\u0131k 40-60 db'dir.<\/p>","protected":false},"excerpt":{"rendered":"<p>motosiklet ak\u00fc \u015farj cihaz\u0131 li ion ak\u00fc \u015farj cihaz\u0131, al\u00fcminyum ala\u015f\u0131ml\u0131 malzeme, dahili ayarlanabilir d\u00fc\u011fme, voltaj ve ak\u0131m\u0131 kalibre edebilir, 7S 24v lityum iyon ak\u00fcy\u00fc \u015farj edebilir<\/p>","protected":false},"featured_media":9411,"comment_status":"open","ping_status":"closed","template":"","meta":[],"product_cat":[285],"product_tag":[],"class_list":{"0":"post-8499","1":"product","2":"type-product","3":"status-publish","4":"has-post-thumbnail","6":"product_brand-ohrija","7":"product_cat-14s-58-8v-charger","8":"product_shipping_class-180w","10":"first","11":"instock","12":"taxable","13":"shipping-taxable","14":"purchasable","15":"product-type-variable","16":"wvs-archive-product-wrapper","17":"col-xs-6 col-sm-4","18":"col-md-3 col-lg-3","19":"un-4-cols"},"jetpack_sharing_enabled":true,"_links":{"self":[{"href":"http:\/\/ohrija.com\/tr\/wp-json\/wp\/v2\/product\/8499","targetHints":{"allow":["GET"]}}],"collection":[{"href":"http:\/\/ohrija.com\/tr\/wp-json\/wp\/v2\/product"}],"about":[{"href":"http:\/\/ohrija.com\/tr\/wp-json\/wp\/v2\/types\/product"}],"replies":[{"embeddable":true,"href":"http:\/\/ohrija.com\/tr\/wp-json\/wp\/v2\/comments?post=8499"}],"version-history":[{"count":0,"href":"http:\/\/ohrija.com\/tr\/wp-json\/wp\/v2\/product\/8499\/revisions"}],"wp:featuredmedia":[{"embeddable":true,"href":"http:\/\/ohrija.com\/tr\/wp-json\/wp\/v2\/media\/9411"}],"wp:attachment":[{"href":"http:\/\/ohrija.com\/tr\/wp-json\/wp\/v2\/media?parent=8499"}],"wp:term":[{"taxonomy":"product_cat","embeddable":true,"href":"http:\/\/ohrija.com\/tr\/wp-json\/wp\/v2\/product_cat?post=8499"},{"taxonomy":"product_tag","embeddable":true,"href":"http:\/\/ohrija.com\/tr\/wp-json\/wp\/v2\/product_tag?post=8499"}],"curies":[{"name":"wp","href":"https:\/\/api.w.org\/{rel}","templated":true}]}}