{"id":37006,"date":"2025-12-31T11:31:53","date_gmt":"2025-12-31T11:31:53","guid":{"rendered":"https:\/\/ohrija.com\/?post_type=product&#038;p=37006"},"modified":"2025-12-31T11:41:27","modified_gmt":"2025-12-31T11:41:27","slug":"ohrija-100-8v-lityum-iyon-pil-sarj-cihazi-2","status":"publish","type":"product","link":"http:\/\/ohrija.com\/tr\/urun\/ohrija-100-8v-lityum-iyon-pil-sarj-cihazi-2\/","title":{"rendered":"OHRIJA 100,8 V lityum iyon pil \u015farj cihaz\u0131 100,8 V 10 A \u015farj cihaz\u0131, 24S 88,8 V Li-ion Pil \u015earj Cihazlar\u0131 i\u00e7in uygundur."},"content":{"rendered":"<h4><span style=\"color: #ff0000;\">Uyar\u0131<\/span><\/h4>\n<p>L\u00fctfen gerekli parametreleri, giri\u015f fi\u015fini ve \u00e7\u0131k\u0131\u015f konekt\u00f6r\u00fcn\u00fc onaylay\u0131n. Onaylayam\u0131yorsan\u0131z, l\u00fctfen sat\u0131n almay\u0131n veya destek i\u00e7in m\u00fc\u015fteri hizmetlerine ba\u015fvurun. Te\u015fekk\u00fcr ederiz!<br \/>\n1. Y\u00fcksek s\u0131cakl\u0131kta, karanl\u0131k ve nemli ortamlarda kullanmay\u0131n.<br \/>\n2. Havaland\u0131r\u0131lan bir ortamda saklay\u0131n.<br \/>\n3. Yan\u0131c\u0131 ve patlay\u0131c\u0131 maddelerden uzak tutun.<\/p>\n<h4>\u00dcr\u00fcn parametreleri<\/h4>\n<p>\u00dcr\u00fcn modeli: HRH1200<br \/>\n\u00dcr\u00fcn malzemesi: al\u00fcminyum ala\u015f\u0131ml\u0131 kabuk<br \/>\n\u00c7\u0131k\u0131\u015f gerilimi: maksimum 100,8V \u00b10,2V<br \/>\n\u00c7\u0131k\u0131\u015f ak\u0131m\u0131: maksimum 10A \u00b10,2A<br \/>\n\u00dcr\u00fcn boyutu: 240*105*70MM 1,182 kg<br \/>\nUygulanabilir pil tipi:24S 88,8V lityum-iyon pil<br \/>\n\u00c7al\u0131\u015fma g\u00fcc\u00fc: maksimum 1200 W<br \/>\nRenk: siyah<br \/>\nGiri\u015f fi\u015fi: ABD, AB, \u0130ngiltere, Avustralya (yerel standartlara g\u00f6re do\u011fru fi\u015fi se\u00e7in)<br \/>\n\u00c7\u0131k\u0131\u015f konekt\u00f6r\u00fc: XT60 | XT90 | Timsah Klipsi | Anderson 50A | Tel Burun | 45A | GX16 1+3- | XLR | IEC C13 (pil ba\u011flant\u0131 noktas\u0131na g\u00f6re do\u011fru konekt\u00f6r\u00fc se\u00e7in)<br \/>\nPaket: \u015farj cihaz\u0131 * 1, DC 1 m \u00e7\u0131k\u0131\u015f kablosu * 1, giri\u015f kablosu 1 m * 1, kullan\u0131m k\u0131lavuzu * 1<br \/>\nUygulanabilir cihazlar: 24 h\u00fccreli lityum-iyon pil, 100,8V \u00b10,2V'de tam \u015farjl\u0131.<\/p>","protected":false},"excerpt":{"rendered":"<p>100,8 V lityum iyon pil \u015farj cihaz\u0131, Li iyon pil \u015farj cihaz\u0131, al\u00fcminyum ala\u015f\u0131ml\u0131 malzeme, dahili ayarlanabilir d\u00fc\u011fme, voltaj ve ak\u0131m\u0131 kalibre edebilir, 24S 88,8 V Li-ion Pil \u015earj Cihazlar\u0131n\u0131 \u015farj edebilir.<\/p>","protected":false},"featured_media":37016,"comment_status":"open","ping_status":"closed","template":"","meta":[],"product_cat":[1678],"product_tag":[],"class_list":{"0":"post-37006","1":"product","2":"type-product","3":"status-publish","4":"has-post-thumbnail","6":"product_brand-ohrija","7":"product_cat-24s-100-8v-charger","8":"product_shipping_class-900w","10":"first","11":"instock","12":"taxable","13":"shipping-taxable","14":"purchasable","15":"product-type-variable","16":"wvs-archive-product-wrapper","17":"col-xs-6 col-sm-4","18":"col-md-3 col-lg-3","19":"un-4-cols"},"jetpack_sharing_enabled":true,"_links":{"self":[{"href":"http:\/\/ohrija.com\/tr\/wp-json\/wp\/v2\/product\/37006","targetHints":{"allow":["GET"]}}],"collection":[{"href":"http:\/\/ohrija.com\/tr\/wp-json\/wp\/v2\/product"}],"about":[{"href":"http:\/\/ohrija.com\/tr\/wp-json\/wp\/v2\/types\/product"}],"replies":[{"embeddable":true,"href":"http:\/\/ohrija.com\/tr\/wp-json\/wp\/v2\/comments?post=37006"}],"version-history":[{"count":0,"href":"http:\/\/ohrija.com\/tr\/wp-json\/wp\/v2\/product\/37006\/revisions"}],"wp:featuredmedia":[{"embeddable":true,"href":"http:\/\/ohrija.com\/tr\/wp-json\/wp\/v2\/media\/37016"}],"wp:attachment":[{"href":"http:\/\/ohrija.com\/tr\/wp-json\/wp\/v2\/media?parent=37006"}],"wp:term":[{"taxonomy":"product_cat","embeddable":true,"href":"http:\/\/ohrija.com\/tr\/wp-json\/wp\/v2\/product_cat?post=37006"},{"taxonomy":"product_tag","embeddable":true,"href":"http:\/\/ohrija.com\/tr\/wp-json\/wp\/v2\/product_tag?post=37006"}],"curies":[{"name":"wp","href":"https:\/\/api.w.org\/{rel}","templated":true}]}}