{"id":9094,"date":"2024-09-20T22:52:33","date_gmt":"2024-09-20T14:52:33","guid":{"rendered":"https:\/\/ohrija.com\/?post_type=product&#038;p=9094"},"modified":"2026-03-23T08:15:18","modified_gmt":"2026-03-23T08:15:18","slug":"12v-power-supply-12v-83a-1000w-ac-to-dc-converter-110v-120v-to-12v-transformer-led-driver-smart-cooling-fan-designed-for-led-strip-cctv-and-car-devices","status":"publish","type":"product","link":"http:\/\/ohrija.com\/pt\/produto\/12v-power-supply-12v-83a-1000w-ac-to-dc-converter-110v-120v-to-12v-transformer-led-driver-smart-cooling-fan-designed-for-led-strip-cctv-and-car-devices\/","title":{"rendered":"Fonte de alimenta\u00e7\u00e3o de 12 V Conversor CA para CC de 12 V 83 A 1000 W Transformador de 110 V\/120 V para 12 V Driver LED Ventilador de refrigera\u00e7\u00e3o inteligente Projetado para fitas LED CCTV e dispositivos automotivos"},"content":{"rendered":"<h4><span style=\"color: #ff0000;\">Aviso<\/span><\/h4>\n<p>Confirme os par\u00e2metros necess\u00e1rios, plugue de entrada. Se n\u00e3o puder confirmar, n\u00e3o compre ou entre em contato com o atendimento ao cliente para obter suporte. Obrigado!<br \/>\n1. N\u00e3o utilize em ambientes com temperaturas elevadas, escuros e \u00famidos.<br \/>\n2. Mantenha-o em um ambiente ventilado.<br \/>\n3. Mantenha longe de itens inflam\u00e1veis e explosivos.<\/p>\n<h4>Par\u00e2metros do produto<\/h4>\n<ul class=\"a-unordered-list a-vertical a-spacing-mini\">\n<li class=\"a-spacing-mini\"><span class=\"a-list-item\">\u3010Conversor atualizado de 110V CA para 12V CC\u3011Essa abrangente fonte de alimenta\u00e7\u00e3o de 12V \u00e9 compat\u00edvel com tens\u00f5es de entrada de 110V e 220V, comut\u00e1veis por meio de um interruptor lateral, para uso global. Sua tens\u00e3o de sa\u00edda \u00e9 de 12 V com uma faixa de ajuste de 5%. Embora a pot\u00eancia nominal seja de 1000 W, recomenda-se que n\u00e3o seja usado mais do que 80% dessa pot\u00eancia nominal para garantir a longevidade.<\/span><\/li>\n<li class=\"a-spacing-mini\"><span class=\"a-list-item\">Caixa de alum\u00ednio dur\u00e1vel com design de resfriamento eficiente. Com uma caixa de alum\u00ednio, este conversor CA para CC de 110 V para 12 V \u00e9 dur\u00e1vel e elegante. Seu design esqueletizado n\u00e3o apenas melhora a est\u00e9tica, mas tamb\u00e9m resfria com efici\u00eancia a fonte de alimenta\u00e7\u00e3o de 12 V CC, melhorando a efici\u00eancia. Ventilador de resfriamento integrado com orif\u00edcios de dissipa\u00e7\u00e3o de calor e detector de temperatura. Quando a temperatura interna est\u00e1 muito alta, o ventilador liga automaticamente para realizar um resfriamento inteligente.<\/span><\/li>\n<li class=\"a-spacing-mini\"><span class=\"a-list-item\">Componentes internos de alta qualidade para uma transmiss\u00e3o de energia est\u00e1vel. Para os componentes internos, utilizamos bobinas e transformadores sem oxig\u00eanio de alta qualidade para garantir uma transmiss\u00e3o de energia est\u00e1vel, minimizar a perda de energia e melhorar o desempenho geral do produto. Al\u00e9m disso, os capacitores de filtragem EMI filtram eficazmente as ondas dispersas e as perturba\u00e7\u00f5es de energia para manter a pureza da corrente de sa\u00edda. Com um design avan\u00e7ado de chip, fornece uma fonte de alimenta\u00e7\u00e3o est\u00e1vel e segura de 12 volts para os dispositivos conectados.<\/span><\/li>\n<li class=\"a-spacing-mini\"><span class=\"a-list-item\">\u3010V\u00e1rias funcionalidades de seguran\u00e7a para um funcionamento fi\u00e1vel\u3011Este controlador LED possui v\u00e1rias funcionalidades de seguran\u00e7a, incluindo prote\u00e7\u00e3o contra curto-circuito, sobrecorrente, sobrecarga e sobretemperatura. Uma luz indicadora de estado serve como sinal visual; quando acesa, indica um funcionamento normal. Se a luz come\u00e7ar a piscar, isso indica que o controlador excedeu o seu limite de prote\u00e7\u00e3o previsto. Nesses casos, inspecione o equipamento conectado e as entradas de energia e tome as medidas adequadas.<\/span><\/li>\n<li class=\"a-spacing-mini\"><span class=\"a-list-item\">\u3010Conversor de energia vers\u00e1til para diversas aplica\u00e7\u00f5es\u3011Este transformador vers\u00e1til foi projetado para uma ampla gama de dispositivos e cen\u00e1rios, incluindo luzes LED, sistemas de seguran\u00e7a residencial, sistemas automotivos, equipamentos industriais e muito mais. Com um conversor de energia de 12 V, ele converte CA em CC de forma integrada, tornando-se o companheiro perfeito para suas necessidades de energia, seja em casa, no carro ou em qualquer outro lugar.<\/span><\/li>\n<\/ul>\n<p>&nbsp;<\/p>","protected":false},"excerpt":{"rendered":"<p>Warning Please confirm the required parameters, input plug . If you cannot confirm, please do not buy or contact customer service for support.\u00a0 Thank you! 1. Do not use in high temperature, dark and humid environment 2. Keep it in a ventilated environment 3. Keep away from flammable and explosive items Product parameters \u3010Upgraded 110V&hellip;<\/p>","protected":false},"featured_media":9101,"comment_status":"open","ping_status":"closed","template":"","meta":[],"product_cat":[331],"product_tag":[],"class_list":{"0":"post-9094","1":"product","2":"type-product","3":"status-publish","4":"has-post-thumbnail","6":"product_brand-ohrija","7":"product_cat-dc-12v-power","8":"product_shipping_class-600w","10":"first","11":"instock","12":"taxable","13":"shipping-taxable","14":"purchasable","15":"product-type-variable","16":"wvs-archive-product-wrapper","17":"col-xs-6 col-sm-4","18":"col-md-3 col-lg-3","19":"un-4-cols"},"jetpack_sharing_enabled":true,"_links":{"self":[{"href":"http:\/\/ohrija.com\/pt\/wp-json\/wp\/v2\/product\/9094","targetHints":{"allow":["GET"]}}],"collection":[{"href":"http:\/\/ohrija.com\/pt\/wp-json\/wp\/v2\/product"}],"about":[{"href":"http:\/\/ohrija.com\/pt\/wp-json\/wp\/v2\/types\/product"}],"replies":[{"embeddable":true,"href":"http:\/\/ohrija.com\/pt\/wp-json\/wp\/v2\/comments?post=9094"}],"version-history":[{"count":1,"href":"http:\/\/ohrija.com\/pt\/wp-json\/wp\/v2\/product\/9094\/revisions"}],"predecessor-version":[{"id":37354,"href":"http:\/\/ohrija.com\/pt\/wp-json\/wp\/v2\/product\/9094\/revisions\/37354"}],"wp:featuredmedia":[{"embeddable":true,"href":"http:\/\/ohrija.com\/pt\/wp-json\/wp\/v2\/media\/9101"}],"wp:attachment":[{"href":"http:\/\/ohrija.com\/pt\/wp-json\/wp\/v2\/media?parent=9094"}],"wp:term":[{"taxonomy":"product_cat","embeddable":true,"href":"http:\/\/ohrija.com\/pt\/wp-json\/wp\/v2\/product_cat?post=9094"},{"taxonomy":"product_tag","embeddable":true,"href":"http:\/\/ohrija.com\/pt\/wp-json\/wp\/v2\/product_tag?post=9094"}],"curies":[{"name":"wp","href":"https:\/\/api.w.org\/{rel}","templated":true}]}}