{"id":37006,"date":"2025-12-31T11:31:53","date_gmt":"2025-12-31T11:31:53","guid":{"rendered":"https:\/\/ohrija.com\/?post_type=product&#038;p=37006"},"modified":"2025-12-31T11:41:27","modified_gmt":"2025-12-31T11:41:27","slug":"carregador-de-bateria-de-ion-litio-ohrija-100-8v","status":"publish","type":"product","link":"http:\/\/ohrija.com\/pt\/produto\/carregador-de-bateria-de-ion-litio-ohrija-100-8v\/","title":{"rendered":"Carregador de bateria de \u00edon-l\u00edtio OHRIJA 100,8 V O carregador de 100,8 V e 10 A \u00e9 adequado para carregadores de bateria de \u00edon-l\u00edtio 24S 88,8 V."},"content":{"rendered":"<h4><span style=\"color: #ff0000;\">Aviso<\/span><\/h4>\n<p>Confirme os par\u00e2metros necess\u00e1rios, o plugue de entrada e o conector de sa\u00edda. Se n\u00e3o puder confirmar, n\u00e3o compre ou entre em contato com o atendimento ao cliente para obter suporte. Obrigado!<br \/>\n1. N\u00e3o utilize em ambientes com temperaturas elevadas, escuros e \u00famidos.<br \/>\n2. Mantenha-o em um ambiente ventilado.<br \/>\n3. Mantenha longe de itens inflam\u00e1veis e explosivos.<\/p>\n<h4>Par\u00e2metros do produto<\/h4>\n<p>Modelo do produto: HRH1200<br \/>\nMaterial do produto: estrutura em liga de alum\u00ednio<br \/>\nTens\u00e3o de sa\u00edda: m\u00e1ximo de 100,8 V \u00b10,2 V<br \/>\nCorrente de sa\u00edda: m\u00e1xima 10 A \u00b10,2 A<br \/>\nDimens\u00f5es do produto: 240*105*70 mm 1,182 kg<br \/>\nTipo de bateria aplic\u00e1vel: bateria de \u00edons de l\u00edtio 24S 88,8V<br \/>\nPot\u00eancia de trabalho: m\u00e1xima 1200 W<br \/>\nCor: preto<br \/>\nPlugue de entrada: EUA, UE, Reino Unido, Austr\u00e1lia (selecione o plugue correto de acordo com as normas locais)<br \/>\nConector de sa\u00edda: XT60 | XT90 | Pin\u00e7a crocodilo | Anderson 50A | Wire Nose | 45A | GX16 1+3- | XLR | IEC C13 (selecione o conector correto de acordo com a porta da bateria)<br \/>\nEmbalagem: carregador * 1, cabo de sa\u00edda DC de 1 m * 1, cabo de entrada de 1 m * 1, manual de instru\u00e7\u00f5es * 1<br \/>\nDispositivos aplic\u00e1veis: Bateria de \u00edons de l\u00edtio de 24 c\u00e9lulas, totalmente carregada a 100,8 V \u00b1 0,2 V.<\/p>","protected":false},"excerpt":{"rendered":"<p>Carregador de bateria de \u00edon de l\u00edtio de 100,8 V, carregador de bateria de \u00edon de l\u00edtio, material de liga de alum\u00ednio, bot\u00e3o interno ajust\u00e1vel, pode calibrar tens\u00e3o e corrente, pode carregar carregadores de bateria de \u00edon de l\u00edtio 24S 88,8 V.<\/p>","protected":false},"featured_media":37016,"comment_status":"open","ping_status":"closed","template":"","meta":[],"product_cat":[1678],"product_tag":[],"class_list":{"0":"post-37006","1":"product","2":"type-product","3":"status-publish","4":"has-post-thumbnail","6":"product_brand-ohrija","7":"product_cat-24s-100-8v-charger","8":"product_shipping_class-900w","10":"first","11":"instock","12":"taxable","13":"shipping-taxable","14":"purchasable","15":"product-type-variable","16":"wvs-archive-product-wrapper","17":"col-xs-6 col-sm-4","18":"col-md-3 col-lg-3","19":"un-4-cols"},"jetpack_sharing_enabled":true,"_links":{"self":[{"href":"http:\/\/ohrija.com\/pt\/wp-json\/wp\/v2\/product\/37006","targetHints":{"allow":["GET"]}}],"collection":[{"href":"http:\/\/ohrija.com\/pt\/wp-json\/wp\/v2\/product"}],"about":[{"href":"http:\/\/ohrija.com\/pt\/wp-json\/wp\/v2\/types\/product"}],"replies":[{"embeddable":true,"href":"http:\/\/ohrija.com\/pt\/wp-json\/wp\/v2\/comments?post=37006"}],"version-history":[{"count":0,"href":"http:\/\/ohrija.com\/pt\/wp-json\/wp\/v2\/product\/37006\/revisions"}],"wp:featuredmedia":[{"embeddable":true,"href":"http:\/\/ohrija.com\/pt\/wp-json\/wp\/v2\/media\/37016"}],"wp:attachment":[{"href":"http:\/\/ohrija.com\/pt\/wp-json\/wp\/v2\/media?parent=37006"}],"wp:term":[{"taxonomy":"product_cat","embeddable":true,"href":"http:\/\/ohrija.com\/pt\/wp-json\/wp\/v2\/product_cat?post=37006"},{"taxonomy":"product_tag","embeddable":true,"href":"http:\/\/ohrija.com\/pt\/wp-json\/wp\/v2\/product_tag?post=37006"}],"curies":[{"name":"wp","href":"https:\/\/api.w.org\/{rel}","templated":true}]}}