{"id":29057,"date":"2025-12-04T03:31:34","date_gmt":"2025-12-04T03:31:34","guid":{"rendered":"https:\/\/ohrija.com\/?post_type=product&#038;p=29057"},"modified":"2026-02-22T07:41:11","modified_gmt":"2026-02-22T07:41:11","slug":"ohrija-48v-lifepo4-battery-charger-54-75v-15a-charger","status":"publish","type":"product","link":"http:\/\/ohrija.com\/pt\/produto\/ohrija-48v-lifepo4-battery-charger-54-75v-15a-charger\/","title":{"rendered":"Carregador de bateria OHRIJA 48V Lifepo4 O carregador de 54,75V 15A torna-o adequado para baterias Lifepo4 15S 43,8V."},"content":{"rendered":"<h4><span style=\"color: #ff0000;\">Aviso<\/span><\/h4>\n<p>Confirme os par\u00e2metros necess\u00e1rios, o plugue de entrada e o conector de sa\u00edda. Se n\u00e3o for poss\u00edvel confirmar, n\u00e3o compre o produto e entre em contato com o atendimento ao cliente para obter suporte. Obrigado!<br \/>\n1. N\u00e3o utilize em ambientes com temperaturas elevadas, escuros e \u00famidos.<br \/>\n2. Mantenha-o em um ambiente ventilado.<br \/>\n3. Mantenha longe de itens inflam\u00e1veis e explosivos.<\/p>\n<h4>Par\u00e2metros do produto<\/h4>\n<p>Modelo do produto: HRH900N<br \/>\nMaterial do produto: estrutura em liga de alum\u00ednio<br \/>\nTens\u00e3o de sa\u00edda: m\u00e1ximo de 54,75 V \u00b10,2 V<br \/>\nCorrente de sa\u00edda: m\u00e1ximo de 15A \u00b10,2A<br \/>\nDimens\u00f5es do produto: 212*93,5*60 mm 1,2 kg<br \/>\nTipo de bateria aplic\u00e1vel: bateria 15S 54,75V Lifepo4<br \/>\nPot\u00eancia de trabalho: m\u00e1ximo de 835 W<br \/>\nCor: preto<br \/>\nPlugue de entrada: EUA, UE, Reino Unido, Austr\u00e1lia (selecione o plugue correto de acordo com as normas locais)<br \/>\nConector de sa\u00edda: XT60 | XT90 | Pin\u00e7a crocodilo | Anderson 50A | Bico de fio | 45A (selecione o conector correto de acordo com a porta da bateria)<br \/>\nEmbalagem: carregador * 1, cabo de sa\u00edda DC de 1 m * 1, cabo de entrada de 1 m * 1, manual de instru\u00e7\u00f5es * 1<\/p>\n<p>Dispositivos aplic\u00e1veis: Baterias LifeP4 de 15 c\u00e9lulas, totalmente carregadas at\u00e9 54,75 V \u00b1 0,2 V.<\/p>","protected":false},"excerpt":{"rendered":"<p>Carregador de bateria LiFePO4 li48, material em liga de alum\u00ednio, bot\u00e3o interno ajust\u00e1vel, pode calibrar tens\u00e3o e corrente, pode carregar baterias LiFePO4 15S 54,75 V. Carregador de bateria LiFePO4. .<\/p>","protected":false},"featured_media":29117,"comment_status":"open","ping_status":"closed","template":"","meta":[],"product_cat":[303],"product_tag":[],"class_list":{"0":"post-29057","1":"product","2":"type-product","3":"status-publish","4":"has-post-thumbnail","6":"product_brand-ohrija","7":"product_cat-15s-54-75v-charger","8":"product_shipping_class-600w","10":"first","11":"instock","12":"taxable","13":"shipping-taxable","14":"purchasable","15":"product-type-variable","16":"wvs-archive-product-wrapper","17":"col-xs-6 col-sm-4","18":"col-md-3 col-lg-3","19":"un-4-cols"},"jetpack_sharing_enabled":true,"_links":{"self":[{"href":"http:\/\/ohrija.com\/pt\/wp-json\/wp\/v2\/product\/29057","targetHints":{"allow":["GET"]}}],"collection":[{"href":"http:\/\/ohrija.com\/pt\/wp-json\/wp\/v2\/product"}],"about":[{"href":"http:\/\/ohrija.com\/pt\/wp-json\/wp\/v2\/types\/product"}],"replies":[{"embeddable":true,"href":"http:\/\/ohrija.com\/pt\/wp-json\/wp\/v2\/comments?post=29057"}],"version-history":[{"count":0,"href":"http:\/\/ohrija.com\/pt\/wp-json\/wp\/v2\/product\/29057\/revisions"}],"wp:featuredmedia":[{"embeddable":true,"href":"http:\/\/ohrija.com\/pt\/wp-json\/wp\/v2\/media\/29117"}],"wp:attachment":[{"href":"http:\/\/ohrija.com\/pt\/wp-json\/wp\/v2\/media?parent=29057"}],"wp:term":[{"taxonomy":"product_cat","embeddable":true,"href":"http:\/\/ohrija.com\/pt\/wp-json\/wp\/v2\/product_cat?post=29057"},{"taxonomy":"product_tag","embeddable":true,"href":"http:\/\/ohrija.com\/pt\/wp-json\/wp\/v2\/product_tag?post=29057"}],"curies":[{"name":"wp","href":"https:\/\/api.w.org\/{rel}","templated":true}]}}