{"id":7216,"date":"2024-05-17T20:03:28","date_gmt":"2024-05-17T12:03:28","guid":{"rendered":"https:\/\/ohrija.com\/?post_type=product&#038;p=7216"},"modified":"2026-02-13T07:46:33","modified_gmt":"2026-02-13T07:46:33","slug":"ohrija-5a-24-volt-wheelchair-battery-charger","status":"publish","type":"product","link":"http:\/\/ohrija.com\/it\/prodotto\/ohrija-5a-24-volt-wheelchair-battery-charger\/","title":{"rendered":"Il caricabatterie per sedie a rotelle elettriche OHRIJA da 24 V e 5 A \u00e8 adatto per batterie al piombo da 27,6 V."},"content":{"rendered":"<h4><span style=\"color: #ff0000;\">Avvertenza<\/span><\/h4>\n<p>Si prega di confermare i parametri richiesti, la spina di ingresso e il connettore di uscita. Se non \u00e8 possibile confermare, si prega di non procedere all'acquisto o di contattare il servizio clienti per assistenza. Grazie!<br \/>\n1. Non utilizzare in ambienti con temperature elevate, bui e umidi.<br \/>\n2. Conservarlo in un ambiente ventilato<br \/>\n3. Tenere lontano da oggetti infiammabili ed esplosivi.<\/p>\n<h4>Parametri del prodotto<\/h4>\n<p>Modello del prodotto: HRH180<br \/>\nMateriale del prodotto: guscio in lega di alluminio<br \/>\nTensione di uscita: massimo 27,6 V\/29,4 V \u00b1 0,2 V<br \/>\nCorrente di uscita: massimo 5 Amp \u00b10,2 A<br \/>\nDimensioni del prodotto: 135*90*50 mm 0,9 kg<br \/>\nTipo di batteria applicabile: batteria al piombo da 24 V<br \/>\nPotenza di lavoro: massimo 175 W<br \/>\nColore: nero, argento, rosso, blu, verde opzionale<br \/>\nSpina di alimentazione: US, EU, UK, AU (selezionare la spina corretta in base agli standard locali)<br \/>\nConnettore di uscita: XT60 | XT90 | Morsetto a coccodrillo | Anderson 50A | Wire Nose | DC5.5*2.5 | GX16 1+3- | XLR | IEC C13 | 45A (selezionare il connettore corretto in base alla porta della batteria)<br \/>\nContenuto della confezione: caricabatterie*1, cavo di uscita CC da 1 m*1, cavo di ingresso da 1 m*1, manuale di istruzioni*1<\/p>\n<h4>Presentazione del prodotto<\/h4>\n<p><strong>1. Ricarica efficiente<\/strong><br \/>\nGrazie all'adozione di una tecnologia avanzata di alimentazione a commutazione, l'efficienza di ricarica raggiunge l'85% o pi\u00f9, riducendo i tempi di ricarica e il consumo energetico.<br \/>\n<strong>2. Modalit\u00e0 di ricarica a tensione costante e corrente costante<\/strong><br \/>\nIl caricabatterie funziona in modalit\u00e0 corrente costante (CC) fino a quando la tensione della batteria non si avvicina al valore impostato (27,6 V), quindi passa alla modalit\u00e0 tensione costante (CV) per garantire la sicurezza del processo di ricarica ed evitare il sovraccarico.<br \/>\n<strong>3. Funzioni di protezione multiple<\/strong><br \/>\n<strong>\u00b7 <\/strong>Protezione da sovratensione: quando la tensione supera il range di sicurezza, il caricabatterie interrompe automaticamente l'alimentazione per evitare danni alla batteria.<br \/>\n<strong>\u00b7 <\/strong>Protezione da sovracorrente: quando la corrente supera il valore nominale, la corrente di uscita viene automaticamente limitata per proteggere la batteria e il caricabatterie.<br \/>\n<strong>\u00b7 <\/strong>Protezione da cortocircuito: il caricabatterie \u00e8 dotato di una funzione di protezione da cortocircuito per evitare pericoli causati da cortocircuiti.<br \/>\n<strong>\u00b7 <\/strong>Protezione contro l'inversione di polarit\u00e0: quando i poli positivo e negativo della batteria vengono invertiti, il caricabatterie smette automaticamente di funzionare per evitare danni alla batteria e al caricabatterie.<br \/>\n<strong>4. Indicatori luminosi a LED<\/strong><br \/>\nIl caricabatterie \u00e8 dotato di indicatori LED che mostrano lo stato di carica attuale:<br \/>\n<strong>\u00b7 <\/strong>Luce rossa: in carica.<br \/>\n<strong>\u00b7 <\/strong> Luce verde: ricarica completata o in standby.<br \/>\n<strong>5. La tensione e la corrente possono essere calibrate.<\/strong><br \/>\n<strong>\u00b7 <\/strong>Il resistore regolabile VR2 pu\u00f2 calibrare la corrente tra 3 e 5 ampere.<br \/>\n<strong>\u00b7 <\/strong>Il caricabatterie necessita di una tensione della batteria di almeno 13 V per funzionare.<br \/>\n<strong>\u00b7 <\/strong>Il caricabatterie pu\u00f2 fornire direttamente tensione e corrente per essere utilizzato come adattatore.<\/p>\n<h2>Caricabatterie per sedie a rotelle elettriche Dispositivi compatibili<\/h2>\n<p>\u00b7 Questo <a href=\"https:\/\/ohrija.com\/it\/prodotto\/5a-24-volt-wheelchair-battery-charger\/\">24 V 5 A<\/a> Il caricabatterie al piombo \u00e8 progettato per sedie a rotelle elettriche e altri dispositivi con batterie al piombo. Il caricabatterie utilizza una tecnologia di conversione ad alta efficienza per garantire una ricarica rapida e sicura della batteria e prolungarne la durata.<br \/>\nIl caricabatterie \u00e8 adatto solo per batterie al piombo da 24 V., <a href=\"https:\/\/ohrija.com\/it\/prodotto\/5a-24-volt-wheelchair-battery-charger\/\">caricabatterie per sedia a rotelle elettrica<\/a>,e altri dispositivi con batterie al piombo da 24 V,<a href=\"https:\/\/ohrija.com\/it\/categoria-prodotto\/caricabatterie-per-sedia-a-rotelle-elettrica\/\">Caricabatterie per sedia a rotelle elettrica<\/a>.<\/p>\n<h4>Tempo di ricarica<\/h4>\n<p>\u00b7 Il <a href=\"https:\/\/ohrija.com\/it\/prodotto\/5a-24-volt-wheelchair-battery-charger\/\">Caricabatterie per batterie al piombo da 24 V 5 A<\/a> \u00e8 progettato per la ricarica rapida di batterie al piombo da 24 V e pu\u00f2 ricaricare batterie al piombo da 24 V a una velocit\u00e0 di 5 ampere.<br \/>\n\u00b7 La tensione massima \u00e8 di 27,6 V quando non \u00e8 collegata alcuna batteria e di 29,4 V durante la ricarica. La corrente nominale \u00e8 di 5 A, che consente di ricaricare completamente una batteria al piombo da 30 Ah in circa 6 ore e una batteria da 50 Ah in circa 10 ore. Una batteria da 80 Ah pu\u00f2 essere caricata completamente in 16 ore. Per batterie pi\u00f9 piccole (&lt;10 Ah), si consiglia di utilizzare un <a href=\"https:\/\/ohrija.com\/it\/prodotto\/5a-24-volt-wheelchair-battery-charger\/\">5A<\/a> caricabatteria. Tutte le batterie al piombo devono essere ricaricate con un caricabatteria compatibile con le batterie al piombo, come questo caricabatteria. La ricarica della batteria con altri tipi di caricabatteria ne ridurr\u00e0 le prestazioni e la durata.<\/p>\n<h4>Domande frequenti<\/h4>\n<p>1. Non funzionante<br \/>\n\u00b7 Controllare se la tensione di ingresso CA \u00e8 110 o 220 V.<br \/>\n\u00b7 Controllare che il terminale CA di ingresso sia collegato correttamente e che il fusibile non sia danneggiato.<br \/>\n\u00b7 Controllare che il connettore di uscita sia collegato correttamente, che corrisponda e che il fusibile non sia danneggiato.<br \/>\n\u00b7 Verificare che il sistema BMS sia protetto<br \/>\n2. Quanto \u00e8 forte il rumore?<br \/>\nPoich\u00e9 all'interno del caricabatterie \u00e8 presente una ventola, il rumore \u00e8 di circa 40-60 db.<\/p>","protected":false},"excerpt":{"rendered":"<p>Caricabatteria per sedie a rotelle da 24 volt, caricabatteria per sedie a rotelle elettriche, materiale in lega di alluminio, pulsante interno regolabile, in grado di calibrare tensione e corrente, in grado di caricare batterie al piombo da 24 V.<\/p>","protected":false},"featured_media":9394,"comment_status":"open","ping_status":"closed","template":"","meta":[],"product_cat":[293,321],"product_tag":[],"class_list":{"0":"post-7216","1":"product","2":"type-product","3":"status-publish","4":"has-post-thumbnail","6":"product_cat-4s-24v-27-6v-charger","7":"product_cat-electric-wheelchair-charger","8":"product_shipping_class-180w","10":"first","11":"instock","12":"taxable","13":"shipping-taxable","14":"purchasable","15":"product-type-variable","16":"wvs-archive-product-wrapper","17":"col-xs-6 col-sm-4","18":"col-md-3 col-lg-3","19":"un-4-cols"},"jetpack_sharing_enabled":true,"_links":{"self":[{"href":"http:\/\/ohrija.com\/it\/wp-json\/wp\/v2\/product\/7216","targetHints":{"allow":["GET"]}}],"collection":[{"href":"http:\/\/ohrija.com\/it\/wp-json\/wp\/v2\/product"}],"about":[{"href":"http:\/\/ohrija.com\/it\/wp-json\/wp\/v2\/types\/product"}],"replies":[{"embeddable":true,"href":"http:\/\/ohrija.com\/it\/wp-json\/wp\/v2\/comments?post=7216"}],"version-history":[{"count":0,"href":"http:\/\/ohrija.com\/it\/wp-json\/wp\/v2\/product\/7216\/revisions"}],"wp:featuredmedia":[{"embeddable":true,"href":"http:\/\/ohrija.com\/it\/wp-json\/wp\/v2\/media\/9394"}],"wp:attachment":[{"href":"http:\/\/ohrija.com\/it\/wp-json\/wp\/v2\/media?parent=7216"}],"wp:term":[{"taxonomy":"product_cat","embeddable":true,"href":"http:\/\/ohrija.com\/it\/wp-json\/wp\/v2\/product_cat?post=7216"},{"taxonomy":"product_tag","embeddable":true,"href":"http:\/\/ohrija.com\/it\/wp-json\/wp\/v2\/product_tag?post=7216"}],"curies":[{"name":"wp","href":"https:\/\/api.w.org\/{rel}","templated":true}]}}