{"id":9674,"date":"2024-10-21T06:37:51","date_gmt":"2024-10-21T11:37:51","guid":{"rendered":"https:\/\/ohrija.com\/?post_type=product&#038;p=9674"},"modified":"2025-12-08T11:15:22","modified_gmt":"2025-12-08T11:15:22","slug":"12v-power-supply-12v-50a-600w-ac-to-dc","status":"publish","type":"product","link":"http:\/\/ohrija.com\/fr\/produit\/12v-power-supply-12v-50a-600w-ac-to-dc\/","title":{"rendered":"Alimentation 12 V Convertisseur CA\/CC 12 V 50 A 600 W Transformateur 110 V\/120 V \u00e0 12 V Pilote LED Ventilateur de refroidissement intelligent Con\u00e7u pour les bandes LED, les cam\u00e9ras de vid\u00e9osurveillance et les appareils automobiles (CC 12 V, 12 V-50 A-600 W)"},"content":{"rendered":"<h4><span style=\"color: #ff0000;\">Avertissement<\/span><\/h4>\n<p>Veuillez v\u00e9rifier les param\u00e8tres requis, prise d'entr\u00e9e . Si vous ne pouvez pas les v\u00e9rifier, veuillez ne pas acheter le produit ou contacter le service client\u00e8le pour obtenir de l'aide.  Merci !<br \/>\n1. Ne pas utiliser dans un environnement \u00e0 temp\u00e9rature \u00e9lev\u00e9e, sombre et humide.<br \/>\n2. Conservez-le dans un environnement ventil\u00e9.<br \/>\n3. Tenir \u00e0 l'\u00e9cart des objets inflammables et explosifs.<\/p>\n<h4>Param\u00e8tres du produit<\/h4>\n<ul class=\"a-unordered-list a-vertical a-spacing-mini\">\n<li class=\"a-spacing-mini\"><span class=\"a-list-item\">\u3010Nouvelle \u00e9dition du convertisseur CA\/CC\u3011 Le transformateur 12 V am\u00e9lior\u00e9 est livr\u00e9 avec 2 pinces crocodiles, 2 cosses en cuivre, 2 vis M3 et 2 vis \u00e0 t\u00eate \u00e9toile. Il existe quatre m\u00e9thodes de connexion avec diff\u00e9rentes combinaisons d'accessoires, ce qui offre une grande commodit\u00e9 pour divers appareils. Il est particuli\u00e8rement pratique pour les appareils \u00e9quip\u00e9s de pinces, car vous pouvez simplement les fixer sur les deux contacts cylindriques. Notre alimentation 12 V et nos pi\u00e8ces ont \u00e9t\u00e9 certifi\u00e9es UL, CE et RoHS, et nous d\u00e9tenons un brevet de conception pour l'apparence.<\/span><\/li>\n<li class=\"a-spacing-mini\"><span class=\"a-list-item\">\u3010Bouton \u00e0 une touche et protections multiples\u3011 L'alimentation 12 V est \u00e9quip\u00e9e d'un interrupteur rouge \u00e0 une touche qui rend la mise sous tension\/hors tension s\u00fbre et facile. Par ailleurs, nous avons \u00e9quip\u00e9 le convertisseur 110 \u00e0 12 volts de multiples fonctions de protection, notamment une protection contre les courts-circuits, les surintensit\u00e9s, les surcharges et les surchauffes. Toutes ces protections garantissent une protection rapide et efficace de l'appareil face \u00e0 divers risques potentiels.<\/span><\/li>\n<li class=\"a-spacing-mini\"><span class=\"a-list-item\">\u3010Coque mate raffin\u00e9e avec une exp\u00e9rience tactile am\u00e9lior\u00e9e\u3011Par rapport \u00e0 la coque m\u00e9tallique pr\u00e9c\u00e9dente, notre alimentation 12 V CC pr\u00e9sente une finition mate plus d\u00e9licate, offrant un toucher confortable et une texture discr\u00e8te mais luxueuse. La coque mate est non seulement antid\u00e9rapante et r\u00e9sistante \u00e0 l'usure, mais elle emp\u00eache \u00e9galement efficacement les traces de doigts et les rayures, permettant \u00e0 votre appareil de conserver son aspect neuf \u00e0 tout moment.<\/span><\/li>\n<li class=\"a-spacing-mini\"><span class=\"a-list-item\">\u3010Composants internes de haute qualit\u00e9 pour une conversion de tension efficace\u3011En termes de composants internes, nous avons utilis\u00e9 des bobines et des transformateurs sans oxyg\u00e8ne de haute qualit\u00e9, garantissant une conversion de tension stable, r\u00e9duisant les pertes d'\u00e9nergie et am\u00e9liorant les performances globales du produit. Dans le m\u00eame temps, les condensateurs de filtre EMI filtrent efficacement le bruit et les interf\u00e9rences dans l'alimentation 12 volts, garantissant un courant de sortie propre. Gr\u00e2ce \u00e0 une conception avanc\u00e9e des puces, nous fournissons une alimentation stable et s\u00fbre aux appareils connect\u00e9s.<\/span><\/li>\n<li class=\"a-spacing-mini\"><span class=\"a-list-item\"><span class=\"a-list-item\">\u3010Bo\u00eetier en aluminium durable avec conception de refroidissement intelligente\u3011 Ce convertisseur CA\/CC 110 V \u00e0 12 V utilise une coque en aluminium, qui est durable et \u00e9l\u00e9gante. La conception perfor\u00e9e am\u00e9liore non seulement l'apparence, mais r\u00e9duit \u00e9galement efficacement la temp\u00e9rature de l'alimentation 12 V, am\u00e9liorant ainsi son efficacit\u00e9. Il est \u00e9quip\u00e9 d'un ventilateur de refroidissement int\u00e9gr\u00e9 avec des trous de dissipation de chaleur et un capteur de temp\u00e9rature. Lorsque la temp\u00e9rature interne est trop \u00e9lev\u00e9e, le ventilateur se met automatiquement en marche pour assurer un refroidissement intelligent.<br \/>\n<\/span><\/span><br \/>\nLe <strong>Alimentation \u00e9lectrique 12 V, 50 A, 600 W<\/strong> est un outil puissant et polyvalent <strong>Convertisseur CA\/CC<\/strong> qui transforme <strong>110 V\/120 V CA<\/strong> dans une \u00e9table <strong>Sortie 12 V CC<\/strong>. Avec une puissance robuste de <strong>50A<\/strong> et puissance totale de <strong>600 W<\/strong>, il est con\u00e7u pour prendre en charge les appareils tr\u00e8s sollicit\u00e9s tels que <strong>bandes LED<\/strong>, <strong>syst\u00e8mes de vid\u00e9osurveillance<\/strong>, <strong>\u00e9lectronique automobile<\/strong>, et d'autres \u00e9quipements aliment\u00e9s en courant continu. Son <strong>ventilateur intelligent<\/strong> et <strong>protections de s\u00e9curit\u00e9 avanc\u00e9es<\/strong> le rendre fiable pour une utilisation continue dans les environnements domestiques, industriels et commerciaux.<\/p>\n<hr \/>\n<h3><strong>Caract\u00e9ristiques principales<\/strong><\/h3>\n<ol>\n<li><strong>Entr\u00e9e CA universelle (110 V\/120 V CA)<\/strong>\n<ul>\n<li>Supports <strong>Entr\u00e9e CA 110 V-120 V<\/strong>, ce qui le rend compatible avec les alimentations \u00e9lectriques domestiques et industrielles standard aux \u00c9tats-Unis.<\/li>\n<li>Aucune commutation manuelle n'est n\u00e9cessaire, ce qui rend l'installation simple et conviviale.<\/li>\n<\/ul>\n<\/li>\n<li><strong>Puissance de sortie \u00e9lev\u00e9e (12 V, 50 A, 600 W)<\/strong>\n<ul>\n<li><strong>Sortie 12 V CC<\/strong> avec un courant maximal de <strong>50A<\/strong> et puissance totale de <strong>600 W<\/strong>.<\/li>\n<li>Id\u00e9al pour alimenter des appareils \u00e0 forte puissance tels que les \u00e9crans LED, les syst\u00e8mes de cam\u00e9ras de vid\u00e9osurveillance et l'\u00e9lectronique automobile.<\/li>\n<\/ul>\n<\/li>\n<li><strong>Technologie d'alimentation \u00e0 d\u00e9coupage (SMPS)<\/strong>\n<ul>\n<li>Avanc\u00e9 <strong>technologie de commutation<\/strong> garantit un rendement \u00e9lev\u00e9 (85%-95%) tout en r\u00e9duisant les pertes thermiques.<\/li>\n<li>Conception compacte, l\u00e9g\u00e8re et peu encombrante, id\u00e9ale pour les projets de bricolage et l'utilisation industrielle.<\/li>\n<\/ul>\n<\/li>\n<li><strong>Ventilateur intelligent<\/strong>\n<ul>\n<li><strong>Syst\u00e8me de refroidissement intelligent<\/strong> avec un ventilateur automatique qui s'active en fonction de la temp\u00e9rature interne.<\/li>\n<li>La conception efficace du flux d'air assure une dissipation optimale de la chaleur, prolongeant ainsi la dur\u00e9e de vie de l'alimentation \u00e9lectrique.<\/li>\n<\/ul>\n<\/li>\n<li><strong>Protections de s\u00e9curit\u00e9 avanc\u00e9es<\/strong>\n<ul>\n<li><strong>Protection contre les surcharges (OLP) :<\/strong> Coupure automatique de l'alimentation en cas de surcharge afin de prot\u00e9ger les appareils connect\u00e9s.<\/li>\n<li><strong>Protection contre les surtensions (OVP) :<\/strong> Emp\u00eache les pics de tension de sortie d'endommager les composants \u00e9lectroniques sensibles.<\/li>\n<li><strong>Protection contre les courts-circuits (SCP) :<\/strong> Coupe instantan\u00e9ment l'alimentation en cas de court-circuit, emp\u00eachant ainsi tout dommage.<\/li>\n<li><strong>Protection contre la surchauffe (OTP) :<\/strong> Les capteurs de temp\u00e9rature d\u00e9clenchent le ventilateur de refroidissement afin de r\u00e9duire la chaleur interne, garantissant ainsi un fonctionnement s\u00fbr.<\/li>\n<\/ul>\n<\/li>\n<li><strong>Bo\u00eetier m\u00e9tallique durable<\/strong>\n<ul>\n<li><strong>Bo\u00eetier m\u00e9tallique robuste<\/strong> avec des trous d'a\u00e9ration pour une circulation optimale de l'air.<\/li>\n<li>Finition r\u00e9sistante \u00e0 la rouille et \u00e0 la corrosion pour une durabilit\u00e9 \u00e0 long terme dans les environnements difficiles.<\/li>\n<\/ul>\n<\/li>\n<li><strong>Indicateur d'alimentation LED<\/strong>\n<ul>\n<li><strong>Indicateur d'\u00e9tat \u00e0 LED<\/strong> permet aux utilisateurs de surveiller l'\u00e9tat de l'alimentation d'un seul coup d'\u0153il.<\/li>\n<\/ul>\n<\/li>\n<li><strong>Installation et connexion simples<\/strong>\n<ul>\n<li>Facile \u00e0 connecter <strong>entr\u00e9es et sorties \u00e0 bornes \u00e0 vis<\/strong> pour un c\u00e2blage s\u00e9curis\u00e9 et sans souci.<\/li>\n<li>Clairement \u00e9tiquet\u00e9 <strong>Entr\u00e9e CA<\/strong> et <strong>sortie CC<\/strong> bornes pour une installation s\u00fbre et rapide.<\/li>\n<\/ul>\n<\/li>\n<li><strong>Large gamme d'applications<\/strong>\n<ul>\n<li><strong>Bandes LED<\/strong>: Alimente de grandes bandes LED, des panneaux LED et des \u00e9crans publicitaires.<\/li>\n<li><strong>Syst\u00e8mes de vid\u00e9osurveillance<\/strong>: Source d'alimentation fiable pour les cam\u00e9ras de surveillance et les syst\u00e8mes DVR\/NVR.<\/li>\n<li><strong>\u00c9lectronique automobile<\/strong>: Id\u00e9al pour tester et alimenter les amplificateurs automobiles, les subwoofers automobiles et autres appareils 12 V.<\/li>\n<li><strong>\u00c9lectronique \u00e0 faire soi-m\u00eame<\/strong>: Convient aux projets \u00e9lectroniques, aux \u00e9quipements de laboratoire et aux bancs d'essai.<\/li>\n<li><strong>Autres utilisations<\/strong>: Parfait pour <strong>imprimantes 3D<\/strong>, <strong>motopompes<\/strong>, <strong>\u00e9quipement automatis\u00e9<\/strong>, et plus encore.<\/li>\n<\/ul>\n<\/li>\n<\/ol>\n<hr \/>\n<h3><strong>Sp\u00e9cifications du produit<\/strong><\/h3>\n<table>\n<thead>\n<tr>\n<th><strong>Param\u00e8tre<\/strong><\/th>\n<th><strong>Sp\u00e9cification<\/strong><\/th>\n<\/tr>\n<\/thead>\n<tbody>\n<tr>\n<td><strong>Tension d'entr\u00e9e<\/strong><\/td>\n<td>110 V-240 V CA<\/td>\n<\/tr>\n<tr>\n<td><strong>Tension de sortie<\/strong><\/td>\n<td>12 V CC (fixe)<\/td>\n<\/tr>\n<tr>\n<td><strong>Courant de sortie<\/strong><\/td>\n<td>50A<\/td>\n<\/tr>\n<tr>\n<td><strong>Puissance de sortie<\/strong><\/td>\n<td>600 W<\/td>\n<\/tr>\n<tr>\n<td><strong>Type de conversion<\/strong><\/td>\n<td>Mode de commutation (SMPS)<\/td>\n<\/tr>\n<tr>\n<td><strong>Refroidissement<\/strong><\/td>\n<td>Ventilateur intelligent avec capteurs thermiques<\/td>\n<\/tr>\n<tr>\n<td><strong>Protections de s\u00e9curit\u00e9<\/strong><\/td>\n<td>OLP, OVP, SCP, OTP<\/td>\n<\/tr>\n<tr>\n<td><strong>Logement<\/strong><\/td>\n<td>Bo\u00eetier m\u00e9tallique avec ventilation<\/td>\n<\/tr>\n<tr>\n<td><strong>Indicateur LED<\/strong><\/td>\n<td>Oui (voyant d'alimentation)<\/td>\n<\/tr>\n<tr>\n<td><strong>Demande<\/strong><\/td>\n<td>Bandes LED, vid\u00e9osurveillance, appareils pour voitures, moteurs, etc.<\/td>\n<\/tr>\n<\/tbody>\n<\/table>\n<hr \/>\n<h3><strong>Pourquoi choisir cette alimentation \u00e9lectrique ?<\/strong><\/h3>\n<ul>\n<li><strong>Capacit\u00e9 \u00e9lev\u00e9e<\/strong>: Fournit jusqu'\u00e0 <strong>600 W<\/strong> d'alimentation continue pour les appareils exigeants.<\/li>\n<li><strong>Refroidissement efficace<\/strong>: <strong>Ventilateur intelligent<\/strong> s'active uniquement lorsque cela est n\u00e9cessaire, ce qui r\u00e9duit le bruit et prolonge la dur\u00e9e de vie de l'alimentation \u00e9lectrique.<\/li>\n<li><strong>Compatibilit\u00e9 multi-appareils<\/strong>: Parfait pour <strong>bandes LED<\/strong>, <strong>cam\u00e9ras de vid\u00e9osurveillance<\/strong>, <strong>amplificateurs pour voiture<\/strong>, et autres appareils \u00e9lectroniques 12 V.<\/li>\n<li><strong>La s\u00e9curit\u00e9 avant tout<\/strong>: Int\u00e9gr\u00e9 <strong>protection contre les surcharges, les surtensions, les courts-circuits et les surchauffes<\/strong> assurer un fonctionnement s\u00fbr.<\/li>\n<li><strong>Durabilit\u00e9<\/strong>: <strong>Bo\u00eetier m\u00e9tallique robuste<\/strong> et sa finition anticorrosion le rendent adapt\u00e9 aux environnements industriels, domestiques et ext\u00e9rieurs.<\/li>\n<\/ul>\n<p>Ceci <strong>Alimentation \u00e9lectrique 12 V, 50 A, 600 W<\/strong> est le choix id\u00e9al pour tous ceux qui recherchent une source d'alimentation CC fiable, stable et puissante. Que vous alimentiez des projets LED, preniez en charge des syst\u00e8mes de vid\u00e9osurveillance ou testiez des composants \u00e9lectroniques automobiles, cette alimentation \u00e9lectrique offre performances, s\u00e9curit\u00e9 et durabilit\u00e9.<\/p>\n<p>Si vous souhaitez obtenir plus d'informations sur son utilisation, sa compatibilit\u00e9 ou son installation, n'h\u00e9sitez pas \u00e0 nous contacter !<\/li>\n<\/ul>","protected":false},"excerpt":{"rendered":"<p>L'alimentation \u00e9lectrique 12 V 50 A 600 W est un convertisseur CA\/CC puissant et polyvalent qui transforme le courant alternatif 110 V\/120 V en une sortie stable de 12 V CC.<\/p>","protected":false},"featured_media":9680,"comment_status":"open","ping_status":"closed","template":"","meta":[],"product_cat":[331],"product_tag":[],"class_list":{"0":"post-9674","1":"product","2":"type-product","3":"status-publish","4":"has-post-thumbnail","6":"product_brand-ohrija","7":"product_cat-dc-12v-power","8":"product_shipping_class-600w","10":"first","11":"instock","12":"taxable","13":"shipping-taxable","14":"purchasable","15":"product-type-variable","16":"wvs-archive-product-wrapper","17":"col-xs-6 col-sm-4","18":"col-md-3 col-lg-3","19":"un-4-cols"},"jetpack_sharing_enabled":true,"_links":{"self":[{"href":"http:\/\/ohrija.com\/fr\/wp-json\/wp\/v2\/product\/9674","targetHints":{"allow":["GET"]}}],"collection":[{"href":"http:\/\/ohrija.com\/fr\/wp-json\/wp\/v2\/product"}],"about":[{"href":"http:\/\/ohrija.com\/fr\/wp-json\/wp\/v2\/types\/product"}],"replies":[{"embeddable":true,"href":"http:\/\/ohrija.com\/fr\/wp-json\/wp\/v2\/comments?post=9674"}],"version-history":[{"count":0,"href":"http:\/\/ohrija.com\/fr\/wp-json\/wp\/v2\/product\/9674\/revisions"}],"wp:featuredmedia":[{"embeddable":true,"href":"http:\/\/ohrija.com\/fr\/wp-json\/wp\/v2\/media\/9680"}],"wp:attachment":[{"href":"http:\/\/ohrija.com\/fr\/wp-json\/wp\/v2\/media?parent=9674"}],"wp:term":[{"taxonomy":"product_cat","embeddable":true,"href":"http:\/\/ohrija.com\/fr\/wp-json\/wp\/v2\/product_cat?post=9674"},{"taxonomy":"product_tag","embeddable":true,"href":"http:\/\/ohrija.com\/fr\/wp-json\/wp\/v2\/product_tag?post=9674"}],"curies":[{"name":"wp","href":"https:\/\/api.w.org\/{rel}","templated":true}]}}