{"id":9094,"date":"2024-09-20T22:52:33","date_gmt":"2024-09-20T14:52:33","guid":{"rendered":"https:\/\/ohrija.com\/?post_type=product&#038;p=9094"},"modified":"2026-03-23T08:15:18","modified_gmt":"2026-03-23T08:15:18","slug":"12v-power-supply-12v-83a-1000w-ac-to-dc-converter-110v-120v-to-12v-transformer-led-driver-smart-cooling-fan-designed-for-led-strip-cctv-and-car-devices","status":"publish","type":"product","link":"http:\/\/ohrija.com\/fr\/produit\/12v-power-supply-12v-83a-1000w-ac-to-dc-converter-110v-120v-to-12v-transformer-led-driver-smart-cooling-fan-designed-for-led-strip-cctv-and-car-devices\/","title":{"rendered":"Alimentation 12 V Convertisseur CA\/CC 12 V 83 A 1000 W Transformateur 110 V\/120 V \u00e0 12 V Pilote LED Ventilateur de refroidissement intelligent Con\u00e7u pour les bandes LED, les cam\u00e9ras de vid\u00e9osurveillance et les appareils automobiles"},"content":{"rendered":"<h4><span style=\"color: #ff0000;\">Avertissement<\/span><\/h4>\n<p>Veuillez v\u00e9rifier les param\u00e8tres requis, prise d'entr\u00e9e . Si vous ne pouvez pas les v\u00e9rifier, veuillez ne pas acheter le produit ou contacter le service client\u00e8le pour obtenir de l'aide.  Merci !<br \/>\n1. Ne pas utiliser dans un environnement \u00e0 temp\u00e9rature \u00e9lev\u00e9e, sombre et humide.<br \/>\n2. Conservez-le dans un environnement ventil\u00e9.<br \/>\n3. Tenir \u00e0 l'\u00e9cart des objets inflammables et explosifs.<\/p>\n<h4>Param\u00e8tres du produit<\/h4>\n<ul class=\"a-unordered-list a-vertical a-spacing-mini\">\n<li class=\"a-spacing-mini\"><span class=\"a-list-item\">\u3010Convertisseur 110 V CA \u00e0 12 V CC am\u00e9lior\u00e9\u3011 Cette alimentation \u00e9lectrique 12 V compl\u00e8te prend en charge les tensions d'entr\u00e9e 110 V et 220 V, commutables de mani\u00e8re transparente via un interrupteur lat\u00e9ral, pour une utilisation mondiale. Sa tension de sortie est de 12 V avec une plage de r\u00e9glage de 5%. Bien que la puissance nominale soit de 1000 W, il est recommand\u00e9 de ne pas utiliser plus de 80% de cette puissance nominale afin de garantir la long\u00e9vit\u00e9 de l'appareil.<\/span><\/li>\n<li class=\"a-spacing-mini\"><span class=\"a-list-item\">\u3010Bo\u00eetier en aluminium durable avec conception de refroidissement efficace\u3011 Avec son bo\u00eetier en aluminium, ce convertisseur CA\/CC 110 V \u00e0 12 V est \u00e0 la fois durable et \u00e9l\u00e9gant. Sa conception squelett\u00e9e am\u00e9liore non seulement son esth\u00e9tique, mais refroidit \u00e9galement efficacement l'alimentation 12 V CC, am\u00e9liorant ainsi son rendement. Ventilateur de refroidissement int\u00e9gr\u00e9 avec trous de dissipation de chaleur et d\u00e9tecteur de temp\u00e9rature : lorsque la temp\u00e9rature interne est trop \u00e9lev\u00e9e, le ventilateur se met automatiquement en marche pour assurer un refroidissement intelligent.<\/span><\/li>\n<li class=\"a-spacing-mini\"><span class=\"a-list-item\">\u3010Composants internes de haute qualit\u00e9 pour une transmission d'\u00e9nergie stable\u3011Pour les composants internes, nous utilisons des bobines et des transformateurs sans oxyg\u00e8ne de haute qualit\u00e9 afin d'assurer une transmission d'\u00e9nergie stable, de minimiser les pertes d'\u00e9nergie et d'am\u00e9liorer les performances globales du produit. De plus, les condensateurs de filtrage EMI filtrent efficacement les ondes parasites et les perturbations \u00e9lectriques afin de maintenir la puret\u00e9 du courant de sortie. Gr\u00e2ce \u00e0 une conception avanc\u00e9e des puces, il fournit une alimentation \u00e9lectrique stable et s\u00fbre de 12 volts aux appareils connect\u00e9s.<\/span><\/li>\n<li class=\"a-spacing-mini\"><span class=\"a-list-item\">\u3010Plusieurs fonctions de s\u00e9curit\u00e9 pour un fonctionnement fiable\u3011 Ce driver LED dispose de plusieurs fonctions de s\u00e9curit\u00e9, notamment une protection contre les courts-circuits, les surintensit\u00e9s, les surcharges et les surchauffes. Un voyant d'\u00e9tat sert d'indicateur visuel ; lorsqu'il est allum\u00e9, il indique un fonctionnement normal. Si le voyant commence \u00e0 clignoter, cela signifie que le driver a d\u00e9pass\u00e9 son seuil de protection pr\u00e9vu. Dans ce cas, veuillez inspecter l'\u00e9quipement connect\u00e9 et les entr\u00e9es d'alimentation et prendre les mesures appropri\u00e9es.<\/span><\/li>\n<li class=\"a-spacing-mini\"><span class=\"a-list-item\">\u3010Convertisseur de puissance polyvalent pour diverses applications\u3011 Ce transformateur polyvalent est con\u00e7u pour une large gamme d'appareils et de sc\u00e9narios, notamment les lampes LED, les syst\u00e8mes de s\u00e9curit\u00e9 domestique, les syst\u00e8mes automobiles, les \u00e9quipements industriels, etc. Dot\u00e9 d'un convertisseur de puissance 12 V, il convertit de mani\u00e8re transparente le courant alternatif en courant continu, ce qui en fait le compagnon id\u00e9al pour vos besoins en \u00e9nergie, que vous soyez \u00e0 la maison, dans votre voiture ou ailleurs.<\/span><\/li>\n<\/ul>\n<p>&nbsp;<\/p>","protected":false},"excerpt":{"rendered":"<p>Warning Please confirm the required parameters, input plug . If you cannot confirm, please do not buy or contact customer service for support.\u00a0 Thank you! 1. Do not use in high temperature, dark and humid environment 2. Keep it in a ventilated environment 3. Keep away from flammable and explosive items Product parameters \u3010Upgraded 110V&hellip;<\/p>","protected":false},"featured_media":9101,"comment_status":"open","ping_status":"closed","template":"","meta":[],"product_cat":[331],"product_tag":[],"class_list":{"0":"post-9094","1":"product","2":"type-product","3":"status-publish","4":"has-post-thumbnail","6":"product_brand-ohrija","7":"product_cat-dc-12v-power","8":"product_shipping_class-600w","10":"first","11":"instock","12":"taxable","13":"shipping-taxable","14":"purchasable","15":"product-type-variable","16":"wvs-archive-product-wrapper","17":"col-xs-6 col-sm-4","18":"col-md-3 col-lg-3","19":"un-4-cols"},"jetpack_sharing_enabled":true,"_links":{"self":[{"href":"http:\/\/ohrija.com\/fr\/wp-json\/wp\/v2\/product\/9094","targetHints":{"allow":["GET"]}}],"collection":[{"href":"http:\/\/ohrija.com\/fr\/wp-json\/wp\/v2\/product"}],"about":[{"href":"http:\/\/ohrija.com\/fr\/wp-json\/wp\/v2\/types\/product"}],"replies":[{"embeddable":true,"href":"http:\/\/ohrija.com\/fr\/wp-json\/wp\/v2\/comments?post=9094"}],"version-history":[{"count":1,"href":"http:\/\/ohrija.com\/fr\/wp-json\/wp\/v2\/product\/9094\/revisions"}],"predecessor-version":[{"id":37354,"href":"http:\/\/ohrija.com\/fr\/wp-json\/wp\/v2\/product\/9094\/revisions\/37354"}],"wp:featuredmedia":[{"embeddable":true,"href":"http:\/\/ohrija.com\/fr\/wp-json\/wp\/v2\/media\/9101"}],"wp:attachment":[{"href":"http:\/\/ohrija.com\/fr\/wp-json\/wp\/v2\/media?parent=9094"}],"wp:term":[{"taxonomy":"product_cat","embeddable":true,"href":"http:\/\/ohrija.com\/fr\/wp-json\/wp\/v2\/product_cat?post=9094"},{"taxonomy":"product_tag","embeddable":true,"href":"http:\/\/ohrija.com\/fr\/wp-json\/wp\/v2\/product_tag?post=9094"}],"curies":[{"name":"wp","href":"https:\/\/api.w.org\/{rel}","templated":true}]}}