{"id":37006,"date":"2025-12-31T11:31:53","date_gmt":"2025-12-31T11:31:53","guid":{"rendered":"https:\/\/ohrija.com\/?post_type=product&#038;p=37006"},"modified":"2025-12-31T11:41:27","modified_gmt":"2025-12-31T11:41:27","slug":"chargeur-de-batterie-lithium-ion-ohrija-100-8-v-2","status":"publish","type":"product","link":"http:\/\/ohrija.com\/fr\/produit\/chargeur-de-batterie-lithium-ion-ohrija-100-8-v-2\/","title":{"rendered":"Chargeur de batterie lithium-ion OHRIJA 100,8 V Le chargeur 100,8 V 10 A est adapt\u00e9 aux chargeurs de batterie Li-ion 24S 88,8 V."},"content":{"rendered":"<h4><span style=\"color: #ff0000;\">Avertissement<\/span><\/h4>\n<p>Veuillez confirmer les param\u00e8tres requis, la fiche d'entr\u00e9e et le connecteur de sortie. Si vous ne pouvez pas les confirmer, veuillez ne pas acheter le produit ou contacter le service client\u00e8le pour obtenir de l'aide. Merci !<br \/>\n1. Ne pas utiliser dans un environnement \u00e0 temp\u00e9rature \u00e9lev\u00e9e, sombre et humide.<br \/>\n2. Conservez-le dans un environnement ventil\u00e9.<br \/>\n3. Tenir \u00e0 l'\u00e9cart des objets inflammables et explosifs.<\/p>\n<h4>Param\u00e8tres du produit<\/h4>\n<p>Mod\u00e8le du produit : HRH1200<br \/>\nMat\u00e9riau du produit : coque en alliage d'aluminium<br \/>\nTension de sortie : maximum 100,8V \u00b10,2V<br \/>\nCourant de sortie : maximum 10 A \u00b1 0,2 A<br \/>\nDimensions du produit : 240 \u00d7 105 \u00d7 70 mm, 1,182 kg<br \/>\nType de batterie applicable : batterie lithium-ion 24S 88,8V<br \/>\nPuissance de travail : maximum 1200 W<br \/>\nCouleur : noir<br \/>\nPrise d'entr\u00e9e : \u00c9tats-Unis, UE, Royaume-Uni, Australie (s\u00e9lectionnez la prise appropri\u00e9e en fonction des normes locales)<br \/>\nConnecteur de sortie : XT60 | XT90 | Pince crocodile | Anderson 50A | Wire Nose | 45A | GX16 1+3- | XLR | IEC C13 (s\u00e9lectionnez le connecteur appropri\u00e9 en fonction du port de la batterie)<br \/>\nContenu du coffret : chargeur * 1, c\u00e2ble de sortie CC 1 m * 1, c\u00e2ble d'entr\u00e9e 1 m * 1, mode d'emploi * 1<br \/>\nAppareils applicables : Batterie lithium-ion 24 cellules, enti\u00e8rement charg\u00e9e \u00e0 100,8V \u00b10,2V.<\/p>","protected":false},"excerpt":{"rendered":"<p>Chargeur de batterie lithium-ion 100,8 V, chargeur de batterie Li-ion, mat\u00e9riau en alliage d'aluminium, bouton interne r\u00e9glable, peut calibrer la tension et le courant, peut charger des chargeurs de batterie Li-ion 24S 88,8 V.<\/p>","protected":false},"featured_media":37016,"comment_status":"open","ping_status":"closed","template":"","meta":[],"product_cat":[1678],"product_tag":[],"class_list":{"0":"post-37006","1":"product","2":"type-product","3":"status-publish","4":"has-post-thumbnail","6":"product_brand-ohrija","7":"product_cat-24s-100-8v-charger","8":"product_shipping_class-900w","10":"first","11":"instock","12":"taxable","13":"shipping-taxable","14":"purchasable","15":"product-type-variable","16":"wvs-archive-product-wrapper","17":"col-xs-6 col-sm-4","18":"col-md-3 col-lg-3","19":"un-4-cols"},"jetpack_sharing_enabled":true,"_links":{"self":[{"href":"http:\/\/ohrija.com\/fr\/wp-json\/wp\/v2\/product\/37006","targetHints":{"allow":["GET"]}}],"collection":[{"href":"http:\/\/ohrija.com\/fr\/wp-json\/wp\/v2\/product"}],"about":[{"href":"http:\/\/ohrija.com\/fr\/wp-json\/wp\/v2\/types\/product"}],"replies":[{"embeddable":true,"href":"http:\/\/ohrija.com\/fr\/wp-json\/wp\/v2\/comments?post=37006"}],"version-history":[{"count":0,"href":"http:\/\/ohrija.com\/fr\/wp-json\/wp\/v2\/product\/37006\/revisions"}],"wp:featuredmedia":[{"embeddable":true,"href":"http:\/\/ohrija.com\/fr\/wp-json\/wp\/v2\/media\/37016"}],"wp:attachment":[{"href":"http:\/\/ohrija.com\/fr\/wp-json\/wp\/v2\/media?parent=37006"}],"wp:term":[{"taxonomy":"product_cat","embeddable":true,"href":"http:\/\/ohrija.com\/fr\/wp-json\/wp\/v2\/product_cat?post=37006"},{"taxonomy":"product_tag","embeddable":true,"href":"http:\/\/ohrija.com\/fr\/wp-json\/wp\/v2\/product_tag?post=37006"}],"curies":[{"name":"wp","href":"https:\/\/api.w.org\/{rel}","templated":true}]}}