{"id":35216,"date":"2025-12-11T01:18:56","date_gmt":"2025-12-11T01:18:56","guid":{"rendered":"https:\/\/ohrija.com\/?post_type=product&#038;p=35216"},"modified":"2025-12-11T01:27:24","modified_gmt":"2025-12-11T01:27:24","slug":"ohrija-36v-golf-cart-charger","status":"publish","type":"product","link":"http:\/\/ohrija.com\/fr\/produit\/ohrija-36v-golf-cart-charger\/","title":{"rendered":"Chargeur de batterie au plomb OHRIJA 36 V Le chargeur de voiturette de golf 36 V 18 A convient aux chargeurs au plomb 3S 12 V."},"content":{"rendered":"<h4><span style=\"color: #ff0000;\">Avertissement<\/span><\/h4>\n<p>Veuillez confirmer les param\u00e8tres requis, la fiche d'entr\u00e9e et le connecteur de sortie. Si vous ne pouvez pas les confirmer, veuillez ne pas acheter le produit ou contacter le service client\u00e8le pour obtenir de l'aide. Merci !<br \/>\n1. Ne pas utiliser dans un environnement \u00e0 temp\u00e9rature \u00e9lev\u00e9e, sombre et humide.<br \/>\n2. Conservez-le dans un environnement ventil\u00e9.<br \/>\n3. Tenir \u00e0 l'\u00e9cart des objets inflammables et explosifs.<\/p>\n<h4>Param\u00e8tres du produit<\/h4>\n<p>Mod\u00e8le du produit : HRH900N<br \/>\nMat\u00e9riau du produit : coque en alliage d'aluminium<br \/>\nTension de sortie : maximum 44,1 V \u00b1 0,2 V<br \/>\nCourant de sortie : maximum 18 A \u00b1 0,2 A<br \/>\nDimensions du produit : 212 \u00d7 93,5 \u00d7 60 mm, 1,2 kg<br \/>\nType de batterie applicable : batterie au plomb 3S 36 V<br \/>\nPuissance de travail : maximum 756 W<br \/>\nCouleur : noir<br \/>\nPrise d'entr\u00e9e : \u00c9tats-Unis, UE, Royaume-Uni, Australie (s\u00e9lectionnez la prise appropri\u00e9e en fonction des normes locales)<br \/>\nConnecteur de sortie : EZGO TXT (fiche TXT Powerwise de type \u201c D \u201d) (73345-G01) | Crowfoot (1016433-01) | EZGO DCS (SB50 Anderson) (18972-G1+28030-G01) (s\u00e9lectionnez le connecteur appropri\u00e9 en fonction du port de la batterie)<br \/>\nContenu du coffret : chargeur * 1, c\u00e2ble de sortie CC 1 m * 1, c\u00e2ble d'entr\u00e9e 1 m * 1, mode d'emploi * 1<br \/>\nAppareils compatibles : batterie au plomb \u00e0 3 cellules, compl\u00e8tement charg\u00e9e \u00e0 41,4 V \u00b1 0,2 V.<\/p>","protected":false},"excerpt":{"rendered":"<p>Chargeur pour voiturette de golf 36 V, en alliage d'aluminium, peut charger une batterie au plomb-acide 36 V.<\/p>","protected":false},"featured_media":35299,"comment_status":"open","ping_status":"closed","template":"","meta":[],"product_cat":[294,298],"product_tag":[],"class_list":{"0":"post-35216","1":"product","2":"type-product","3":"status-publish","4":"has-post-thumbnail","6":"product_brand-ohrija","7":"product_cat-6s-36v-41-4v-charger","8":"product_cat-36v-golf-charger","9":"product_shipping_class-600w","11":"first","12":"instock","13":"taxable","14":"shipping-taxable","15":"purchasable","16":"product-type-variable","17":"wvs-archive-product-wrapper","18":"col-xs-6 col-sm-4","19":"col-md-3 col-lg-3","20":"un-4-cols"},"jetpack_sharing_enabled":true,"_links":{"self":[{"href":"http:\/\/ohrija.com\/fr\/wp-json\/wp\/v2\/product\/35216","targetHints":{"allow":["GET"]}}],"collection":[{"href":"http:\/\/ohrija.com\/fr\/wp-json\/wp\/v2\/product"}],"about":[{"href":"http:\/\/ohrija.com\/fr\/wp-json\/wp\/v2\/types\/product"}],"replies":[{"embeddable":true,"href":"http:\/\/ohrija.com\/fr\/wp-json\/wp\/v2\/comments?post=35216"}],"version-history":[{"count":0,"href":"http:\/\/ohrija.com\/fr\/wp-json\/wp\/v2\/product\/35216\/revisions"}],"wp:featuredmedia":[{"embeddable":true,"href":"http:\/\/ohrija.com\/fr\/wp-json\/wp\/v2\/media\/35299"}],"wp:attachment":[{"href":"http:\/\/ohrija.com\/fr\/wp-json\/wp\/v2\/media?parent=35216"}],"wp:term":[{"taxonomy":"product_cat","embeddable":true,"href":"http:\/\/ohrija.com\/fr\/wp-json\/wp\/v2\/product_cat?post=35216"},{"taxonomy":"product_tag","embeddable":true,"href":"http:\/\/ohrija.com\/fr\/wp-json\/wp\/v2\/product_tag?post=35216"}],"curies":[{"name":"wp","href":"https:\/\/api.w.org\/{rel}","templated":true}]}}