{"id":9094,"date":"2024-09-20T22:52:33","date_gmt":"2024-09-20T14:52:33","guid":{"rendered":"https:\/\/ohrija.com\/?post_type=product&#038;p=9094"},"modified":"2026-03-23T08:15:18","modified_gmt":"2026-03-23T08:15:18","slug":"12v-power-supply-12v-83a-1000w-ac-to-dc-converter-110v-120v-to-12v-transformer-led-driver-smart-cooling-fan-designed-for-led-strip-cctv-and-car-devices","status":"publish","type":"product","link":"http:\/\/ohrija.com\/es\/producto\/12v-power-supply-12v-83a-1000w-ac-to-dc-converter-110v-120v-to-12v-transformer-led-driver-smart-cooling-fan-designed-for-led-strip-cctv-and-car-devices\/","title":{"rendered":"Fuente de alimentaci\u00f3n de 12 V Convertidor de CA a CC de 12 V, 83 A y 1000 W Transformador de 110 V\/120 V a 12 V Controlador LED Ventilador de refrigeraci\u00f3n inteligente Dise\u00f1ado para tiras LED, CCTV y dispositivos para autom\u00f3viles"},"content":{"rendered":"<h4><span style=\"color: #ff0000;\">Advertencia<\/span><\/h4>\n<p>Confirme los par\u00e1metros requeridos, enchufe de entrada . Si no puede confirmarlo, no compre el producto ni se ponga en contacto con el servicio de atenci\u00f3n al cliente para obtener ayuda.  \u00a1Gracias!<br \/>\n1. No utilizar en entornos con altas temperaturas, oscuros y h\u00famedos.<br \/>\n2. Mant\u00e9ngalo en un entorno ventilado.<br \/>\n3. Mant\u00e9ngase alejado de art\u00edculos inflamables y explosivos.<\/p>\n<h4>Par\u00e1metros del producto<\/h4>\n<ul class=\"a-unordered-list a-vertical a-spacing-mini\">\n<li class=\"a-spacing-mini\"><span class=\"a-list-item\">\u3010Convertidor mejorado de 110 V CA a 12 V CC\u3011Esta completa fuente de alimentaci\u00f3n de 12 V admite tensiones de entrada de 110 V y 220 V, que se pueden cambiar f\u00e1cilmente mediante un interruptor lateral, para poder utilizarla en todo el mundo. Su tensi\u00f3n de salida es de 12 V con un rango de ajuste de 5%. Aunque la potencia nominal es de 1000 W, se recomienda no utilizar m\u00e1s de 80% de esta potencia nominal para garantizar una mayor durabilidad.<\/span><\/li>\n<li class=\"a-spacing-mini\"><span class=\"a-list-item\">\u3010Carcasa de aluminio resistente con dise\u00f1o de refrigeraci\u00f3n eficiente\u3011 Con una carcasa de aluminio, este convertidor de CA a CC de 110 V a 12 V es resistente y elegante. Su dise\u00f1o esqueletizado no solo mejora la est\u00e9tica, sino que tambi\u00e9n enfr\u00eda de manera eficiente la fuente de alimentaci\u00f3n de 12 V CC, lo que mejora la eficiencia. Ventilador de refrigeraci\u00f3n incorporado con orificios de disipaci\u00f3n de calor y detector de temperatura. Cuando la temperatura interna es demasiado alta, el ventilador se enciende autom\u00e1ticamente para realizar una refrigeraci\u00f3n inteligente.<\/span><\/li>\n<li class=\"a-spacing-mini\"><span class=\"a-list-item\">\u3010Componentes internos de alta calidad para una transmisi\u00f3n de energ\u00eda estable\u3011Para los componentes internos, utilizamos bobinas y transformadores sin ox\u00edgeno de alta calidad para garantizar una transmisi\u00f3n de energ\u00eda estable, minimizar la p\u00e9rdida de energ\u00eda y mejorar el rendimiento general del producto. Adem\u00e1s, los condensadores de filtrado EMI filtran eficazmente las ondas par\u00e1sitas y las perturbaciones de energ\u00eda para mantener la pureza de la corriente de salida. Con un dise\u00f1o de chip avanzado, proporciona una fuente de alimentaci\u00f3n estable y segura de 12 voltios para los dispositivos conectados.<\/span><\/li>\n<li class=\"a-spacing-mini\"><span class=\"a-list-item\">\u3010M\u00faltiples funciones de seguridad para un funcionamiento fiable\u3011Este controlador LED cuenta con m\u00faltiples funciones de seguridad, entre las que se incluyen protecci\u00f3n contra cortocircuitos, sobrecorriente, sobrecarga y sobrecalentamiento. Una luz indicadora de estado sirve como se\u00f1al visual; cuando est\u00e1 encendida, indica que el funcionamiento es normal. Si la luz comienza a parpadear, indica que el controlador ha superado el umbral de protecci\u00f3n dise\u00f1ado. En tales casos, inspeccione los equipos conectados y las entradas de alimentaci\u00f3n y tome las medidas adecuadas.<\/span><\/li>\n<li class=\"a-spacing-mini\"><span class=\"a-list-item\">\u3010Convertidor de potencia vers\u00e1til para diversas aplicaciones\u3011 Este vers\u00e1til transformador est\u00e1 dise\u00f1ado para una amplia gama de dispositivos y situaciones, incluyendo luces LED, sistemas de seguridad dom\u00e9sticos, sistemas automovil\u00edsticos, equipos industriales y mucho m\u00e1s. Con un convertidor de potencia de 12 V, convierte sin problemas la corriente alterna en corriente continua, lo que lo convierte en el compa\u00f1ero perfecto para sus necesidades de alimentaci\u00f3n, ya sea en casa, en el coche o en cualquier otro lugar.<\/span><\/li>\n<\/ul>\n<p>&nbsp;<\/p>","protected":false},"excerpt":{"rendered":"<p>Advertencia Por favor, confirme los par\u00e1metros requeridos, enchufe de entrada . Si no puede confirmar, por favor no compre o p\u00f3ngase en contacto con el servicio al cliente para obtener ayuda.  Gracias. 1. 1. No utilizar en ambientes h\u00famedos, oscuros y con altas temperaturas. 2. Mant\u00e9ngalo en un lugar ventilado. Mant\u00e9ngalo alejado de art\u00edculos inflamables y explosivos Par\u00e1metros del producto \u3010Actualizaci\u00f3n 110V...<\/p>","protected":false},"featured_media":9101,"comment_status":"open","ping_status":"closed","template":"","meta":[],"product_cat":[331],"product_tag":[],"class_list":{"0":"post-9094","1":"product","2":"type-product","3":"status-publish","4":"has-post-thumbnail","6":"product_brand-ohrija","7":"product_cat-dc-12v-power","8":"product_shipping_class-600w","10":"first","11":"instock","12":"taxable","13":"shipping-taxable","14":"purchasable","15":"product-type-variable","16":"wvs-archive-product-wrapper","17":"col-xs-6 col-sm-4","18":"col-md-3 col-lg-3","19":"un-4-cols"},"jetpack_sharing_enabled":true,"_links":{"self":[{"href":"http:\/\/ohrija.com\/es\/wp-json\/wp\/v2\/product\/9094","targetHints":{"allow":["GET"]}}],"collection":[{"href":"http:\/\/ohrija.com\/es\/wp-json\/wp\/v2\/product"}],"about":[{"href":"http:\/\/ohrija.com\/es\/wp-json\/wp\/v2\/types\/product"}],"replies":[{"embeddable":true,"href":"http:\/\/ohrija.com\/es\/wp-json\/wp\/v2\/comments?post=9094"}],"version-history":[{"count":1,"href":"http:\/\/ohrija.com\/es\/wp-json\/wp\/v2\/product\/9094\/revisions"}],"predecessor-version":[{"id":37354,"href":"http:\/\/ohrija.com\/es\/wp-json\/wp\/v2\/product\/9094\/revisions\/37354"}],"wp:featuredmedia":[{"embeddable":true,"href":"http:\/\/ohrija.com\/es\/wp-json\/wp\/v2\/media\/9101"}],"wp:attachment":[{"href":"http:\/\/ohrija.com\/es\/wp-json\/wp\/v2\/media?parent=9094"}],"wp:term":[{"taxonomy":"product_cat","embeddable":true,"href":"http:\/\/ohrija.com\/es\/wp-json\/wp\/v2\/product_cat?post=9094"},{"taxonomy":"product_tag","embeddable":true,"href":"http:\/\/ohrija.com\/es\/wp-json\/wp\/v2\/product_tag?post=9094"}],"curies":[{"name":"wp","href":"https:\/\/api.w.org\/{rel}","templated":true}]}}