{"id":9674,"date":"2024-10-21T06:37:51","date_gmt":"2024-10-21T11:37:51","guid":{"rendered":"https:\/\/ohrija.com\/?post_type=product&#038;p=9674"},"modified":"2025-12-08T11:15:22","modified_gmt":"2025-12-08T11:15:22","slug":"12-v-stromversorgung-12-v-50-a-600-w-wechselstrom-zu-gleichstrom","status":"publish","type":"product","link":"http:\/\/ohrija.com\/de\/produkt\/12-v-stromversorgung-12-v-50-a-600-w-wechselstrom-zu-gleichstrom\/","title":{"rendered":"12-V-Stromversorgung 12 V, 50 A, 600 W Wechselstrom-Gleichstrom-Wandler 110 V\/120 V bis 12 V Transformator LED-Treiber Intelligenter L\u00fcfter Entwickelt f\u00fcr LED-Streifen, CCTV- und Fahrzeugger\u00e4te (DC12V, 12 V, 50 A, 600 W)"},"content":{"rendered":"<h4><span style=\"color: #ff0000;\">Warnung<\/span><\/h4>\n<p>Bitte best\u00e4tigen Sie die erforderlichen Parameter, Eingangsstecker . Wenn Sie dies nicht best\u00e4tigen k\u00f6nnen, kaufen Sie bitte nicht und wenden Sie sich an den Kundendienst, um Unterst\u00fctzung zu erhalten.  Vielen Dank!<br \/>\n1. Nicht in Umgebungen mit hohen Temperaturen, Dunkelheit und Feuchtigkeit verwenden.<br \/>\n2. Bewahren Sie es in einer gut bel\u00fcfteten Umgebung auf.<br \/>\n3. Von brennbaren und explosiven Gegenst\u00e4nden fernhalten.<\/p>\n<h4>Produktparameter<\/h4>\n<ul class=\"a-unordered-list a-vertical a-spacing-mini\">\n<li class=\"a-spacing-mini\"><span class=\"a-list-item\">\u3010Neue Ausgabe AC-DC-Wandler\u3011Der verbesserte 12-V-Transformator wird mit 2 Krokodilklemmen, 2 Kupferkabelschuhen, 2 M3-Schrauben und 2 Sternschrauben geliefert. Es gibt vier Anschlussmethoden mit verschiedenen Kombinationen von Zubeh\u00f6rteilen, die Komfort f\u00fcr verschiedene Ger\u00e4te bieten. Besonders praktisch ist dies f\u00fcr Ger\u00e4te mit Klemmen, da Sie diese einfach an die beiden zylindrischen Kontakte klemmen k\u00f6nnen. Unser 12-V-Netzteil und unsere Teile sind nach UL, CE und RoHS zertifiziert, und wir besitzen ein Designpatent f\u00fcr das Erscheinungsbild.<\/span><\/li>\n<li class=\"a-spacing-mini\"><span class=\"a-list-item\">\u3010Ein-Klick-Taste und mehrere Schutzfunktionen\u3011Das 12-V-Netzteil verf\u00fcgt \u00fcber einen auff\u00e4lligen roten Ein-Knopf-Schalter, der das Ein- und Ausschalten sicher und einfach macht. Gleichzeitig haben wir den 110- bis 12-Volt-Konverter mit mehreren Schutzfunktionen ausgestattet, darunter Kurzschlussschutz, \u00dcberstromschutz, \u00dcberlastschutz und \u00dcbertemperaturschutz. All diese Schutzvorrichtungen sorgen daf\u00fcr, dass das Ger\u00e4t bei verschiedenen potenziellen Risiken rechtzeitig und wirksam gesch\u00fctzt werden kann.<\/span><\/li>\n<li class=\"a-spacing-mini\"><span class=\"a-list-item\">\u3010Veredelte matte H\u00fclle mit verbessertem Tastgef\u00fchl\u3011Im Vergleich zur bisherigen Metallh\u00fclle verf\u00fcgt unser 12-V-Gleichstromnetzteil \u00fcber eine feinere matte Oberfl\u00e4che, die sich angenehm anf\u00fchlt und eine dezente, aber dennoch luxuri\u00f6se Textur aufweist. Die matte H\u00fclle ist nicht nur rutschfest und verschlei\u00dffest, sondern verhindert auch wirksam Fingerabdr\u00fccke und Kratzer, sodass Ihr Ger\u00e4t jederzeit wie neu aussieht.<\/span><\/li>\n<li class=\"a-spacing-mini\"><span class=\"a-list-item\">\u3010Hochwertige interne Komponenten f\u00fcr eine effiziente Spannungsumwandlung\u3011Bei den internen Komponenten haben wir hochwertige sauerstofffreie Spulen und Transformatoren verwendet, die eine stabile Spannungsumwandlung gew\u00e4hrleisten, Energieverluste reduzieren und die Gesamtleistung des Produkts verbessern. Gleichzeitig filtern die EMI-Filterkondensatoren effektiv St\u00f6rger\u00e4usche und Interferenzen in der 12-Volt-Stromversorgung heraus und sorgen so f\u00fcr einen sauberen Ausgangsstrom. Durch den Einsatz fortschrittlicher Chip-Designs bieten wir eine stabile und sichere Spannungsversorgung f\u00fcr die angeschlossenen Ger\u00e4te.<\/span><\/li>\n<li class=\"a-spacing-mini\"><span class=\"a-list-item\"><span class=\"a-list-item\">\u3010Robustes Aluminiumgeh\u00e4use mit intelligentem K\u00fchlungsdesign\u3011Dieser Wechselstrom-Gleichstrom-Wandler von 110 V auf 12 V verf\u00fcgt \u00fcber ein Aluminiumgeh\u00e4use, das robust und stilvoll ist. Das perforierte Design verbessert nicht nur das Aussehen, sondern senkt auch effektiv die Temperatur des 12-V-Netzteils und verbessert so dessen Effizienz. Es verf\u00fcgt \u00fcber einen eingebauten L\u00fcfter mit W\u00e4rmeableitungs\u00f6ffnungen und einen Temperatursensor. Wenn die Innentemperatur zu hoch ist, schaltet sich der L\u00fcfter automatisch ein, um eine intelligente K\u00fchlung zu erreichen.<br \/>\n<\/span><\/span><br \/>\nDas <strong>12 V, 50 A, 600 W Netzteil<\/strong> ist leistungsstark und vielseitig <strong>Wechselstrom-Gleichstrom-Wandler<\/strong> das transformiert <strong>110 V\/120 V Wechselstrom<\/strong> in einen Stall <strong>12-V-Gleichstromausgang<\/strong>. Mit einer robusten Leistung von <strong>50A<\/strong> und Gesamtleistung von <strong>600 W<\/strong>, Es wurde entwickelt, um Ger\u00e4te mit hohem Bedarf wie <strong>LED-Streifen<\/strong>, <strong>Video\u00fcberwachungssysteme<\/strong>, <strong>Autoelektronik<\/strong>, und andere Gleichstromger\u00e4te. Seine <strong>intelligenter L\u00fcfter<\/strong> und <strong>Erweiterte Sicherheitsvorkehrungen<\/strong> sorgen daf\u00fcr, dass es f\u00fcr den Dauereinsatz in privaten, industriellen und gewerblichen Umgebungen zuverl\u00e4ssig ist.<\/p>\n<hr \/>\n<h3><strong>Wichtigste Merkmale<\/strong><\/h3>\n<ol>\n<li><strong>Universeller Wechselstrom-Eingang (110 V\/120 V AC)<\/strong>\n<ul>\n<li>Unterst\u00fctzt <strong>110 V-120 V Wechselstrom-Eingang<\/strong>, wodurch es mit den in den USA \u00fcblichen Haushalts- und Industrie-Stromversorgungen kompatibel ist.<\/li>\n<li>Es ist keine manuelle Umschaltung erforderlich, was die Installation einfach und benutzerfreundlich macht.<\/li>\n<\/ul>\n<\/li>\n<li><strong>Hohe Ausgangsleistung (12 V, 50 A, 600 W)<\/strong>\n<ul>\n<li><strong>12-V-Gleichstromausgang<\/strong> mit einem maximalen Strom von <strong>50A<\/strong> und Gesamtleistung von <strong>600 W<\/strong>.<\/li>\n<li>Ideal f\u00fcr die Stromversorgung von Hochleistungsger\u00e4ten wie LED-Displays, CCTV-Kamerasystemen und Automobilelektronik.<\/li>\n<\/ul>\n<\/li>\n<li><strong>Schaltnetzteiltechnologie (SMPS)<\/strong>\n<ul>\n<li>Fortgeschritten <strong>Schalttechnik<\/strong> sorgt f\u00fcr hohe Effizienz (85%-95%) und reduziert gleichzeitig den W\u00e4rmeverlust.<\/li>\n<li>Kompaktes, leichtes und platzsparendes Design, ideal f\u00fcr Heimwerkerprojekte und den industriellen Einsatz.<\/li>\n<\/ul>\n<\/li>\n<li><strong>Intelligenter L\u00fcfter<\/strong>\n<ul>\n<li><strong>Intelligentes K\u00fchlsystem<\/strong> mit einem automatischen Ventilator, der sich je nach Innentemperatur einschaltet.<\/li>\n<li>Das effiziente Luftstromdesign sorgt f\u00fcr eine optimale W\u00e4rmeableitung und verl\u00e4ngert so die Lebensdauer des Netzteils.<\/li>\n<\/ul>\n<\/li>\n<li><strong>Erweiterte Sicherheitsvorkehrungen<\/strong>\n<ul>\n<li><strong>\u00dcberlastschutz (OLP):<\/strong> Schaltet bei \u00fcberm\u00e4\u00dfiger Belastung automatisch die Stromversorgung ab, um angeschlossene Ger\u00e4te zu sch\u00fctzen.<\/li>\n<li><strong>\u00dcberspannungsschutz (OVP):<\/strong> Verhindert, dass Ausgangsspannungsspitzen empfindliche Elektronik besch\u00e4digen.<\/li>\n<li><strong>Kurzschlussschutz (SCP):<\/strong> Schaltet bei einem Kurzschluss sofort die Stromversorgung ab und verhindert so Sch\u00e4den.<\/li>\n<li><strong>\u00dcberhitzungsschutz (OTP):<\/strong> Temperatursensoren aktivieren den L\u00fcfter, um die interne W\u00e4rme zu reduzieren und einen sicheren Betrieb zu gew\u00e4hrleisten.<\/li>\n<\/ul>\n<\/li>\n<li><strong>Robustes Metallgeh\u00e4use<\/strong>\n<ul>\n<li><strong>Robustes Metallgeh\u00e4use<\/strong> mit Bel\u00fcftungsl\u00f6chern f\u00fcr optimalen Luftstrom.<\/li>\n<li>Rostbest\u00e4ndige und korrosionsfeste Oberfl\u00e4che f\u00fcr langfristige Haltbarkeit in rauen Umgebungen.<\/li>\n<\/ul>\n<\/li>\n<li><strong>LED-Betriebsanzeige<\/strong>\n<ul>\n<li><strong>LED-Statusanzeige<\/strong> erm\u00f6glicht es Benutzern, den Stromstatus auf einen Blick zu \u00fcberwachen.<\/li>\n<\/ul>\n<\/li>\n<li><strong>Einfache Installation und Anschluss<\/strong>\n<ul>\n<li>Einfach anzuschlie\u00dfen <strong>Schraubklemmen-Ein- und Ausg\u00e4nge<\/strong> f\u00fcr eine sichere und problemlose Verkabelung.<\/li>\n<li>Eindeutig gekennzeichnet <strong>Wechselstrom-Eingang<\/strong> und <strong>Gleichstromausgang<\/strong> Anschl\u00fcsse f\u00fcr eine sichere und schnelle Installation.<\/li>\n<\/ul>\n<\/li>\n<li><strong>Breites Anwendungsspektrum<\/strong>\n<ul>\n<li><strong>LED-Streifen<\/strong>Versorgt gro\u00dfe LED-Streifen, LED-Panels und Werbedisplays mit Strom.<\/li>\n<li><strong>Video\u00fcberwachungssysteme<\/strong>Zuverl\u00e4ssige Stromquelle f\u00fcr \u00dcberwachungskameras und DVR\/NVR-Systeme.<\/li>\n<li><strong>Autoelektronik<\/strong>Ideal zum Testen und Betreiben von Autoverst\u00e4rkern, Auto-Subwoofern und anderen 12-V-Ger\u00e4ten.<\/li>\n<li><strong>Elektronik zum Selberbauen<\/strong>Geeignet f\u00fcr Elektronikprojekte, Laborger\u00e4te und Pr\u00fcfst\u00e4nde.<\/li>\n<li><strong>Andere Verwendungszwecke<\/strong>: Perfekt f\u00fcr <strong>3D-Drucker<\/strong>, <strong>Motorpumpen<\/strong>, <strong>automatisierte Ausr\u00fcstung<\/strong>, und vieles mehr.<\/li>\n<\/ul>\n<\/li>\n<\/ol>\n<hr \/>\n<h3><strong>Produktspezifikationen<\/strong><\/h3>\n<table>\n<thead>\n<tr>\n<th><strong>Parameter<\/strong><\/th>\n<th><strong>Spezifikation<\/strong><\/th>\n<\/tr>\n<\/thead>\n<tbody>\n<tr>\n<td><strong>Eingangsspannung<\/strong><\/td>\n<td>110 V\u2013240 V Wechselstrom<\/td>\n<\/tr>\n<tr>\n<td><strong>Ausgangsspannung<\/strong><\/td>\n<td>12 V DC (fest)<\/td>\n<\/tr>\n<tr>\n<td><strong>Ausgangsstrom<\/strong><\/td>\n<td>50A<\/td>\n<\/tr>\n<tr>\n<td><strong>Ausgangsleistung<\/strong><\/td>\n<td>600 W<\/td>\n<\/tr>\n<tr>\n<td><strong>Umwandlungstyp<\/strong><\/td>\n<td>Schaltmodus (SMPS)<\/td>\n<\/tr>\n<tr>\n<td><strong>K\u00fchlung<\/strong><\/td>\n<td>Intelligenter Ventilator mit W\u00e4rmesensoren<\/td>\n<\/tr>\n<tr>\n<td><strong>Sicherheitsvorkehrungen<\/strong><\/td>\n<td>OLP, OVP, SCP, OTP<\/td>\n<\/tr>\n<tr>\n<td><strong>Wohnungswesen<\/strong><\/td>\n<td>Metallgeh\u00e4use mit Bel\u00fcftung<\/td>\n<\/tr>\n<tr>\n<td><strong>LED-Anzeige<\/strong><\/td>\n<td>Ja (Betriebsanzeige)<\/td>\n<\/tr>\n<tr>\n<td><strong>Anwendung<\/strong><\/td>\n<td>LED-Streifen, Video\u00fcberwachung, Fahrzeugger\u00e4te, Motoren usw.<\/td>\n<\/tr>\n<\/tbody>\n<\/table>\n<hr \/>\n<h3><strong>Warum sollten Sie sich f\u00fcr dieses Netzteil entscheiden?<\/strong><\/h3>\n<ul>\n<li><strong>Hohe Leistungskapazit\u00e4t<\/strong>: Bietet bis zu <strong>600 W<\/strong> f\u00fcr kontinuierliche Stromversorgung anspruchsvoller Ger\u00e4te.<\/li>\n<li><strong>Effiziente K\u00fchlung<\/strong>: <strong>Intelligenter L\u00fcfter<\/strong> wird nur bei Bedarf aktiviert, wodurch Ger\u00e4usche reduziert und die Lebensdauer des Netzteils verl\u00e4ngert werden.<\/li>\n<li><strong>Kompatibilit\u00e4t mit mehreren Ger\u00e4ten<\/strong>: Perfekt f\u00fcr <strong>LED-Streifen<\/strong>, <strong>\u00dcberwachungskameras<\/strong>, <strong>Autoverst\u00e4rker<\/strong>, und andere 12-V-Elektronikger\u00e4te.<\/li>\n<li><strong>Sicherheit geht vor<\/strong>: Eingebaut <strong>\u00dcberlast-, \u00dcberspannungs-, Kurzschluss- und \u00dcberhitzungsschutz<\/strong> einen sicheren Betrieb gew\u00e4hrleisten.<\/li>\n<li><strong>Haltbarkeit<\/strong>: <strong>Robustes Metallgeh\u00e4use<\/strong> und die korrosionsbest\u00e4ndige Oberfl\u00e4che machen es f\u00fcr industrielle, h\u00e4usliche und Au\u00dfenbereiche geeignet.<\/li>\n<\/ul>\n<p>Dies <strong>12 V, 50 A, 600 W Netzteil<\/strong> ist die ideale Wahl f\u00fcr alle, die eine zuverl\u00e4ssige, stabile und leistungsstarke Gleichstromquelle suchen. Ob Sie LED-Projekte mit Strom versorgen, CCTV-Systeme unterst\u00fctzen oder Autoelektronik testen \u2013 dieses Netzteil \u00fcberzeugt durch Leistung, Sicherheit und Langlebigkeit.<\/p>\n<p>Wenn Sie weitere Informationen zur Verwendung, Kompatibilit\u00e4t oder Installation w\u00fcnschen, wenden Sie sich gerne an uns!<\/li>\n<\/ul>","protected":false},"excerpt":{"rendered":"<p>Das 12-V-50-A-600-W-Netzteil ist ein leistungsstarker und vielseitiger Wechselstrom-Gleichstrom-Wandler, der 110 V\/120 V Wechselstrom in einen stabilen 12-V-Gleichstromausgang umwandelt.<\/p>","protected":false},"featured_media":9680,"comment_status":"open","ping_status":"closed","template":"","meta":[],"product_cat":[331],"product_tag":[],"class_list":{"0":"post-9674","1":"product","2":"type-product","3":"status-publish","4":"has-post-thumbnail","6":"product_brand-ohrija","7":"product_cat-dc-12v-power","8":"product_shipping_class-600w","10":"first","11":"instock","12":"taxable","13":"shipping-taxable","14":"purchasable","15":"product-type-variable","16":"wvs-archive-product-wrapper","17":"col-xs-6 col-sm-4","18":"col-md-3 col-lg-3","19":"un-4-cols"},"jetpack_sharing_enabled":true,"_links":{"self":[{"href":"http:\/\/ohrija.com\/de\/wp-json\/wp\/v2\/product\/9674","targetHints":{"allow":["GET"]}}],"collection":[{"href":"http:\/\/ohrija.com\/de\/wp-json\/wp\/v2\/product"}],"about":[{"href":"http:\/\/ohrija.com\/de\/wp-json\/wp\/v2\/types\/product"}],"replies":[{"embeddable":true,"href":"http:\/\/ohrija.com\/de\/wp-json\/wp\/v2\/comments?post=9674"}],"version-history":[{"count":0,"href":"http:\/\/ohrija.com\/de\/wp-json\/wp\/v2\/product\/9674\/revisions"}],"wp:featuredmedia":[{"embeddable":true,"href":"http:\/\/ohrija.com\/de\/wp-json\/wp\/v2\/media\/9680"}],"wp:attachment":[{"href":"http:\/\/ohrija.com\/de\/wp-json\/wp\/v2\/media?parent=9674"}],"wp:term":[{"taxonomy":"product_cat","embeddable":true,"href":"http:\/\/ohrija.com\/de\/wp-json\/wp\/v2\/product_cat?post=9674"},{"taxonomy":"product_tag","embeddable":true,"href":"http:\/\/ohrija.com\/de\/wp-json\/wp\/v2\/product_tag?post=9674"}],"curies":[{"name":"wp","href":"https:\/\/api.w.org\/{rel}","templated":true}]}}