{"id":9094,"date":"2024-09-20T22:52:33","date_gmt":"2024-09-20T14:52:33","guid":{"rendered":"https:\/\/ohrija.com\/?post_type=product&#038;p=9094"},"modified":"2026-03-23T08:15:18","modified_gmt":"2026-03-23T08:15:18","slug":"12v-power-supply-12v-83a-1000w-ac-to-dc-converter-110v-120v-to-12v-transformer-led-driver-smart-cooling-fan-designed-for-led-strip-cctv-and-car-devices","status":"publish","type":"product","link":"http:\/\/ohrija.com\/de\/produkt\/12v-power-supply-12v-83a-1000w-ac-to-dc-converter-110v-120v-to-12v-transformer-led-driver-smart-cooling-fan-designed-for-led-strip-cctv-and-car-devices\/","title":{"rendered":"12-V-Stromversorgung 12 V 83 A 1000 W Wechselstrom-Gleichstrom-Wandler 110 V\/120 V bis 12 V Transformator LED-Treiber Intelligenter L\u00fcfter Entwickelt f\u00fcr LED-Streifen CCTV- und Fahrzeugger\u00e4te"},"content":{"rendered":"<h4><span style=\"color: #ff0000;\">Warnung<\/span><\/h4>\n<p>Bitte best\u00e4tigen Sie die erforderlichen Parameter, Eingangsstecker . Wenn Sie dies nicht best\u00e4tigen k\u00f6nnen, kaufen Sie bitte nicht und wenden Sie sich an den Kundendienst, um Unterst\u00fctzung zu erhalten.  Vielen Dank!<br \/>\n1. Nicht in Umgebungen mit hohen Temperaturen, Dunkelheit und Feuchtigkeit verwenden.<br \/>\n2. Bewahren Sie es in einer gut bel\u00fcfteten Umgebung auf.<br \/>\n3. Von brennbaren und explosiven Gegenst\u00e4nden fernhalten.<\/p>\n<h4>Produktparameter<\/h4>\n<ul class=\"a-unordered-list a-vertical a-spacing-mini\">\n<li class=\"a-spacing-mini\"><span class=\"a-list-item\">\u3010Verbesserter 110-V-Wechselstrom-zu-12-V-Gleichstrom-Wandler\u3011Dieses umfassende 12-V-Netzteil unterst\u00fctzt sowohl 110-V- als auch 220-V-Eingangsspannungen, die \u00fcber einen Seitenschalter nahtlos umgeschaltet werden k\u00f6nnen, sodass es weltweit einsetzbar ist. Seine Ausgangsspannung betr\u00e4gt 12 V mit einem Einstellbereich von 5%. Die Nennleistung betr\u00e4gt zwar 1000 W, es wird jedoch empfohlen, nicht mehr als 80% dieser Nennleistung zu verwenden, um eine lange Lebensdauer zu gew\u00e4hrleisten.<\/span><\/li>\n<li class=\"a-spacing-mini\"><span class=\"a-list-item\">\u3010Robustes Aluminiumgeh\u00e4use mit effizientem K\u00fchlungsdesign\u3011Mit seinem Aluminiumgeh\u00e4use ist dieser Wechselstrom-Gleichstrom-Wandler von 110 V auf 12 V sowohl robust als auch elegant. Sein skelettiertes Design verbessert nicht nur die \u00c4sthetik, sondern k\u00fchlt auch die 12-V-Gleichstromversorgung effizient und verbessert so die Effizienz. Der eingebaute L\u00fcfter mit W\u00e4rmeableitungsl\u00f6chern und Temperaturdetektor startet automatisch, wenn die Innentemperatur zu hoch ist, um eine intelligente K\u00fchlung zu gew\u00e4hrleisten.<\/span><\/li>\n<li class=\"a-spacing-mini\"><span class=\"a-list-item\">\u3010Hochwertige interne Komponenten f\u00fcr eine stabile Strom\u00fcbertragung\u3011F\u00fcr die internen Komponenten verwenden wir hochwertige sauerstofffreie Spulen und Transformatoren, um eine stabile Strom\u00fcbertragung zu gew\u00e4hrleisten, Energieverluste zu minimieren und die Gesamtleistung des Produkts zu verbessern. Dar\u00fcber hinaus filtern EMI-Filterkondensatoren Streuwellen und Stromst\u00f6rungen effektiv heraus, um die Reinheit des Ausgangsstroms aufrechtzuerhalten. Mit seinem fortschrittlichen Chipdesign bietet es eine stabile und sichere 12-Volt-Stromversorgung f\u00fcr angeschlossene Ger\u00e4te.<\/span><\/li>\n<li class=\"a-spacing-mini\"><span class=\"a-list-item\">\u3010Mehrere Sicherheitsfunktionen f\u00fcr zuverl\u00e4ssigen Betrieb\u3011Dieser LED-Treiber verf\u00fcgt \u00fcber mehrere Sicherheitsfunktionen, darunter Kurzschluss-, \u00dcberstrom-, \u00dcberlast- und \u00dcbertemperaturschutz. Eine Status-Anzeigeleuchte dient als visuelle Anzeige; wenn sie leuchtet, zeigt dies einen normalen Betrieb an. Wenn die Leuchte zu blinken beginnt, bedeutet dies, dass der Treiber seinen vorgesehenen Schutzschwellenwert \u00fcberschritten hat. In solchen F\u00e4llen \u00fcberpr\u00fcfen Sie bitte die angeschlossenen Ger\u00e4te und Stromzuf\u00fchrungen und ergreifen Sie geeignete Ma\u00dfnahmen.<\/span><\/li>\n<li class=\"a-spacing-mini\"><span class=\"a-list-item\">\u3010Vielseitiger Stromrichter f\u00fcr vielf\u00e4ltige Anwendungen\u3011Dieser vielseitige Transformator ist f\u00fcr eine Vielzahl von Ger\u00e4ten und Szenarien ausgelegt, darunter LED-Leuchten, Haussicherheitssysteme, Automobilsysteme, Industrieanlagen und vieles mehr. Mit einem 12-V-Stromrichter wandelt er Wechselstrom nahtlos in Gleichstrom um und ist damit der perfekte Begleiter f\u00fcr Ihren Strombedarf, egal ob zu Hause, im Auto oder anderswo.<\/span><\/li>\n<\/ul>\n<p>&nbsp;<\/p>","protected":false},"excerpt":{"rendered":"<p>Warning Please confirm the required parameters, input plug . If you cannot confirm, please do not buy or contact customer service for support.\u00a0 Thank you! 1. Do not use in high temperature, dark and humid environment 2. Keep it in a ventilated environment 3. Keep away from flammable and explosive items Product parameters \u3010Upgraded 110V&hellip;<\/p>","protected":false},"featured_media":9101,"comment_status":"open","ping_status":"closed","template":"","meta":[],"product_cat":[331],"product_tag":[],"class_list":{"0":"post-9094","1":"product","2":"type-product","3":"status-publish","4":"has-post-thumbnail","6":"product_brand-ohrija","7":"product_cat-dc-12v-power","8":"product_shipping_class-600w","10":"first","11":"instock","12":"taxable","13":"shipping-taxable","14":"purchasable","15":"product-type-variable","16":"wvs-archive-product-wrapper","17":"col-xs-6 col-sm-4","18":"col-md-3 col-lg-3","19":"un-4-cols"},"jetpack_sharing_enabled":true,"_links":{"self":[{"href":"http:\/\/ohrija.com\/de\/wp-json\/wp\/v2\/product\/9094","targetHints":{"allow":["GET"]}}],"collection":[{"href":"http:\/\/ohrija.com\/de\/wp-json\/wp\/v2\/product"}],"about":[{"href":"http:\/\/ohrija.com\/de\/wp-json\/wp\/v2\/types\/product"}],"replies":[{"embeddable":true,"href":"http:\/\/ohrija.com\/de\/wp-json\/wp\/v2\/comments?post=9094"}],"version-history":[{"count":1,"href":"http:\/\/ohrija.com\/de\/wp-json\/wp\/v2\/product\/9094\/revisions"}],"predecessor-version":[{"id":37354,"href":"http:\/\/ohrija.com\/de\/wp-json\/wp\/v2\/product\/9094\/revisions\/37354"}],"wp:featuredmedia":[{"embeddable":true,"href":"http:\/\/ohrija.com\/de\/wp-json\/wp\/v2\/media\/9101"}],"wp:attachment":[{"href":"http:\/\/ohrija.com\/de\/wp-json\/wp\/v2\/media?parent=9094"}],"wp:term":[{"taxonomy":"product_cat","embeddable":true,"href":"http:\/\/ohrija.com\/de\/wp-json\/wp\/v2\/product_cat?post=9094"},{"taxonomy":"product_tag","embeddable":true,"href":"http:\/\/ohrija.com\/de\/wp-json\/wp\/v2\/product_tag?post=9094"}],"curies":[{"name":"wp","href":"https:\/\/api.w.org\/{rel}","templated":true}]}}