{"id":8499,"date":"2024-07-03T11:33:01","date_gmt":"2024-07-03T03:33:01","guid":{"rendered":"https:\/\/ohrija.com\/?post_type=product&#038;p=8499"},"modified":"2025-03-16T18:15:13","modified_gmt":"2025-03-16T18:15:13","slug":"58-8-v-5a-oled-motorcycle-battery-charger","status":"publish","type":"product","link":"http:\/\/ohrija.com\/de\/produkt\/58-8-v-5a-oled-motorcycle-battery-charger\/","title":{"rendered":"Das OHRIJA Motorrad-Ladeger\u00e4t 58,8 V 5 A OLED eignet sich f\u00fcr 14S 48 V Li-Ionen-Akkus."},"content":{"rendered":"<h4><span style=\"color: #ff0000;\">Warnung<\/span><\/h4>\n<p>Bitte \u00fcberpr\u00fcfen Sie die erforderlichen Parameter, den Eingangsstecker und den Ausgangsstecker. Wenn Sie diese nicht best\u00e4tigen k\u00f6nnen, kaufen Sie das Produkt bitte nicht und wenden Sie sich an den Kundendienst, um Unterst\u00fctzung zu erhalten. (Es kommt zu einem 10%-Fehler zwischen dem Bildschirm und den tats\u00e4chlichen Parametern. Wenn Sie damit nicht einverstanden sind, kaufen Sie das Produkt bitte nicht.) Vielen Dank!<br \/>\n1. Nicht in Umgebungen mit hohen Temperaturen, Dunkelheit und Feuchtigkeit verwenden.<br \/>\n2. Bewahren Sie es in einer gut bel\u00fcfteten Umgebung auf.<br \/>\n3. Von brennbaren und explosiven Gegenst\u00e4nden fernhalten.<\/p>\n<h4>Produktparameter<\/h4>\n<p>Produktmodell: HRH300<br \/>\nProduktmaterial: Geh\u00e4use aus Aluminiumlegierung<br \/>\nAusgangsspannung: maximal 58,8 V \u00b10,2 V<br \/>\nAusgangsstrom: maximal 5 Ampere \u00b10,2 A<br \/>\nProduktgr\u00f6\u00dfe: 135 \u00d7 90 \u00d7 50 mm, 0,9 kg<br \/>\nGeeigneter Akkutyp: 14S 51,8V Lithium-Ionen-Akku<br \/>\nLeistung: maximal 290 W<br \/>\nFarbe: schwarz, silber, rot, blau, gr\u00fcn optional<br \/>\nEingangsstecker: US, EU, UK, AU (w\u00e4hlen Sie den richtigen Stecker gem\u00e4\u00df den \u00f6rtlichen Normen)<br \/>\nAusgangsanschluss: XT60 | XT90 | Krokodilklemme | Anderson 50A | DC5,5*2,5 | GX16 1+3- | XLR | IEC C13 | Anderson 45A (w\u00e4hlen Sie den richtigen Anschluss entsprechend dem Batterieanschluss)<br \/>\nLieferumfang: Ladeger\u00e4t*1, DC-Ausgangskabel 1 m*1, Eingangskabel 1 m*1, Bedienungsanleitung*1<\/p>\n<h4>Produktvorstellung<\/h4>\n<p><strong>1. Effizientes Laden<\/strong><br \/>\nDurch den Einsatz fortschrittlicher Schaltnetzteiltechnologie erreicht die Ladeeffizienz einen Wert von 85% oder mehr, wodurch die Ladezeit verk\u00fcrzt und der Energieverbrauch gesenkt wird.<br \/>\n<strong>2. Konstantspannungs- und Konstantstrom-Lademodus<\/strong><br \/>\nDas Ladeger\u00e4t arbeitet im Konstantstrommodus (CC), bis die Batteriespannung den eingestellten Wert (58,8 V) erreicht, und schaltet dann in den Konstantspannungsmodus (CV), um die Sicherheit des Ladevorgangs zu gew\u00e4hrleisten und eine \u00dcberladung zu vermeiden.<br \/>\n<strong>3. Intelligente Temperaturregelung\u00a0<\/strong><br \/>\nDer integrierte Temperatursensor kann die Temperatur des Ladeger\u00e4ts in Echtzeit \u00fcberwachen. Wenn die Temperatur den sicheren Bereich \u00fcberschreitet, reduziert er automatisch den Ladestrom oder unterbricht den Ladevorgang, um eine \u00dcberhitzung zu verhindern.<br \/>\n<strong>4. Mehrere Schutzfunktionen<\/strong><br \/>\n<strong>\u00b7 <\/strong>\u00dcberspannungsschutz: Wenn die Spannung den sicheren Bereich \u00fcberschreitet, unterbricht das Ladeger\u00e4t automatisch die Stromzufuhr, um Sch\u00e4den an der Batterie zu verhindern.<br \/>\n<strong>\u00b7 <\/strong>\u00dcberstromschutz: Wenn der Strom den Nennwert \u00fcberschreitet, wird der Ausgangsstrom automatisch begrenzt, um die Batterie und das Ladeger\u00e4t zu sch\u00fctzen.<br \/>\n<strong>\u00b7 <\/strong>Kurzschlussschutz: Das Ladeger\u00e4t verf\u00fcgt \u00fcber eine Kurzschlussschutzfunktion, um Gefahren durch Kurzschl\u00fcsse zu vermeiden.<br \/>\n<strong>\u00b7 <\/strong>Verpolungsschutz: Bei Verpolung der Batterie unterbricht das Ladeger\u00e4t automatisch den Ladevorgang, um Sch\u00e4den an Batterie und Ladeger\u00e4t zu vermeiden.<br \/>\n<strong>5 LED-Anzeigeleuchten<\/strong><br \/>\nDas Ladeger\u00e4t ist mit LED-Anzeigeleuchten ausgestattet, die den aktuellen Ladezustand anzeigen:<br \/>\n<strong>\u00b7 <\/strong>Rotes Licht: Laden.<br \/>\n<strong>\u00b7 <\/strong> Gr\u00fcnes Licht: Ladevorgang abgeschlossen oder Standby.<br \/>\n<strong>6 Spannung und Strom k\u00f6nnen kalibriert werden<\/strong><br \/>\n<strong>\u00b7 <\/strong>Der einstellbare Widerstand VR1 im Ladeger\u00e4t kann zwischen 50 und 59 V kalibriert werden.<br \/>\n<strong>\u00b7 <\/strong>Der einstellbare Widerstand VR2 kann den Strom zwischen 4 und 5 Ampere kalibrieren.<br \/>\n<strong>\u00b7 <\/strong>Das Ladeger\u00e4t ben\u00f6tigt eine Batteriespannung von mindestens 36 V, um zu funktionieren.<br \/>\n<strong>\u00b7 <\/strong>Das Ladeger\u00e4t kann Spannung und Strom direkt ausgeben und somit als Adapter verwendet werden.<\/p>\n<h2>Motorrad-Batterieladeger\u00e4t Geeignete Ger\u00e4te<\/h2>\n<p>\u00b7 Dies <a href=\"https:\/\/ohrija.com\/de\/produkt\/58-8-4v-5a-oled-charger-li-ion-battery-charger\/\">58,8V 5A<\/a> Das Ladeger\u00e4t ist f\u00fcr Elektrofahrr\u00e4der, Elektroroller und andere Ger\u00e4te mit Lithium-Ionen-Akkus konzipiert. Das Ladeger\u00e4t nutzt eine hocheffiziente Umwandlungstechnologie, um ein schnelles und sicheres Laden der Akkus zu gew\u00e4hrleisten und deren Lebensdauer zu verl\u00e4ngern.<br \/>\nDas Ladeger\u00e4t ist nur f\u00fcr 14S 51,8V Lithium-Ionen-Akkus geeignet, <a href=\"https:\/\/ohrija.com\/de\/produkt\/58-8-4v-5a-oled-charger-li-ion-battery-charger\/\">Ladeger\u00e4te f\u00fcr Elektrofahrr\u00e4der<\/a>, Elektro-Roller-Ladeger\u00e4te und andere 14S 51,8V Lithium-Ionen-Batterie-Ger\u00e4te.Motorrad-Batterie-Ladeger\u00e4t.<\/p>\n<h4>Ladezeit<\/h4>\n<p>\u00b7 Die <a href=\"https:\/\/ohrija.com\/de\/produkt\/58-8-4v-5a-oled-charger-li-ion-battery-charger\/\">58,8V 5A Li-Ionen-Akku-Ladeger\u00e4t<\/a> ist f\u00fcr das schnelle Laden von 14S 51,8V Li-Ionen-Akkus konzipiert und kann 14S 51,8V Li-Ionen-Akkus mit einer Rate von 5 Ampere laden.<br \/>\n- Mit einer maximalen Spannung von 58,8 V und einem Nennstrom von 5 A kann es einen 30-Ah-Li-Ionen-Akku in etwa 6 Stunden und einen 60-Ah-Akku in etwa 12 Stunden vollst\u00e4ndig aufladen. Ein 120-Ah-Akku kann in 24 Stunden vollst\u00e4ndig aufgeladen werden. F\u00fcr kleinere Batterien (&lt;10Ah) empfehlen wir die Verwendung eines <a href=\"https:\/\/ohrija.com\/de\/produkt\/ohrija-58-8v-3a-charger-li-ion-battery-charger\/\">3A-Ladeger\u00e4t<\/a>. Alle Li-Ionen-Akkus sollten mit einem Ladeger\u00e4t aufgeladen werden, das mit Li-Ionen-Akkus kompatibel ist, wie beispielsweise dieses. Die Verwendung anderer Ladeger\u00e4te zum Aufladen des Akkus beeintr\u00e4chtigt die Leistung und Lebensdauer des Akkus.<\/p>\n<h4>H\u00e4ufig gestellte Fragen<\/h4>\n<p>1. Funktioniert nicht<br \/>\n\u00b7 \u00dcberpr\u00fcfen Sie, ob die Wechselstrom-Eingangsspannung 110 oder 220 V betr\u00e4gt.<br \/>\n\u00b7 \u00dcberpr\u00fcfen Sie, ob der Eingangs-Wechselstromanschluss korrekt angeschlossen ist und ob die Sicherung besch\u00e4digt ist.<br \/>\n\u00b7 \u00dcberpr\u00fcfen Sie, ob der Ausgangsstecker richtig angeschlossen ist, ob er passt und ob die Sicherung besch\u00e4digt ist.<br \/>\n\u00b7 \u00dcberpr\u00fcfen Sie, ob das BMS-System gesch\u00fctzt ist.<br \/>\n2. Wie laut ist das Ger\u00e4usch?<br \/>\nDa sich im Ladeger\u00e4t ein L\u00fcfter befindet, betr\u00e4gt die Ger\u00e4uschentwicklung etwa 40\u201360 dB.<\/p>","protected":false},"excerpt":{"rendered":"<p>Motorrad-Batterieladeger\u00e4t Li-Ionen-Batterieladeger\u00e4t, Aluminiumlegierung, interner Einstellknopf, kann Spannung und Strom kalibrieren, kann 7S 24V Lithium-Ionen-Batterien laden<\/p>","protected":false},"featured_media":9411,"comment_status":"open","ping_status":"closed","template":"","meta":[],"product_cat":[285],"product_tag":[],"class_list":{"0":"post-8499","1":"product","2":"type-product","3":"status-publish","4":"has-post-thumbnail","6":"product_brand-ohrija","7":"product_cat-14s-58-8v-charger","8":"product_shipping_class-180w","10":"first","11":"instock","12":"taxable","13":"shipping-taxable","14":"purchasable","15":"product-type-variable","16":"wvs-archive-product-wrapper","17":"col-xs-6 col-sm-4","18":"col-md-3 col-lg-3","19":"un-4-cols"},"jetpack_sharing_enabled":true,"_links":{"self":[{"href":"http:\/\/ohrija.com\/de\/wp-json\/wp\/v2\/product\/8499","targetHints":{"allow":["GET"]}}],"collection":[{"href":"http:\/\/ohrija.com\/de\/wp-json\/wp\/v2\/product"}],"about":[{"href":"http:\/\/ohrija.com\/de\/wp-json\/wp\/v2\/types\/product"}],"replies":[{"embeddable":true,"href":"http:\/\/ohrija.com\/de\/wp-json\/wp\/v2\/comments?post=8499"}],"version-history":[{"count":0,"href":"http:\/\/ohrija.com\/de\/wp-json\/wp\/v2\/product\/8499\/revisions"}],"wp:featuredmedia":[{"embeddable":true,"href":"http:\/\/ohrija.com\/de\/wp-json\/wp\/v2\/media\/9411"}],"wp:attachment":[{"href":"http:\/\/ohrija.com\/de\/wp-json\/wp\/v2\/media?parent=8499"}],"wp:term":[{"taxonomy":"product_cat","embeddable":true,"href":"http:\/\/ohrija.com\/de\/wp-json\/wp\/v2\/product_cat?post=8499"},{"taxonomy":"product_tag","embeddable":true,"href":"http:\/\/ohrija.com\/de\/wp-json\/wp\/v2\/product_tag?post=8499"}],"curies":[{"name":"wp","href":"https:\/\/api.w.org\/{rel}","templated":true}]}}