{"id":8921,"date":"2024-08-17T17:09:51","date_gmt":"2024-08-17T09:09:51","guid":{"rendered":"https:\/\/ohrija.com\/?page_id=8921"},"modified":"2024-12-08T09:14:48","modified_gmt":"2024-12-08T09:14:48","slug":"groshandel-direktversand-und-anpassung","status":"publish","type":"page","link":"http:\/\/ohrija.com\/de\/groshandel-direktversand-und-anpassung\/","title":{"rendered":"GROSSHANDEL, DIREKTVERSAND, INDIVIDUELLE ANPASSUNG"},"content":{"rendered":"<div data-elementor-type=\"wp-page\" data-elementor-id=\"8921\" class=\"elementor elementor-8921\" data-elementor-post-type=\"page\">\n\t\t\t\t<div class=\"elementor-element elementor-element-31cc39d e-flex e-con-boxed e-con e-parent\" data-id=\"31cc39d\" data-element_type=\"container\">\n\t\t\t\t\t<div class=\"e-con-inner\">\n\t\t\t\t<div class=\"elementor-element elementor-element-5f44f93 elementor-widget elementor-widget-text-editor\" data-id=\"5f44f93\" data-element_type=\"widget\" data-widget_type=\"text-editor.default\">\n\t\t\t\t<div class=\"elementor-widget-container\">\n\t\t\t\t\t\t\t\t\t<p>Gro\u00dfhandels- und Anpassungsrichtlinien f\u00fcr Gesch\u00e4fte<br \/>I. Gro\u00dfhandelspolitik<br \/>1. Gro\u00dfhandelsqualifikationen<br \/>Kunden m\u00fcssen rechtm\u00e4\u00dfig registrierte Unternehmen oder Institutionen sein, die \u00fcber g\u00fcltige Gewerbescheine und Steuerregistrierungsbescheinigungen verf\u00fcgen.<br \/>Gro\u00dfhandelskunden m\u00fcssen das vom Gesch\u00e4ft festgelegte Mindestabnahmevolumen erreichen, um Gro\u00dfhandelspreise in Anspruch nehmen zu k\u00f6nnen.<br \/>2. Gro\u00dfhandelsrabatte<br \/>Basierend auf dem Einkaufsvolumen bietet das Gesch\u00e4ft eine gestaffelte Rabattpolitik an. Je gr\u00f6\u00dfer das Einkaufsvolumen, desto h\u00f6her der Rabatt.<br \/>F\u00fcr einige Produkte gelten m\u00f6glicherweise keine Gro\u00dfhandelsrabatte. N\u00e4here Informationen erhalten Sie vom Verkaufspersonal im Gesch\u00e4ft.<br \/>3. Bestellvorgang<br \/>Gro\u00dfhandelsbestellungen m\u00fcssen \u00fcber die offiziellen Kan\u00e4le des Gesch\u00e4fts (wie Websites, Telefon oder E-Mail) aufgegeben werden.<br \/>Nachdem der Kunde eine Bestellung aufgegeben hat, best\u00e4tigt das Gesch\u00e4ft dem Kunden die Bestelldetails, einschlie\u00dflich Menge, Preis und Liefertermin.<br \/>4. Zahlungsweise<br \/>Die Zahlungsmethode f\u00fcr Gro\u00dfhandelsbestellungen kann Bank\u00fcberweisung, Kreditkartenzahlung oder andere vom Gesch\u00e4ft anerkannte Zahlungsmethoden sein.<br \/>Bei Erstkunden kann der Laden eine vollst\u00e4ndige Vorauszahlung verlangen; Langzeitkunden k\u00f6nnen Kreditbedingungen aushandeln.<br \/>5. Transport und Lieferung<br \/>Unser Shop bietet verschiedene Versandarten an, und Kunden k\u00f6nnen je nach Bedarf die f\u00fcr sie am besten geeignete Versandart ausw\u00e4hlen.<br \/>Die Transportkosten werden auf der Grundlage des Bestellvolumens, des Gewichts und des Bestimmungsortes berechnet. Die genauen Kosten werden dem Kunden bei Best\u00e4tigung der Bestellung mitgeteilt.<br \/>6. R\u00fcckgabe- und Umtauschrichtlinien<br \/>Gro\u00dfhandelsbestellungen unterst\u00fctzen in der Regel keine bedingungslosen R\u00fcckgaben und Umtausch, es sei denn, das Produkt weist Qualit\u00e4tsprobleme auf oder entspricht nicht der Bestellung.<br \/>Wenn aufgrund von Qualit\u00e4tsproblemen eine R\u00fcckgabe oder ein Umtausch erforderlich ist, muss sich der Kunde innerhalb von 7 Tagen nach Erhalt mit dem Gesch\u00e4ft in Verbindung setzen und entsprechende Nachweise vorlegen.<br \/>II. Anpassungsrichtlinie<br \/>1. Umfang der Anpassung<br \/>Unser Shop bietet Anpassungsdienste f\u00fcr eine Vielzahl von Produkten, einschlie\u00dflich, aber nicht beschr\u00e4nkt auf Gr\u00f6\u00dfe, Farbe, Material, Verpackung usw.<br \/>Kunden m\u00fcssen detaillierte Anpassungsanforderungen angeben, und unser Gesch\u00e4ft erstellt auf Grundlage der Kundenanforderungen Anpassungspl\u00e4ne und Angebote.<br \/>2. Anpassungsprozess<br \/>Kunden m\u00fcssen ihre Anpassungsw\u00fcnsche einreichen, und unser Gesch\u00e4ft wird auf Grundlage dieser Anforderungen Muster oder Konstruktionszeichnungen zur Best\u00e4tigung durch den Kunden erstellen.<br \/>Nachdem die Probe best\u00e4tigt wurde, wird das Gesch\u00e4ft die Serienproduktion veranlassen, und der Produktionszyklus wird entsprechend den Anpassungsanforderungen und dem Produktionsfortschritt festgelegt.<br \/>3. Anpassungsgeb\u00fchren<br \/>Der Preis f\u00fcr kundenspezifische Produkte richtet sich nach der Komplexit\u00e4t der Anpassung, den Rohstoffkosten, den Produktionsprozessen usw. Der konkrete Preis wird dem Kunden vor der Auftragsbest\u00e4tigung mitgeteilt.<br \/>F\u00fcr einige Anpassungen k\u00f6nnen Design- oder Mustergeb\u00fchren anfallen, die zwischen dem Gesch\u00e4ft und dem Kunden ausgehandelt und festgelegt werden.<br \/>4. Zahlungsmethode<br \/>F\u00fcr Sonderanfertigungen ist eine Anzahlung erforderlich, deren H\u00f6he in der Regel 30%-50% des Gesamtbestellwerts betr\u00e4gt.<br \/>Der Restbetrag muss vor oder bei Lieferung des Produkts bezahlt werden, wobei die Zahlungsmethode dieselbe ist wie bei Gro\u00dfhandelsbestellungen.<br \/>5. Lieferzeit<br \/>Die Lieferzeit f\u00fcr kundenspezifische Produkte h\u00e4ngt von den jeweiligen Anpassungsanforderungen ab. Der Shop teilt Ihnen den voraussichtlichen Liefertermin mit, sobald die Bestellung best\u00e4tigt wurde.<br \/>Wenn sich die Lieferung aufgrund h\u00f6herer Gewalt oder anderer besonderer Umst\u00e4nde verz\u00f6gert, wird das Gesch\u00e4ft rechtzeitig mit dem Kunden Kontakt aufnehmen, um eine L\u00f6sung zu finden.<br \/>6. R\u00fcckgabe- und Umtauschrichtlinien<br \/>Ma\u00dfgeschneiderte Produkte k\u00f6nnen in der Regel nicht zur\u00fcckgegeben oder umgetauscht werden, es sei denn, das Produkt entspricht nicht dem best\u00e4tigten Muster oder der Bestellung.<br \/>III. <a href=\"https:\/\/ohrija.goaffpro.com\/\" target=\"_blank\" rel=\"noopener\">Direktversand<\/a> Politik\u00a0<br \/>1. Alle Online-Produkte im Shop unterst\u00fctzen Dropshipping.<br \/>2. Voraussetzungen f\u00fcr Dropshipping<br \/>Der Kunde muss ein rechtm\u00e4\u00dfig registriertes Unternehmen, eine nat\u00fcrliche Person oder eine Einrichtung mit einer g\u00fcltigen Gewerbeberechtigung und einer Steuerregistrierungsbescheinigung sein.<br \/>3. Dropshipping-Rabatt<br \/>Gem\u00e4\u00df dem bestehenden Rabatt im Gesch\u00e4ft<br \/>4. Bestellvorgang<br \/>Dropshipping-Bestellungen m\u00fcssen \u00fcber die offiziellen Kan\u00e4le des Shops (z. B. Website, Telefon oder E-Mail) aufgegeben werden.<br \/>Nachdem der Kunde eine Bestellung aufgegeben hat, best\u00e4tigt das Gesch\u00e4ft dem Kunden die Bestelldetails, einschlie\u00dflich Menge, Preis und Liefertermin.<br \/>5. Zahlungsart<br \/>Die Zahlungsmethode f\u00fcr Gro\u00dfhandelsbestellungen kann die vollst\u00e4ndige Zahlung per Bank\u00fcberweisung, Kreditkartenzahlung oder andere vom Gesch\u00e4ft genehmigte Zahlungsmethoden sein.<br \/>6. Transport und Lieferung<br \/>Unser Shop bietet verschiedene Versandarten an, und Kunden k\u00f6nnen je nach Bedarf die f\u00fcr sie am besten geeignete Versandart ausw\u00e4hlen.<br \/>Die Transportkosten werden auf Grundlage des Bestellvolumens, des Gewichts und des Bestimmungsortes berechnet. Die genauen Kosten werden dem Kunden bei Best\u00e4tigung der Bestellung mitgeteilt.<br \/>7. R\u00fcckgabe- und Umtauschrichtlinien<br \/>Bestellungen, die im Auftrag anderer versandt werden, k\u00f6nnen in der Regel nicht ohne Angabe von Gr\u00fcnden zur\u00fcckgegeben oder umgetauscht werden, es sei denn, das Produkt weist Qualit\u00e4tsm\u00e4ngel auf oder entspricht nicht der Bestellung.<br \/>Wenn aufgrund von Qualit\u00e4tsproblemen eine R\u00fcckgabe oder ein Umtausch erforderlich ist, muss sich der Kunde innerhalb von 7 Tagen nach Erhalt mit unserem Gesch\u00e4ft in Verbindung setzen und entsprechende Nachweise vorlegen.<br \/>8. Affiliate-Provision<br \/>Je nach Allianzstufe wird die Provision in normale 3%, h\u00f6here 5% und spezielle 10% unterteilt.<\/p>\t\t\t\t\t\t\t\t<\/div>\n\t\t\t\t<\/div>\n\t\t\t\t\t<\/div>\n\t\t\t\t<\/div>\n\t\t<div class=\"elementor-element elementor-element-3b26b46 e-flex e-con-boxed e-con e-parent\" data-id=\"3b26b46\" data-element_type=\"container\">\n\t\t\t\t\t<div class=\"e-con-inner\">\n\t\t\t\t<div class=\"elementor-element elementor-element-f38a886 elementor-widget elementor-widget-button\" data-id=\"f38a886\" data-element_type=\"widget\" data-widget_type=\"button.default\">\n\t\t\t\t<div class=\"elementor-widget-container\">\n\t\t\t\t\t\t\t\t\t<div class=\"elementor-button-wrapper\">\n\t\t\t\t\t<a class=\"elementor-button elementor-button-link elementor-size-sm\" href=\"https:\/\/ohrija.goaffpro.com\/\" target=\"_blank\" rel=\"noopener\">\n\t\t\t\t\t\t<span class=\"elementor-button-content-wrapper\">\n\t\t\t\t\t\t\t\t\t<span class=\"elementor-button-text\">Nehmen Sie an unserem Partnerprogramm teil und verdienen Sie Provisionen.<\/span>\n\t\t\t\t\t<\/span>\n\t\t\t\t\t<\/a>\n\t\t\t\t<\/div>\n\t\t\t\t\t\t\t\t<\/div>\n\t\t\t\t<\/div>\n\t\t\t\t\t<\/div>\n\t\t\t\t<\/div>\n\t\t\t\t<\/div>","protected":false},"excerpt":{"rendered":"<p>Store wholesale and customization policyI. Wholesale policy1. Wholesale qualificationsCustomers must be legally registered companies or institutions, holding valid business licenses and tax registration certificates.Wholesale customers must reach the minimum purchase volume specified by the store to enjoy wholesale prices.2. Wholesale discountsBased on the purchase volume, the store will provide a tiered discount policy. The larger&hellip;<\/p>","protected":false},"author":1,"featured_media":0,"parent":0,"menu_order":0,"comment_status":"closed","ping_status":"closed","template":"","meta":{"footnotes":""},"class_list":["post-8921","page","type-page","status-publish","hentry"],"jetpack_sharing_enabled":true,"_links":{"self":[{"href":"http:\/\/ohrija.com\/de\/wp-json\/wp\/v2\/pages\/8921","targetHints":{"allow":["GET"]}}],"collection":[{"href":"http:\/\/ohrija.com\/de\/wp-json\/wp\/v2\/pages"}],"about":[{"href":"http:\/\/ohrija.com\/de\/wp-json\/wp\/v2\/types\/page"}],"author":[{"embeddable":true,"href":"http:\/\/ohrija.com\/de\/wp-json\/wp\/v2\/users\/1"}],"replies":[{"embeddable":true,"href":"http:\/\/ohrija.com\/de\/wp-json\/wp\/v2\/comments?post=8921"}],"version-history":[{"count":0,"href":"http:\/\/ohrija.com\/de\/wp-json\/wp\/v2\/pages\/8921\/revisions"}],"wp:attachment":[{"href":"http:\/\/ohrija.com\/de\/wp-json\/wp\/v2\/media?parent=8921"}],"curies":[{"name":"wp","href":"https:\/\/api.w.org\/{rel}","templated":true}]}}